{"id":33495,"date":"2025-04-10T12:10:14","date_gmt":"2025-04-10T10:10:14","guid":{"rendered":"https:\/\/myspainfood.com\/producto\/hjertemuslinger-natur-45-65-areoso\/"},"modified":"2025-04-10T12:10:14","modified_gmt":"2025-04-10T10:10:14","slug":"hjertemuslinger-natur-45-65-areoso","status":"publish","type":"product","link":"https:\/\/myspainfood.com\/da\/producto\/hjertemuslinger-natur-45-65-areoso\/","title":{"rendered":"Hjertemuslinger natur 45\/65 Areoso"},"content":{"rendered":"<p>Produkt: Hjertemuslinger 45\/65 stykker.<\/p>\n<p>Ingredienser: Hjertemusling, vand og salt<\/p>\n<p>TILBEREDELSESPROCESSEN: Hjertemuslinger tilberedes p\u00e5 samme m\u00e5de som muslinger, selvom de ikke er et lige s\u00e5 delikat produkt som muslinger. Processen er som f\u00f8lger: De koges i vand med de korrekte hygiejniske og sundhedsm\u00e6ssige egenskaber. Hele afskallings- og sorteringsprocessen er automatiseret. Derefter vaskes de igen i varmt vand, og derfra pakkes de. Derefter tils\u00e6ttes d\u00e6kv\u00e6sken, som i dette tilf\u00e6lde er naturligt vand. Den lukkes og steriliseres med de karakteristiske og passende parametre for dette produkt. S\u00e5 er den klar til opbevaring og salg.      <\/p>\n","protected":false},"excerpt":{"rendered":"<p>Produkt: Hjertemuslinger 45\/65 stykker. Ingredienser: Hjertemusling, vand og salt TILBEREDELSESPROCESSEN: Hjertemuslinger tilberedes p\u00e5 samme m\u00e5de som muslinger, selvom de ikke er et lige s\u00e5 delikat produkt som muslinger. Processen er som f\u00f8lger: De koges i vand med de korrekte hygiejniske og sundhedsm\u00e6ssige egenskaber. Hele afskallings- og sorteringsprocessen er automatiseret. Derefter vaskes de igen i varmt [&hellip;]<\/p>\n","protected":false},"featured_media":33498,"template":"","meta":{"_et_pb_use_builder":"","_et_pb_old_content":"","_et_gb_content_width":""},"product_brand":[1358,1075],"product_cat":[5678,1648],"product_tag":[],"class_list":{"0":"post-33495","1":"product","2":"type-product","3":"status-publish","4":"has-post-thumbnail","6":"product_brand-areoso","7":"product_brand-oti","8":"product_cat-hjertemuslinger","9":"product_cat-konserves","11":"first","12":"outofstock","13":"sale","14":"taxable","15":"shipping-taxable","16":"purchasable","17":"product-type-simple"},"_links":{"self":[{"href":"https:\/\/myspainfood.com\/da\/wp-json\/wp\/v2\/product\/33495","targetHints":{"allow":["GET"]}}],"collection":[{"href":"https:\/\/myspainfood.com\/da\/wp-json\/wp\/v2\/product"}],"about":[{"href":"https:\/\/myspainfood.com\/da\/wp-json\/wp\/v2\/types\/product"}],"wp:featuredmedia":[{"embeddable":true,"href":"https:\/\/myspainfood.com\/da\/wp-json\/wp\/v2\/media\/33498"}],"wp:attachment":[{"href":"https:\/\/myspainfood.com\/da\/wp-json\/wp\/v2\/media?parent=33495"}],"wp:term":[{"taxonomy":"product_brand","embeddable":true,"href":"https:\/\/myspainfood.com\/da\/wp-json\/wp\/v2\/product_brand?post=33495"},{"taxonomy":"product_cat","embeddable":true,"href":"https:\/\/myspainfood.com\/da\/wp-json\/wp\/v2\/product_cat?post=33495"},{"taxonomy":"product_tag","embeddable":true,"href":"https:\/\/myspainfood.com\/da\/wp-json\/wp\/v2\/product_tag?post=33495"}],"curies":[{"name":"wp","href":"https:\/\/api.w.org\/{rel}","templated":true}]}}