{"id":33955,"date":"2025-04-10T12:10:21","date_gmt":"2025-04-10T10:10:21","guid":{"rendered":"https:\/\/myspainfood.com\/producto\/knivmuslinger-i-olivenolie-areoso-115-g\/"},"modified":"2025-04-10T12:10:21","modified_gmt":"2025-04-10T10:10:21","slug":"knivmuslinger-i-olivenolie-areoso-115-g","status":"publish","type":"product","link":"https:\/\/myspainfood.com\/da\/producto\/knivmuslinger-i-olivenolie-areoso-115-g\/","title":{"rendered":"Knivmuslinger i olivenolie Areoso 115 g"},"content":{"rendered":"<p>Produkt: Knivmuslinger i olivenolie<\/p>\n<p>Specifikationer: Knivmuslinger (Ensis arcuatus) fra den galiciske Rias, af ensartet st\u00f8rrelse i olivenolie. Renset og udvalgt i h\u00e5nden i hver d\u00e5se. <\/p>\n<p>Ingredienser: Knivmuslinger 56,5 %, olivenolie 43,5 % og salt.<\/p>\n<p>Produktionsprocessen: De knivmuslinger, der h\u00f8stes i de galiciske Rias, gennemg\u00e5r ligesom resten af bl\u00f8ddyrene en rensningsproces, s\u00e5 snart de kommer ind p\u00e5 fabrikken. De koges derefter i vand med de korrekte hygiejniske og sanit\u00e6re egenskaber; bl\u00f8ddyrene \u00e5bnes og afskalles derefter i h\u00e5nden, idet man er meget omhyggelig med ikke at \u00f8del\u00e6gge dem. Derefter vaskes de igen i varmt saltvand og pakkes. Bagefter tils\u00e6ttes en olivenolie for at skabe en glat tekstur og intens smag. Beholderne lukkes og steriliseres med de karakteristiske og passende parametre for dette produkt, hvilket skaber den perfekte atmosf\u00e6re til at blive konserveret i mange \u00e5r uden nogen form for konserveringsmidler eller kunstige tils\u00e6tningsstoffer. Derefter er den klar til opbevaring og salg.     <\/p>\n","protected":false},"excerpt":{"rendered":"<p>Produkt: Knivmuslinger i olivenolie Specifikationer: Knivmuslinger (Ensis arcuatus) fra den galiciske Rias, af ensartet st\u00f8rrelse i olivenolie. Renset og udvalgt i h\u00e5nden i hver d\u00e5se. Ingredienser: Knivmuslinger 56,5 %, olivenolie 43,5 % og salt. Produktionsprocessen: De knivmuslinger, der h\u00f8stes i de galiciske Rias, gennemg\u00e5r ligesom resten af bl\u00f8ddyrene en rensningsproces, s\u00e5 snart de kommer ind [&hellip;]<\/p>\n","protected":false},"featured_media":33962,"template":"","meta":{"_et_pb_use_builder":"","_et_pb_old_content":"","_et_gb_content_width":""},"product_brand":[1358],"product_cat":[7651,1648],"product_tag":[],"class_list":{"0":"post-33955","1":"product","2":"type-product","3":"status-publish","4":"has-post-thumbnail","6":"product_brand-areoso","7":"product_cat-barberblade","8":"product_cat-konserves","10":"first","11":"outofstock","12":"taxable","13":"shipping-taxable","14":"product-type-variable"},"_links":{"self":[{"href":"https:\/\/myspainfood.com\/da\/wp-json\/wp\/v2\/product\/33955","targetHints":{"allow":["GET"]}}],"collection":[{"href":"https:\/\/myspainfood.com\/da\/wp-json\/wp\/v2\/product"}],"about":[{"href":"https:\/\/myspainfood.com\/da\/wp-json\/wp\/v2\/types\/product"}],"wp:featuredmedia":[{"embeddable":true,"href":"https:\/\/myspainfood.com\/da\/wp-json\/wp\/v2\/media\/33962"}],"wp:attachment":[{"href":"https:\/\/myspainfood.com\/da\/wp-json\/wp\/v2\/media?parent=33955"}],"wp:term":[{"taxonomy":"product_brand","embeddable":true,"href":"https:\/\/myspainfood.com\/da\/wp-json\/wp\/v2\/product_brand?post=33955"},{"taxonomy":"product_cat","embeddable":true,"href":"https:\/\/myspainfood.com\/da\/wp-json\/wp\/v2\/product_cat?post=33955"},{"taxonomy":"product_tag","embeddable":true,"href":"https:\/\/myspainfood.com\/da\/wp-json\/wp\/v2\/product_tag?post=33955"}],"curies":[{"name":"wp","href":"https:\/\/api.w.org\/{rel}","templated":true}]}}