{"id":34104,"date":"2025-04-10T12:09:58","date_gmt":"2025-04-10T10:09:58","guid":{"rendered":"https:\/\/myspainfood.com\/producto\/banderillas-extra-krydret-chicon-900-gram-pakke-6-stk\/"},"modified":"2025-04-10T12:09:58","modified_gmt":"2025-04-10T10:09:58","slug":"banderillas-extra-krydret-chicon-900-gram-pakke-6-stk","status":"publish","type":"product","link":"https:\/\/myspainfood.com\/da\/producto\/banderillas-extra-krydret-chicon-900-gram-pakke-6-stk\/","title":{"rendered":"Banderillas Extra (krydret) Chic\u00f3n 900 gram pakke 6 stk."},"content":{"rendered":"<p>Banderillas extra picantes er <a href=\"https:\/\/aceitunaschiconlebron.com\/catalogo\/banderillas-picantes\/\" target=\"_blank\" rel=\"noopener noreferrer nofollow\">pickles<\/a>, der spises som forret hver dag i mange hj\u00f8rner af vores land.<\/p>\n<p>Blandingen af smage fra ingredienserne sammen med et strejf af eddike og chiliens skarphed giver en s\u00e6rlig smag til vores krydrede banderiller.<\/p>\n<p>De krydrede banderillas best\u00e5r normalt af asier, chili, l\u00f8g, oliven og peberfrugter. Det er derfor, blandingen af disse smage er s\u00e5 uds\u00f8gt. <\/p>\n<h3><strong>Fordele ved ekstra krydrede banderiller<\/strong><\/h3>\n<p>Kendte du til fordelene ved krydrede banderiller og pickles generelt? Her er en liste over de vigtigste: <\/p>\n<ul>\n<li>Rig p\u00e5 probiotika.<\/li>\n<li>De hj\u00e6lper p\u00e5 ford\u00f8jelsen.<\/li>\n<li>De styrker immunforsvaret.<\/li>\n<li>De reducerer sukkertrangen.<\/li>\n<li>Gunstig for galdebl\u00e6ren.<\/li>\n<\/ul>\n<p>&nbsp;<\/p>\n<p>Hvis du vil k\u00f8be oliven eller andre former for <a href=\"https:\/\/latiendadesami.com\/categoria-producto\/encurtidos\/\" rel=\"noopener noreferrer nofollow\" target=\"_blank\">syltede f\u00f8devarer<\/a>, s\u00e5 t\u00f8v ikke med at tage et kig p\u00e5 vores onlinekatalog for at se det store udvalg af <a href=\"https:\/\/latiendadesami.com\/categoria-producto\/encurtidos\/aceitunas\/\" target=\"_blank\" rel=\"noopener noreferrer nofollow\">oliven<\/a>, vi har.<\/p>\n","protected":false},"excerpt":{"rendered":"<p>banderillas picante<\/p>\n<p>Afh\u00e6nger af m\u00e6ngde<\/p>\n","protected":false},"featured_media":34110,"template":"","meta":{"_et_pb_use_builder":"","_et_pb_old_content":"","_et_gb_content_width":""},"product_brand":[1036],"product_cat":[3052,3172],"product_tag":[1651,2062],"class_list":{"0":"post-34104","1":"product","2":"type-product","3":"status-publish","4":"has-post-thumbnail","6":"product_brand-chicon","7":"product_cat-engroshandel-da","8":"product_cat-pickles-da-2","9":"product_tag-ekstra","10":"product_tag-krydret-da","12":"first","13":"instock","14":"taxable","15":"shipping-taxable","16":"purchasable","17":"product-type-variable"},"_links":{"self":[{"href":"https:\/\/myspainfood.com\/da\/wp-json\/wp\/v2\/product\/34104","targetHints":{"allow":["GET"]}}],"collection":[{"href":"https:\/\/myspainfood.com\/da\/wp-json\/wp\/v2\/product"}],"about":[{"href":"https:\/\/myspainfood.com\/da\/wp-json\/wp\/v2\/types\/product"}],"wp:featuredmedia":[{"embeddable":true,"href":"https:\/\/myspainfood.com\/da\/wp-json\/wp\/v2\/media\/34110"}],"wp:attachment":[{"href":"https:\/\/myspainfood.com\/da\/wp-json\/wp\/v2\/media?parent=34104"}],"wp:term":[{"taxonomy":"product_brand","embeddable":true,"href":"https:\/\/myspainfood.com\/da\/wp-json\/wp\/v2\/product_brand?post=34104"},{"taxonomy":"product_cat","embeddable":true,"href":"https:\/\/myspainfood.com\/da\/wp-json\/wp\/v2\/product_cat?post=34104"},{"taxonomy":"product_tag","embeddable":true,"href":"https:\/\/myspainfood.com\/da\/wp-json\/wp\/v2\/product_tag?post=34104"}],"curies":[{"name":"wp","href":"https:\/\/api.w.org\/{rel}","templated":true}]}}