{"id":34207,"date":"2025-04-10T12:09:58","date_gmt":"2025-04-10T10:09:58","guid":{"rendered":"https:\/\/myspainfood.com\/producto\/chicon-extra-oliven-agurker-900-gram-pakke-6-stk\/"},"modified":"2025-04-10T12:09:58","modified_gmt":"2025-04-10T10:09:58","slug":"chicon-extra-oliven-agurker-900-gram-pakke-6-stk","status":"publish","type":"product","link":"https:\/\/myspainfood.com\/da\/producto\/chicon-extra-oliven-agurker-900-gram-pakke-6-stk\/","title":{"rendered":"Chic\u00f3n Extra Oliven Agurker 900 gram pakke 6 stk."},"content":{"rendered":"<p><a href=\"https:\/\/aceitunaschiconlebron.com\/\" target=\"_blank\" rel=\"noopener noreferrer nofollow\">Chic\u00f3n<\/a> Extra-agurker fremstilles i Antequera, Malaga.<\/p>\n<p>De er lavet efter den traditionelle opskrift og p\u00e5 en traditionel m\u00e5de.<\/p>\n<p>Det er ekstra sm\u00e5, m\u00f8re agurker med dette lette og appetitlige eddikepr\u00e6g.<\/p>\n<p>Blandingen af smage fra ingredienserne sammen med et strejf af eddike giver den en s\u00e6rlig smag, der er meget behagelig for ganen.<\/p>\n<p>Pickles er en snack, der booster immunforsvaret, hvilket betyder, at de st\u00f8tter kroppens forsvar og generelle sundhed.<\/p>\n<h3><strong>Fordele ved ekstra agurker<\/strong><\/h3>\n<p>Kendte du til fordelene ved pickles generelt? Her er en liste over de vigtigste: <\/p>\n<ul>\n<li>Rig p\u00e5 probiotika.<\/li>\n<li>De hj\u00e6lper p\u00e5 ford\u00f8jelsen.<\/li>\n<li>De styrker immunforsvaret.<\/li>\n<li>De reducerer sukkertrangen.<\/li>\n<li>Gunstig for galdebl\u00e6ren.<\/li>\n<\/ul>\n<p>Hvis du vil k\u00f8be oliven eller andre former for <a href=\"https:\/\/latiendadesami.com\/categoria-producto\/encurtidos\/\" rel=\"noopener noreferrer nofollow\" target=\"_blank\">syltede f\u00f8devarer<\/a>, s\u00e5 t\u00f8v ikke med at tage et kig p\u00e5 vores onlinekatalog for at se det store udvalg af <a href=\"https:\/\/latiendadesami.com\/categoria-producto\/encurtidos\/pepinillos\/\" target=\"_blank\" rel=\"noopener noreferrer nofollow\">oliven<\/a>, vi har.<\/p>\n","protected":false},"excerpt":{"rendered":"<p>Chic\u00f3n Extra-agurker fremstilles i Antequera, Malaga. De er lavet efter den traditionelle opskrift og p\u00e5 en traditionel m\u00e5de. Det er ekstra sm\u00e5, m\u00f8re agurker med dette lette og appetitlige eddikepr\u00e6g. Blandingen af smage fra ingredienserne sammen med et strejf af eddike giver den en s\u00e6rlig smag, der er meget behagelig for ganen. Pickles er en [&hellip;]<\/p>\n","protected":false},"featured_media":17107,"template":"","meta":{"_et_pb_use_builder":"","_et_pb_old_content":"","_et_gb_content_width":""},"product_brand":[1036],"product_cat":[3052,3172],"product_tag":[1651],"class_list":{"0":"post-34207","1":"product","2":"type-product","3":"status-publish","4":"has-post-thumbnail","6":"product_brand-chicon","7":"product_cat-engroshandel-da","8":"product_cat-pickles-da-2","9":"product_tag-ekstra","11":"first","12":"outofstock","13":"taxable","14":"shipping-taxable","15":"purchasable","16":"product-type-variable"},"_links":{"self":[{"href":"https:\/\/myspainfood.com\/da\/wp-json\/wp\/v2\/product\/34207","targetHints":{"allow":["GET"]}}],"collection":[{"href":"https:\/\/myspainfood.com\/da\/wp-json\/wp\/v2\/product"}],"about":[{"href":"https:\/\/myspainfood.com\/da\/wp-json\/wp\/v2\/types\/product"}],"wp:featuredmedia":[{"embeddable":true,"href":"https:\/\/myspainfood.com\/da\/wp-json\/wp\/v2\/media\/17107"}],"wp:attachment":[{"href":"https:\/\/myspainfood.com\/da\/wp-json\/wp\/v2\/media?parent=34207"}],"wp:term":[{"taxonomy":"product_brand","embeddable":true,"href":"https:\/\/myspainfood.com\/da\/wp-json\/wp\/v2\/product_brand?post=34207"},{"taxonomy":"product_cat","embeddable":true,"href":"https:\/\/myspainfood.com\/da\/wp-json\/wp\/v2\/product_cat?post=34207"},{"taxonomy":"product_tag","embeddable":true,"href":"https:\/\/myspainfood.com\/da\/wp-json\/wp\/v2\/product_tag?post=34207"}],"curies":[{"name":"wp","href":"https:\/\/api.w.org\/{rel}","templated":true}]}}