{"id":34399,"date":"2025-04-10T12:10:12","date_gmt":"2025-04-10T10:10:12","guid":{"rendered":"https:\/\/myspainfood.com\/producto\/norsk-roeget-laks-port-faroe-600-g\/"},"modified":"2025-06-24T13:42:18","modified_gmt":"2025-06-24T11:42:18","slug":"norsk-roeget-laks-port-faroe-600-g","status":"publish","type":"product","link":"https:\/\/myspainfood.com\/da\/producto\/norsk-roeget-laks-port-faroe-600-g\/","title":{"rendered":"Norsk r\u00f8get laks Port Faroe 600 g"},"content":{"rendered":"<p>R\u00f8gning er en teknik, der bruges til at konservere f\u00f8devarer.<\/p>\n<p> Den best\u00e5r i at uds\u00e6tte f\u00f8devarer for en r\u00f8gkilde, der kommer fra b\u00e5l lavet af tr\u00e6 med et lavt indhold af harpiks.<\/p>\n<p> Denne proces er, ud over konservering, det, der giver den sin s\u00e6rlige r\u00f8gede smag.<\/p>\n<p> R\u00f8get laks er en f\u00f8devare, der opn\u00e5s ved at uds\u00e6tte laks for den r\u00f8g, der er beskrevet ovenfor, hvilket giver den en l\u00e6ngere konserveringstid og en anderledes og karakteristisk smag.<\/p>\n<p>&nbsp;<\/p>\n","protected":false},"excerpt":{"rendered":"<p>R\u00f8gning er en teknik, der bruges til at konservere f\u00f8devarer. Den best\u00e5r i at uds\u00e6tte f\u00f8devarer for en r\u00f8gkilde, der kommer fra b\u00e5l lavet af tr\u00e6 med et lavt indhold af harpiks. Denne proces er, ud over konservering, det, der giver den sin s\u00e6rlige r\u00f8gede smag. R\u00f8get laks er en f\u00f8devare, der opn\u00e5s ved at [&hellip;]<\/p>\n","protected":false},"featured_media":34411,"template":"","meta":{"_et_pb_use_builder":"","_et_pb_old_content":"","_et_gb_content_width":""},"product_brand":[1361],"product_cat":[7787,1860,7788],"product_tag":[],"class_list":{"0":"post-34399","1":"product","2":"type-product","3":"status-publish","4":"has-post-thumbnail","6":"product_brand-ahumados-fernandez-molina","7":"product_cat-jule-special","8":"product_cat-koldt","9":"product_cat-laks-da","10":"product_shipping_class-kold-forsendelse","12":"first","13":"instock","14":"sale","15":"taxable","16":"shipping-taxable","17":"purchasable","18":"product-type-variable"},"_links":{"self":[{"href":"https:\/\/myspainfood.com\/da\/wp-json\/wp\/v2\/product\/34399","targetHints":{"allow":["GET"]}}],"collection":[{"href":"https:\/\/myspainfood.com\/da\/wp-json\/wp\/v2\/product"}],"about":[{"href":"https:\/\/myspainfood.com\/da\/wp-json\/wp\/v2\/types\/product"}],"wp:featuredmedia":[{"embeddable":true,"href":"https:\/\/myspainfood.com\/da\/wp-json\/wp\/v2\/media\/34411"}],"wp:attachment":[{"href":"https:\/\/myspainfood.com\/da\/wp-json\/wp\/v2\/media?parent=34399"}],"wp:term":[{"taxonomy":"product_brand","embeddable":true,"href":"https:\/\/myspainfood.com\/da\/wp-json\/wp\/v2\/product_brand?post=34399"},{"taxonomy":"product_cat","embeddable":true,"href":"https:\/\/myspainfood.com\/da\/wp-json\/wp\/v2\/product_cat?post=34399"},{"taxonomy":"product_tag","embeddable":true,"href":"https:\/\/myspainfood.com\/da\/wp-json\/wp\/v2\/product_tag?post=34399"}],"curies":[{"name":"wp","href":"https:\/\/api.w.org\/{rel}","templated":true}]}}