{"id":34752,"date":"2025-04-10T12:10:13","date_gmt":"2025-04-10T10:10:13","guid":{"rendered":"https:\/\/myspainfood.com\/producto\/flor-de-esgueva-viejo-ost-32-kg\/"},"modified":"2026-03-27T14:05:48","modified_gmt":"2026-03-27T13:05:48","slug":"flor-de-esgueva-viejo-ost-32-kg","status":"publish","type":"product","link":"https:\/\/myspainfood.com\/da\/producto\/flor-de-esgueva-viejo-ost-32-kg\/","title":{"rendered":"Flor de Esgueva Viejo-ost 3,2 kg"},"content":{"rendered":"<div class=\"et_pb_blurb_container\">\n<div class=\"et_pb_blurb_container\">\n<h1 class=\"vc_custom_heading\">Blomster i Esgueva Viejo<\/h1>\n<p class=\"vc_custom_heading us_custom_c587e30b\">Kun fremstillet af r\u00e5 f\u00e5rem\u00e6lk og modnet i naturlig skorpe i mindst 7 m\u00e5neder.<\/p>\n<div class=\"wpb_text_column us_custom_afe9a513\">\n<div class=\"wpb_wrapper\">\n<p>Dette er perfektion med hensyn til intensitet og tekstur. Det er en meget velegnet ost til osteelskere, der kan lide en elastisk og n\u00e6sten smeltende tekstur, men uden at miste den rene f\u00e5resmag og intensitet i munden. Den har en lang og vedvarende eftersmag, som efterlader en behagelig fornemmelse i et par minutter.  <\/p>\n<\/div>\n<\/div>\n<\/div>\n<\/div>\n","protected":false},"excerpt":{"rendered":"<p>Blomster i Esgueva Viejo Kun fremstillet af r\u00e5 f\u00e5rem\u00e6lk og modnet i naturlig skorpe i mindst 7 m\u00e5neder. Dette er perfektion med hensyn til intensitet og tekstur. Det er en meget velegnet ost til osteelskere, der kan lide en elastisk og n\u00e6sten smeltende tekstur, men uden at miste den rene f\u00e5resmag og intensitet i munden. [&hellip;]<\/p>\n","protected":false},"featured_media":34765,"template":"","meta":{"_et_pb_use_builder":"","_et_pb_old_content":"","_et_gb_content_width":""},"product_brand":[1367],"product_cat":[2752,1860,2292],"product_tag":[],"class_list":{"0":"post-34752","1":"product","2":"type-product","3":"status-publish","4":"has-post-thumbnail","6":"product_brand-flor-de-esgueva","7":"product_cat-haerdning","8":"product_cat-koldt","9":"product_cat-ost-og-polse-da","10":"product_shipping_class-kold-forsendelse","12":"first","13":"outofstock","14":"taxable","15":"shipping-taxable","16":"purchasable","17":"product-type-variable"},"_links":{"self":[{"href":"https:\/\/myspainfood.com\/da\/wp-json\/wp\/v2\/product\/34752","targetHints":{"allow":["GET"]}}],"collection":[{"href":"https:\/\/myspainfood.com\/da\/wp-json\/wp\/v2\/product"}],"about":[{"href":"https:\/\/myspainfood.com\/da\/wp-json\/wp\/v2\/types\/product"}],"wp:featuredmedia":[{"embeddable":true,"href":"https:\/\/myspainfood.com\/da\/wp-json\/wp\/v2\/media\/34765"}],"wp:attachment":[{"href":"https:\/\/myspainfood.com\/da\/wp-json\/wp\/v2\/media?parent=34752"}],"wp:term":[{"taxonomy":"product_brand","embeddable":true,"href":"https:\/\/myspainfood.com\/da\/wp-json\/wp\/v2\/product_brand?post=34752"},{"taxonomy":"product_cat","embeddable":true,"href":"https:\/\/myspainfood.com\/da\/wp-json\/wp\/v2\/product_cat?post=34752"},{"taxonomy":"product_tag","embeddable":true,"href":"https:\/\/myspainfood.com\/da\/wp-json\/wp\/v2\/product_tag?post=34752"}],"curies":[{"name":"wp","href":"https:\/\/api.w.org\/{rel}","templated":true}]}}