{"id":36813,"date":"2025-04-10T12:11:40","date_gmt":"2025-04-10T10:11:40","guid":{"rendered":"https:\/\/myspainfood.com\/producto\/andalusisk-gazpacho-med-ekstra-jomfruolivenolie-arteoliva-1-liter\/"},"modified":"2026-01-29T12:31:49","modified_gmt":"2026-01-29T11:31:49","slug":"andalusisk-gazpacho-med-ekstra-jomfruolivenolie-arteoliva-1-liter","status":"publish","type":"product","link":"https:\/\/myspainfood.com\/da\/producto\/andalusisk-gazpacho-med-ekstra-jomfruolivenolie-arteoliva-1-liter\/","title":{"rendered":"Andalusisk Gazpacho med ekstra jomfruolivenolie ARTEOLIVA 1 liter"},"content":{"rendered":"<p>Det er et produkt, der trofast f\u00f8lger den traditionelle opskrift p\u00e5 den \u00e6gte andalusiske gazpacho. Den indeholder friske gr\u00f8ntsager af h\u00f8j kvalitet som tomat, agurk, peber, hvidl\u00f8g, ekstra jomfruolivenolie og br\u00f8d, sherryeddike, vand og havsalt. I mods\u00e6tning til andre produkter p\u00e5 markedet indeholder &#8220;ArteOliva&#8221; gazpacho mere ekstra jomfruolivenolie og br\u00f8d, som anses for at v\u00e6re en vigtig ingrediens i den traditionelle opskrift.  <\/p>\n","protected":false},"excerpt":{"rendered":"<p>Det er et produkt, der trofast f\u00f8lger den traditionelle opskrift p\u00e5 den \u00e6gte andalusiske gazpacho. Den indeholder friske gr\u00f8ntsager af h\u00f8j kvalitet som tomat, agurk, peber, hvidl\u00f8g, ekstra jomfruolivenolie og br\u00f8d, sherryeddike, vand og havsalt. I mods\u00e6tning til andre produkter p\u00e5 markedet indeholder &#8220;ArteOliva&#8221; gazpacho mere ekstra jomfruolivenolie og br\u00f8d, som anses for at v\u00e6re [&hellip;]<\/p>\n","protected":false},"featured_media":36816,"template":"","meta":{"_et_pb_use_builder":"","_et_pb_old_content":"","_et_gb_content_width":""},"product_brand":[1457],"product_cat":[4899,2606,1648],"product_tag":[],"class_list":{"0":"post-36813","1":"product","2":"type-product","3":"status-publish","4":"has-post-thumbnail","6":"product_brand-arteoliva","7":"product_cat-drikkevarer-da","8":"product_cat-ekstra-jomfru-oliven","9":"product_cat-konserves","11":"first","12":"outofstock","13":"taxable","14":"shipping-taxable","15":"product-type-variable"},"_links":{"self":[{"href":"https:\/\/myspainfood.com\/da\/wp-json\/wp\/v2\/product\/36813","targetHints":{"allow":["GET"]}}],"collection":[{"href":"https:\/\/myspainfood.com\/da\/wp-json\/wp\/v2\/product"}],"about":[{"href":"https:\/\/myspainfood.com\/da\/wp-json\/wp\/v2\/types\/product"}],"wp:featuredmedia":[{"embeddable":true,"href":"https:\/\/myspainfood.com\/da\/wp-json\/wp\/v2\/media\/36816"}],"wp:attachment":[{"href":"https:\/\/myspainfood.com\/da\/wp-json\/wp\/v2\/media?parent=36813"}],"wp:term":[{"taxonomy":"product_brand","embeddable":true,"href":"https:\/\/myspainfood.com\/da\/wp-json\/wp\/v2\/product_brand?post=36813"},{"taxonomy":"product_cat","embeddable":true,"href":"https:\/\/myspainfood.com\/da\/wp-json\/wp\/v2\/product_cat?post=36813"},{"taxonomy":"product_tag","embeddable":true,"href":"https:\/\/myspainfood.com\/da\/wp-json\/wp\/v2\/product_tag?post=36813"}],"curies":[{"name":"wp","href":"https:\/\/api.w.org\/{rel}","templated":true}]}}