{"id":37645,"date":"2025-04-10T12:05:45","date_gmt":"2025-04-10T10:05:45","guid":{"rendered":"https:\/\/myspainfood.com\/producto\/roeraeg-45-kg\/"},"modified":"2025-04-10T12:05:45","modified_gmt":"2025-04-10T10:05:45","slug":"roeraeg-45-kg","status":"publish","type":"product","link":"https:\/\/myspainfood.com\/da\/producto\/roeraeg-45-kg\/","title":{"rendered":"R\u00f8r\u00e6g 4,5 kg"},"content":{"rendered":"<p>Denne 4,5 kg tunge wok med syltede agurker i vand, salt og eddike indeholder oliven, l\u00f8g og asier.<\/p>\n<p>Denne <a href=\"https:\/\/www.google.com\/search?q=revuelto+aceitunas+s%C3%A1ngar&amp;sxsrf=APq-WBt1wkTZta0IAEDoueZPBxEuaY8Dtw:1644308614563&amp;source=lnms&amp;tbm=isch&amp;sa=X&amp;ved=2ahUKEwjouvz21u_1AhVV_rsIHacjBd0Q_AUoAXoECAEQAw&amp;biw=1577&amp;bih=780&amp;dpr=1\" target=\"_blank\" rel=\"noopener noreferrer nofollow\">kombination<\/a> af oliven og pickles g\u00f8r det muligt at nyde en uovertruffen smag i dine tapas eller forretter.<\/p>\n<p>Det er et meget sundt supplement til vores traditionelle, n\u00e6ringsrige middelhavskost.<\/p>\n<p>I Spanien finder vi oliven, asier, almagro-auberginer, guler\u00f8dder, l\u00f8g, meget traditionelt kapers, hvidl\u00f8g eller endda en blanding af dem.<\/p>\n<p>De serveres ofte som tapas til \u00f8l (ikke til vin p\u00e5 grund af deres indhold af eddike).<\/p>\n<p>Syltede agurker er g\u00e5et fra at v\u00e6re en \u00e6ldgammel teknik til at konservere mad over hele verden til at v\u00e6re en af de mest popul\u00e6re tapas eller forretter i spansk gastronomi.<\/p>\n<h3><strong>Fordele ved R\u00f8r\u00e6g 4,5 kg<\/strong><\/h3>\n<p>Vidste du, hvilke fordele der er ved 4,5 kg r\u00f8r\u00e6g og syltede agurker i det hele taget? Her er en liste over de vigtigste: <\/p>\n<ul>\n<li>Rig p\u00e5 probiotika.<\/li>\n<li>De hj\u00e6lper p\u00e5 ford\u00f8jelsen.<\/li>\n<li>De styrker immunforsvaret.<\/li>\n<li>De reducerer sukkertrangen.<\/li>\n<li>Gunstig for galdebl\u00e6ren.<\/li>\n<\/ul>\n<p>&nbsp;<\/p>\n<p>Hvis du vil k\u00f8be oliven eller andre former for <a href=\"https:\/\/latiendadesami.com\/categoria-producto\/encurtidos\/\" rel=\"noopener noreferrer nofollow\" target=\"_blank\">pickles<\/a>, s\u00e5 t\u00f8v ikke med at tage et kig i vores online katalog for at se det store udvalg af <a href=\"https:\/\/latiendadesami.com\/categoria-producto\/encurtidos\/aceitunas\/\" target=\"_blank\" rel=\"noopener noreferrer nofollow\">oliven<\/a> eller Revuelto 4,5 kg, som vi har.<\/p>\n<p>Skriv til os for mere information.<\/p>\n","protected":false},"excerpt":{"rendered":"<p>Denne 4,5 kg tunge wok med syltede agurker i vand, salt og eddike indeholder oliven, l\u00f8g og asier. Denne kombination af oliven og pickles g\u00f8r det muligt at nyde en uovertruffen smag i dine tapas eller forretter. Det er et meget sundt supplement til vores traditionelle, n\u00e6ringsrige middelhavskost. I Spanien finder vi oliven, asier, almagro-auberginer, [&hellip;]<\/p>\n","protected":false},"featured_media":37647,"template":"","meta":{"_et_pb_use_builder":"","_et_pb_old_content":"","_et_gb_content_width":""},"product_brand":[1069],"product_cat":[1649,1654,1647],"product_tag":[8165],"class_list":{"0":"post-37645","1":"product","2":"type-product","3":"status-publish","4":"has-post-thumbnail","6":"product_brand-sangar","7":"product_cat-agurker","8":"product_cat-oliven-da","9":"product_cat-pickles-da","10":"product_tag-roraeg","12":"first","13":"outofstock","14":"taxable","15":"shipping-taxable","16":"purchasable","17":"product-type-simple"},"_links":{"self":[{"href":"https:\/\/myspainfood.com\/da\/wp-json\/wp\/v2\/product\/37645","targetHints":{"allow":["GET"]}}],"collection":[{"href":"https:\/\/myspainfood.com\/da\/wp-json\/wp\/v2\/product"}],"about":[{"href":"https:\/\/myspainfood.com\/da\/wp-json\/wp\/v2\/types\/product"}],"wp:featuredmedia":[{"embeddable":true,"href":"https:\/\/myspainfood.com\/da\/wp-json\/wp\/v2\/media\/37647"}],"wp:attachment":[{"href":"https:\/\/myspainfood.com\/da\/wp-json\/wp\/v2\/media?parent=37645"}],"wp:term":[{"taxonomy":"product_brand","embeddable":true,"href":"https:\/\/myspainfood.com\/da\/wp-json\/wp\/v2\/product_brand?post=37645"},{"taxonomy":"product_cat","embeddable":true,"href":"https:\/\/myspainfood.com\/da\/wp-json\/wp\/v2\/product_cat?post=37645"},{"taxonomy":"product_tag","embeddable":true,"href":"https:\/\/myspainfood.com\/da\/wp-json\/wp\/v2\/product_tag?post=37645"}],"curies":[{"name":"wp","href":"https:\/\/api.w.org\/{rel}","templated":true}]}}