{"id":37693,"date":"2025-04-10T12:08:44","date_gmt":"2025-04-10T10:08:44","guid":{"rendered":"https:\/\/myspainfood.com\/producto\/flax-octopus-60-enheder\/"},"modified":"2026-04-24T07:41:14","modified_gmt":"2026-04-24T05:41:14","slug":"flax-octopus-60-enheder","status":"publish","type":"product","link":"https:\/\/myspainfood.com\/da\/producto\/flax-octopus-60-enheder\/","title":{"rendered":"Flax Octopus 60 enheder"},"content":{"rendered":"<p>Olie (85 % solsikke, 15 % oliven), bl\u00e6ksprutte, ansjosfyldte oliven, r\u00f8d peber, agurk og l\u00f8g.<\/p>\n","protected":false},"excerpt":{"rendered":"<p>Olie (85 % solsikke, 15 % oliven), bl\u00e6ksprutte, ansjosfyldte oliven, r\u00f8d peber, agurk og l\u00f8g.<\/p>\n","protected":false},"featured_media":37694,"template":"","meta":{"_et_pb_use_builder":"","_et_pb_old_content":"","_et_gb_content_width":""},"product_brand":[],"product_cat":[1649,1861,8177,1860,1654,1647,1862],"product_tag":[],"class_list":{"0":"post-37693","1":"product","2":"type-product","3":"status-publish","4":"has-post-thumbnail","6":"product_cat-agurker","7":"product_cat-ansjoser","8":"product_cat-blaeksprutte","9":"product_cat-koldt","10":"product_cat-oliven-da","11":"product_cat-pickles-da","12":"product_cat-pintxos-da","13":"product_shipping_class-kold-forsendelse","15":"first","16":"outofstock","17":"taxable","18":"shipping-taxable","19":"purchasable","20":"product-type-simple"},"_links":{"self":[{"href":"https:\/\/myspainfood.com\/da\/wp-json\/wp\/v2\/product\/37693","targetHints":{"allow":["GET"]}}],"collection":[{"href":"https:\/\/myspainfood.com\/da\/wp-json\/wp\/v2\/product"}],"about":[{"href":"https:\/\/myspainfood.com\/da\/wp-json\/wp\/v2\/types\/product"}],"wp:featuredmedia":[{"embeddable":true,"href":"https:\/\/myspainfood.com\/da\/wp-json\/wp\/v2\/media\/37694"}],"wp:attachment":[{"href":"https:\/\/myspainfood.com\/da\/wp-json\/wp\/v2\/media?parent=37693"}],"wp:term":[{"taxonomy":"product_brand","embeddable":true,"href":"https:\/\/myspainfood.com\/da\/wp-json\/wp\/v2\/product_brand?post=37693"},{"taxonomy":"product_cat","embeddable":true,"href":"https:\/\/myspainfood.com\/da\/wp-json\/wp\/v2\/product_cat?post=37693"},{"taxonomy":"product_tag","embeddable":true,"href":"https:\/\/myspainfood.com\/da\/wp-json\/wp\/v2\/product_tag?post=37693"}],"curies":[{"name":"wp","href":"https:\/\/api.w.org\/{rel}","templated":true}]}}