{"id":37915,"date":"2025-04-10T12:10:09","date_gmt":"2025-04-10T10:10:09","guid":{"rendered":"https:\/\/myspainfood.com\/producto\/sortiment-af-traditionelle-gourmet-pateer-fra-cazorla\/"},"modified":"2025-04-10T12:10:09","modified_gmt":"2025-04-10T10:10:09","slug":"sortiment-af-traditionelle-gourmet-pateer-fra-cazorla","status":"publish","type":"product","link":"https:\/\/myspainfood.com\/da\/producto\/sortiment-af-traditionelle-gourmet-pateer-fra-cazorla\/","title":{"rendered":"Sortiment af traditionelle gourmet-pat\u00e9er fra Cazorla"},"content":{"rendered":"<p>Denne \u00e6ske indeholder 6 af vores pat\u00e9er fra det traditionelle Gourmet Cazorla-sortiment.<\/p>\n<p> Den perfekte gave til dine k\u00e6re&#8230;<\/p>\n","protected":false},"excerpt":{"rendered":"<p>Denne \u00e6ske indeholder 6 af vores pat\u00e9er fra det traditionelle Gourmet Cazorla-sortiment. Den perfekte gave til dine k\u00e6re&#8230;<\/p>\n","protected":false},"featured_media":37917,"template":"","meta":{"_et_pb_use_builder":"","_et_pb_old_content":"","_et_gb_content_width":""},"product_brand":[],"product_cat":[1648,8195],"product_tag":[],"class_list":{"0":"post-37915","1":"product","2":"type-product","3":"status-publish","4":"has-post-thumbnail","6":"product_cat-konserves","7":"product_cat-pate-da","9":"first","10":"instock","11":"taxable","12":"shipping-taxable","13":"purchasable","14":"product-type-simple"},"_links":{"self":[{"href":"https:\/\/myspainfood.com\/da\/wp-json\/wp\/v2\/product\/37915","targetHints":{"allow":["GET"]}}],"collection":[{"href":"https:\/\/myspainfood.com\/da\/wp-json\/wp\/v2\/product"}],"about":[{"href":"https:\/\/myspainfood.com\/da\/wp-json\/wp\/v2\/types\/product"}],"wp:featuredmedia":[{"embeddable":true,"href":"https:\/\/myspainfood.com\/da\/wp-json\/wp\/v2\/media\/37917"}],"wp:attachment":[{"href":"https:\/\/myspainfood.com\/da\/wp-json\/wp\/v2\/media?parent=37915"}],"wp:term":[{"taxonomy":"product_brand","embeddable":true,"href":"https:\/\/myspainfood.com\/da\/wp-json\/wp\/v2\/product_brand?post=37915"},{"taxonomy":"product_cat","embeddable":true,"href":"https:\/\/myspainfood.com\/da\/wp-json\/wp\/v2\/product_cat?post=37915"},{"taxonomy":"product_tag","embeddable":true,"href":"https:\/\/myspainfood.com\/da\/wp-json\/wp\/v2\/product_tag?post=37915"}],"curies":[{"name":"wp","href":"https:\/\/api.w.org\/{rel}","templated":true}]}}