{"id":38021,"date":"2025-04-10T12:10:07","date_gmt":"2025-04-10T10:10:07","guid":{"rendered":"https:\/\/myspainfood.com\/producto\/assorterede-iberiske-pateer-gourmet-cazorla\/"},"modified":"2025-04-10T12:10:07","modified_gmt":"2025-04-10T10:10:07","slug":"assorterede-iberiske-pateer-gourmet-cazorla","status":"publish","type":"product","link":"https:\/\/myspainfood.com\/da\/producto\/assorterede-iberiske-pateer-gourmet-cazorla\/","title":{"rendered":"Assorterede iberiske pat\u00e9er Gourmet Cazorla"},"content":{"rendered":"<p>Denne \u00e6ske indeholder 6 af vores traditionelle Gourmet Cazorla-pat\u00e9er.<\/p>\n<p> Den perfekte gave til dine k\u00e6re &#8230; til deres f\u00f8dselsdag, til jul, som tak for en indsats eller bare fordi, og ogs\u00e5 til dig, fordi du fortjener det.<\/p>\n","protected":false},"excerpt":{"rendered":"<p>Denne \u00e6ske indeholder 6 af vores traditionelle Gourmet Cazorla-pat\u00e9er. Den perfekte gave til dine k\u00e6re &#8230; til deres f\u00f8dselsdag, til jul, som tak for en indsats eller bare fordi, og ogs\u00e5 til dig, fordi du fortjener det.<\/p>\n","protected":false},"featured_media":38023,"template":"","meta":{"_et_pb_use_builder":"","_et_pb_old_content":"","_et_gb_content_width":""},"product_brand":[],"product_cat":[1648,8195],"product_tag":[],"class_list":{"0":"post-38021","1":"product","2":"type-product","3":"status-publish","4":"has-post-thumbnail","6":"product_cat-konserves","7":"product_cat-pate-da","9":"first","10":"instock","11":"taxable","12":"shipping-taxable","13":"purchasable","14":"product-type-simple"},"_links":{"self":[{"href":"https:\/\/myspainfood.com\/da\/wp-json\/wp\/v2\/product\/38021","targetHints":{"allow":["GET"]}}],"collection":[{"href":"https:\/\/myspainfood.com\/da\/wp-json\/wp\/v2\/product"}],"about":[{"href":"https:\/\/myspainfood.com\/da\/wp-json\/wp\/v2\/types\/product"}],"wp:featuredmedia":[{"embeddable":true,"href":"https:\/\/myspainfood.com\/da\/wp-json\/wp\/v2\/media\/38023"}],"wp:attachment":[{"href":"https:\/\/myspainfood.com\/da\/wp-json\/wp\/v2\/media?parent=38021"}],"wp:term":[{"taxonomy":"product_brand","embeddable":true,"href":"https:\/\/myspainfood.com\/da\/wp-json\/wp\/v2\/product_brand?post=38021"},{"taxonomy":"product_cat","embeddable":true,"href":"https:\/\/myspainfood.com\/da\/wp-json\/wp\/v2\/product_cat?post=38021"},{"taxonomy":"product_tag","embeddable":true,"href":"https:\/\/myspainfood.com\/da\/wp-json\/wp\/v2\/product_tag?post=38021"}],"curies":[{"name":"wp","href":"https:\/\/api.w.org\/{rel}","templated":true}]}}