{"id":38042,"date":"2025-04-10T12:10:38","date_gmt":"2025-04-10T10:10:38","guid":{"rendered":"https:\/\/myspainfood.com\/producto\/almagro-dresset-aubergine-50-60-stykker\/"},"modified":"2025-04-10T12:10:38","modified_gmt":"2025-04-10T10:10:38","slug":"almagro-dresset-aubergine-50-60-stykker","status":"publish","type":"product","link":"https:\/\/myspainfood.com\/da\/producto\/almagro-dresset-aubergine-50-60-stykker\/","title":{"rendered":"Almagro-dresset aubergine 50\/60 stykker"},"content":{"rendered":"<p>Aubergena embuchada de Almagro er et traditionelt produkt fra regionen Campo de Calatrava i hjertet af La <a href=\"https:\/\/www.laencajera.es\/berenjenas-de-almagro\" target=\"_blank\" rel=\"noopener noreferrer nofollow\">Mancha<\/a>.<\/p>\n<p>Et produkt med en beskyttet geografisk betegnelse, som er blevet et gastronomisk referencepunkt, hvad enten det er som aperitif eller i varme eller kolde retter.<\/p>\n<p>Ingredienser: Aubergine &#8220;De Almagro&#8221;, vand, salt, vineddike, peber, fennikel, naturlige krydderier (hvidl\u00f8g, spidskommen, paprika, olivenolie), smagsforst\u00e6rker (E-621), syrningsmidler (E-330), konserveringsmidler (E-270, E-211, E-202E-223), antioxidant (E-300) og naturlige aromaer.<\/p>\n<p>Opbevares p\u00e5 et k\u00f8ligt, t\u00f8rt sted mellem 3\u00baC og 10\u00baC.<\/p>\n<p>Beskyt mod sollys og st\u00e6rke lugte.<\/p>\n<p>Aubergine fra Almagro, n\u00e5r pakken er \u00e5bnet, skal den opbevares p\u00e5 k\u00f8l og forbruges inden for 30 dage.<\/p>\n<p>Hvis du vil k\u00f8be oliven eller andre typer <a href=\"https:\/\/latiendadesami.com\/categoria-producto\/encurtidos\/\" rel=\"noopener noreferrer nofollow\" target=\"_blank\">pickles<\/a>, s\u00e5 t\u00f8v ikke med at kigge i vores onlinekatalog for at se det store udvalg af <a href=\"https:\/\/latiendadesami.com\/categoria-producto\/encurtidos\/berenjenas\/\" target=\"_blank\" rel=\"noopener noreferrer nofollow\">auberginer<\/a>, vi har.<\/p>\n<p>M\u00e6rket er La Encajonera, en familievirksomhed, der blev grundlagt i 1990 og ligger i hjertet af La Mancha, i byen ALMAGRO i provinsen Ciudad Real.<\/p>\n<p>Fremstillingsprocessen for produkterne starter i det samme dyrkningsomr\u00e5de, hvor man udv\u00e6lger det bedste kvalitetsprodukt.<\/p>\n<p>Fabrikken er udstyret med den mest avancerede teknologi, samtidig med at den bevarer h\u00e5ndv\u00e6rkernes tradition og knowhow.<\/p>\n","protected":false},"excerpt":{"rendered":"<p>Aubergena embuchada de Almagro er et traditionelt produkt fra regionen Campo de Calatrava i hjertet af La Mancha. Et produkt med en beskyttet geografisk betegnelse, som er blevet et gastronomisk referencepunkt, hvad enten det er som aperitif eller i varme eller kolde retter. Ingredienser: Aubergine &#8220;De Almagro&#8221;, vand, salt, vineddike, peber, fennikel, naturlige krydderier (hvidl\u00f8g, [&hellip;]<\/p>\n","protected":false},"featured_media":18198,"template":"","meta":{"_et_pb_use_builder":"","_et_pb_old_content":"","_et_gb_content_width":""},"product_brand":[],"product_cat":[2106,1647],"product_tag":[2108],"class_list":{"0":"post-38042","1":"product","2":"type-product","3":"status-publish","4":"has-post-thumbnail","6":"product_cat-auberginer","7":"product_cat-pickles-da","8":"product_tag-alinada-da","10":"first","11":"instock","12":"taxable","13":"shipping-taxable","14":"purchasable","15":"product-type-simple"},"_links":{"self":[{"href":"https:\/\/myspainfood.com\/da\/wp-json\/wp\/v2\/product\/38042","targetHints":{"allow":["GET"]}}],"collection":[{"href":"https:\/\/myspainfood.com\/da\/wp-json\/wp\/v2\/product"}],"about":[{"href":"https:\/\/myspainfood.com\/da\/wp-json\/wp\/v2\/types\/product"}],"wp:featuredmedia":[{"embeddable":true,"href":"https:\/\/myspainfood.com\/da\/wp-json\/wp\/v2\/media\/18198"}],"wp:attachment":[{"href":"https:\/\/myspainfood.com\/da\/wp-json\/wp\/v2\/media?parent=38042"}],"wp:term":[{"taxonomy":"product_brand","embeddable":true,"href":"https:\/\/myspainfood.com\/da\/wp-json\/wp\/v2\/product_brand?post=38042"},{"taxonomy":"product_cat","embeddable":true,"href":"https:\/\/myspainfood.com\/da\/wp-json\/wp\/v2\/product_cat?post=38042"},{"taxonomy":"product_tag","embeddable":true,"href":"https:\/\/myspainfood.com\/da\/wp-json\/wp\/v2\/product_tag?post=38042"}],"curies":[{"name":"wp","href":"https:\/\/api.w.org\/{rel}","templated":true}]}}