{"id":38387,"date":"2025-04-10T12:14:40","date_gmt":"2025-04-10T10:14:40","guid":{"rendered":"https:\/\/myspainfood.com\/producto\/new-zealandske-muslinger-i-syltet-sauce-4-6-stykker-giant-portonovo-115-gr\/"},"modified":"2026-01-30T14:32:49","modified_gmt":"2026-01-30T13:32:49","slug":"new-zealandske-muslinger-i-syltet-sauce-4-6-stykker-giant-portonovo-115-gr","status":"publish","type":"product","link":"https:\/\/myspainfood.com\/da\/producto\/new-zealandske-muslinger-i-syltet-sauce-4-6-stykker-giant-portonovo-115-gr\/","title":{"rendered":"New Zealandske muslinger i syltet sauce 4-6 stykker Giant Portonovo - 115 Gr"},"content":{"rendered":"<p>Oplev smagsintensiteten og kvaliteten af <strong>Gigante Portonovos<\/strong> <strong>newzealandske muslinger i syltet sauce.<\/strong> Dette f\u00f8rsteklasses produkt indeholder mellem 4 og 6 udvalgte stykker store muslinger i en pr\u00e6sentation p\u00e5 115 gram, der er ideel til at nyde i tapas, salater eller som en gourmet-forret. <\/p>\n<p>Disse muslinger, der er opdr\u00e6ttet i New Zealands krystalklare vand, udm\u00e6rker sig ved deres k\u00f8dfulde konsistens og uovertrufne smag, der forst\u00e6rkes af en mild marinade, som fremh\u00e6ver deres friskhed og kvalitet. De er ogs\u00e5 rige p\u00e5 protein, omega-3 og vigtige mineraler, hvilket g\u00f8r dem til et sundt og l\u00e6kkert valg til enhver kost. <\/p>\n<p>Hvis du vil have mere fisk og skaldyr, kan du bes\u00f8ge vores <a href=\"https:\/\/latiendadesami.com\/categoria-producto\/conservas\/\" target=\"_new\" rel=\"noopener noreferrer nofollow\" target=\"_blank\">d\u00e5sesektion<\/a> og opdage fordelene ved <strong>syltede newzealandske muslinger<\/strong> i en afbalanceret kost. Smag p\u00e5 den kvalitet og autenticitet, som kun Portonovo kan tilbyde!<\/p>\n","protected":false},"excerpt":{"rendered":"<p>Oplev smagsintensiteten og kvaliteten af Gigante Portonovos newzealandske muslinger i syltet sauce. Dette f\u00f8rsteklasses produkt indeholder mellem 4 og 6 udvalgte stykker store muslinger i en pr\u00e6sentation p\u00e5 115 gram, der er ideel til at nyde i tapas, salater eller som en gourmet-forret. Disse muslinger, der er opdr\u00e6ttet i New Zealands krystalklare vand, udm\u00e6rker sig [&hellip;]<\/p>\n","protected":false},"featured_media":38388,"template":"","meta":{"_et_pb_use_builder":"","_et_pb_old_content":"","_et_gb_content_width":""},"product_brand":[1428],"product_cat":[1648,4069],"product_tag":[],"class_list":{"0":"post-38387","1":"product","2":"type-product","3":"status-publish","4":"has-post-thumbnail","6":"product_brand-portonovo","7":"product_cat-konserves","8":"product_cat-muslinger-da-2","10":"first","11":"outofstock","12":"taxable","13":"shipping-taxable","14":"product-type-variable"},"_links":{"self":[{"href":"https:\/\/myspainfood.com\/da\/wp-json\/wp\/v2\/product\/38387","targetHints":{"allow":["GET"]}}],"collection":[{"href":"https:\/\/myspainfood.com\/da\/wp-json\/wp\/v2\/product"}],"about":[{"href":"https:\/\/myspainfood.com\/da\/wp-json\/wp\/v2\/types\/product"}],"wp:featuredmedia":[{"embeddable":true,"href":"https:\/\/myspainfood.com\/da\/wp-json\/wp\/v2\/media\/38388"}],"wp:attachment":[{"href":"https:\/\/myspainfood.com\/da\/wp-json\/wp\/v2\/media?parent=38387"}],"wp:term":[{"taxonomy":"product_brand","embeddable":true,"href":"https:\/\/myspainfood.com\/da\/wp-json\/wp\/v2\/product_brand?post=38387"},{"taxonomy":"product_cat","embeddable":true,"href":"https:\/\/myspainfood.com\/da\/wp-json\/wp\/v2\/product_cat?post=38387"},{"taxonomy":"product_tag","embeddable":true,"href":"https:\/\/myspainfood.com\/da\/wp-json\/wp\/v2\/product_tag?post=38387"}],"curies":[{"name":"wp","href":"https:\/\/api.w.org\/{rel}","templated":true}]}}