{"id":38577,"date":"2025-04-10T12:09:10","date_gmt":"2025-04-10T10:09:10","guid":{"rendered":"https:\/\/myspainfood.com\/producto\/gede-og-koost-ribera-del-duero-vin-el-gran-cardenal\/"},"modified":"2025-06-24T13:32:51","modified_gmt":"2025-06-24T11:32:51","slug":"gede-og-koost-ribera-del-duero-vin-el-gran-cardenal","status":"publish","type":"product","link":"https:\/\/myspainfood.com\/da\/producto\/gede-og-koost-ribera-del-duero-vin-el-gran-cardenal\/","title":{"rendered":"Gede- og koost Ribera del Duero Vin El Gran Cardenal"},"content":{"rendered":"<div class=\"et_pb_blurb_container\">\n<div class=\"et_pb_blurb_container\">\n<h4 class=\"et_pb_module_header\">Ged med Ribera de Duero-vin<\/h4>\n<div class=\"et_pb_blurb_description\">Cremet ost lavet af gede- og kom\u00e6lk, ledsaget af en af de fremragende vine, der produceres i Spanien, Ribera del Duero (en appellation, der omfatter vinmarker i Castilla y Le\u00f3n).<\/p>\n<p>Vinens farve kan ses inde i osten, da den tils\u00e6ttes p\u00e5 produktionstidspunktet.<\/p><\/div>\n<\/div>\n<\/div>\n","protected":false},"excerpt":{"rendered":"<p>Ged med Ribera de Duero-vin Cremet ost lavet af gede- og kom\u00e6lk, ledsaget af en af de fremragende vine, der produceres i Spanien, Ribera del Duero (en appellation, der omfatter vinmarker i Castilla y Le\u00f3n). Vinens farve kan ses inde i osten, da den tils\u00e6ttes p\u00e5 produktionstidspunktet.<\/p>\n","protected":false},"featured_media":38582,"template":"","meta":{"_et_pb_use_builder":"","_et_pb_old_content":"","_et_gb_content_width":""},"product_brand":[1319],"product_cat":[2752,1860,2292],"product_tag":[],"class_list":{"0":"post-38577","1":"product","2":"type-product","3":"status-publish","4":"has-post-thumbnail","6":"product_brand-el-gran-cardenal","7":"product_cat-haerdning","8":"product_cat-koldt","9":"product_cat-ost-og-polse-da","10":"product_shipping_class-kold-forsendelse","12":"first","13":"instock","14":"taxable","15":"shipping-taxable","16":"purchasable","17":"product-type-variable"},"_links":{"self":[{"href":"https:\/\/myspainfood.com\/da\/wp-json\/wp\/v2\/product\/38577","targetHints":{"allow":["GET"]}}],"collection":[{"href":"https:\/\/myspainfood.com\/da\/wp-json\/wp\/v2\/product"}],"about":[{"href":"https:\/\/myspainfood.com\/da\/wp-json\/wp\/v2\/types\/product"}],"wp:featuredmedia":[{"embeddable":true,"href":"https:\/\/myspainfood.com\/da\/wp-json\/wp\/v2\/media\/38582"}],"wp:attachment":[{"href":"https:\/\/myspainfood.com\/da\/wp-json\/wp\/v2\/media?parent=38577"}],"wp:term":[{"taxonomy":"product_brand","embeddable":true,"href":"https:\/\/myspainfood.com\/da\/wp-json\/wp\/v2\/product_brand?post=38577"},{"taxonomy":"product_cat","embeddable":true,"href":"https:\/\/myspainfood.com\/da\/wp-json\/wp\/v2\/product_cat?post=38577"},{"taxonomy":"product_tag","embeddable":true,"href":"https:\/\/myspainfood.com\/da\/wp-json\/wp\/v2\/product_tag?post=38577"}],"curies":[{"name":"wp","href":"https:\/\/api.w.org\/{rel}","templated":true}]}}