{"id":38802,"date":"2025-04-10T12:09:16","date_gmt":"2025-04-10T10:09:16","guid":{"rendered":"https:\/\/myspainfood.com\/producto\/kantabriske-ansjoser-i-platin-serien-i-olivenolie\/"},"modified":"2025-06-24T13:40:30","modified_gmt":"2025-06-24T11:40:30","slug":"kantabriske-ansjoser-i-platin-serien-i-olivenolie","status":"publish","type":"product","link":"https:\/\/myspainfood.com\/da\/producto\/kantabriske-ansjoser-i-platin-serien-i-olivenolie\/","title":{"rendered":"Kantabriske ansjoser i platin-serien i olivenolie"},"content":{"rendered":"<p><a href=\"https:\/\/conservasarlequin.com\/serie-oro\/\" target=\"_blank\" rel=\"noopener noreferrer nofollow\">Arlequin<\/a> Platinum Series Ansjos i olivenolie er et h\u00e5ndv\u00e6rksm\u00e6ssigt konserveret produkt.<\/p>\n<p><strong>E. A. N.:<\/strong> 8421993910985<\/p>\n<p><strong>Kode:<\/strong> 10010044<\/p>\n<p><strong>Nettov\u00e6gt <\/strong>: 110g \/ 70g<\/p>\n<p><strong>Antal fileter\/antal stykker:<\/strong> 12<\/p>\n<p>Conservas <a href=\"https:\/\/latiendadesami.com\/marca\/arlequin\/\" target=\"_blank\" rel=\"noopener noreferrer nofollow\">Arlequ\u00edns<\/a> mission er at tilbyde et godt produkt, den bedste service og et bredt udvalg af fiskekonserves til den bedste pris.<\/p>\n<p>De er ogs\u00e5 specialister i ansjoser, Anchoa Arlequin Serie Oro 00, Serie Platinum i olivenolie, ansjoser, bonito, gulfinnet tun, muslinger, makrel og sardiner.<\/p>\n<p>For eksempel sagde Comidista i avisen El Pa\u00eds om ventrescaen: &#8220;Den er s\u00e5 bl\u00f8d, n\u00e6sten cremet, at man f\u00e5r lyst til at gifte sig med den og leve lykkeligt, indtil Herren tager dig&#8221;.<\/p>\n<h4>De vigtigste fordele ved d\u00e5semad<\/h4>\n<ol>\n<li>De bevarer alle de ern\u00e6ringsm\u00e6ssige egenskaber i selve maden. Maden bevarer sin friskhed. <\/li>\n<li>De anvendte f\u00f8devarer er sunde og derfor velegnede til en optimal kost p\u00e5 grund af deres h\u00f8je vitamin- og proteinindhold.<\/li>\n<li>Disse produkter har en l\u00e6ngere levetid (2-5 \u00e5r er typisk).<\/li>\n<li>Konserverne er meget nemme at opbevare, da deres emballage er nem at anvende.<\/li>\n<\/ol>\n<p>Hvis du vil k\u00f8be tun eller andre former for <a href=\"https:\/\/latiendadesami.com\/categoria-producto\/conservas\/\" rel=\"noopener noreferrer nofollow\" target=\"_blank\">d\u00e5semad<\/a>, s\u00e5 t\u00f8v ikke med at tage et kig p\u00e5 vores onlinekatalog for at se det store udvalg af <a href=\"https:\/\/latiendadesami.com\/categoria-producto\/conservas\/atun-y-bonito\/\" target=\"_blank\" rel=\"noopener noreferrer nofollow\">tun<\/a>, vi har.<\/p>\n<p>Skriv til os for mere information.<\/p>\n","protected":false},"excerpt":{"rendered":"<p>Arlequin Platinum Series Ansjos i olivenolie er et h\u00e5ndv\u00e6rksm\u00e6ssigt konserveret produkt. E. A. N.: 8421993910985 Kode: 10010044 Nettov\u00e6gt : 110g \/ 70g Antal fileter\/antal stykker: 12 Conservas Arlequ\u00edns mission er at tilbyde et godt produkt, den bedste service og et bredt udvalg af fiskekonserves til den bedste pris. De er ogs\u00e5 specialister i ansjoser, Anchoa [&hellip;]<\/p>\n","protected":false},"featured_media":38803,"template":"","meta":{"_et_pb_use_builder":"","_et_pb_old_content":"","_et_gb_content_width":""},"product_brand":[1162],"product_cat":[5237,1860],"product_tag":[8228],"class_list":{"0":"post-38802","1":"product","2":"type-product","3":"status-publish","4":"has-post-thumbnail","6":"product_brand-arlequin","7":"product_cat-ansjoser-da-3","8":"product_cat-koldt","9":"product_tag-platin-serien","10":"product_shipping_class-kold-forsendelse","12":"first","13":"outofstock","14":"sale","15":"taxable","16":"shipping-taxable","17":"purchasable","18":"product-type-simple"},"_links":{"self":[{"href":"https:\/\/myspainfood.com\/da\/wp-json\/wp\/v2\/product\/38802","targetHints":{"allow":["GET"]}}],"collection":[{"href":"https:\/\/myspainfood.com\/da\/wp-json\/wp\/v2\/product"}],"about":[{"href":"https:\/\/myspainfood.com\/da\/wp-json\/wp\/v2\/types\/product"}],"wp:featuredmedia":[{"embeddable":true,"href":"https:\/\/myspainfood.com\/da\/wp-json\/wp\/v2\/media\/38803"}],"wp:attachment":[{"href":"https:\/\/myspainfood.com\/da\/wp-json\/wp\/v2\/media?parent=38802"}],"wp:term":[{"taxonomy":"product_brand","embeddable":true,"href":"https:\/\/myspainfood.com\/da\/wp-json\/wp\/v2\/product_brand?post=38802"},{"taxonomy":"product_cat","embeddable":true,"href":"https:\/\/myspainfood.com\/da\/wp-json\/wp\/v2\/product_cat?post=38802"},{"taxonomy":"product_tag","embeddable":true,"href":"https:\/\/myspainfood.com\/da\/wp-json\/wp\/v2\/product_tag?post=38802"}],"curies":[{"name":"wp","href":"https:\/\/api.w.org\/{rel}","templated":true}]}}