{"id":39281,"date":"2025-04-10T12:09:43","date_gmt":"2025-04-10T10:09:43","guid":{"rendered":"https:\/\/myspainfood.com\/producto\/el-gran-cardenal-semikaernet-san-isidro-ost\/"},"modified":"2025-07-28T13:13:39","modified_gmt":"2025-07-28T11:13:39","slug":"el-gran-cardenal-semikaernet-san-isidro-ost","status":"publish","type":"product","link":"https:\/\/myspainfood.com\/da\/producto\/el-gran-cardenal-semikaernet-san-isidro-ost\/","title":{"rendered":"El Gran Cardenal Semik\u00e6rnet San Isidro-ost"},"content":{"rendered":"<p>Den mildeste af ostene p\u00e5 grund af dens h\u00f8jere indhold af kom\u00e6lk og med mindst 10 % f\u00e5rem\u00e6lk.<\/p>\n<p>Den findes i to typer afh\u00e6ngigt af h\u00e6rdningen, halvh\u00e6rdet (fra 2 til 4 m\u00e5neders h\u00e6rdning) og h\u00e6rdet (fra 4 til 6 m\u00e5neders h\u00e6rdning).<\/p>\n","protected":false},"excerpt":{"rendered":"<p>Den mildeste af ostene p\u00e5 grund af dens h\u00f8jere indhold af kom\u00e6lk og med mindst 10 % f\u00e5rem\u00e6lk. Den findes i to typer afh\u00e6ngigt af h\u00e6rdningen, halvh\u00e6rdet (fra 2 til 4 m\u00e5neders h\u00e6rdning) og h\u00e6rdet (fra 4 til 6 m\u00e5neders h\u00e6rdning).<\/p>\n","protected":false},"featured_media":39284,"template":"","meta":{"_et_pb_use_builder":"","_et_pb_old_content":"","_et_gb_content_width":""},"product_brand":[1319],"product_cat":[2752,1860,2292],"product_tag":[],"class_list":{"0":"post-39281","1":"product","2":"type-product","3":"status-publish","4":"has-post-thumbnail","6":"product_brand-el-gran-cardenal","7":"product_cat-haerdning","8":"product_cat-koldt","9":"product_cat-ost-og-polse-da","10":"product_shipping_class-kold-forsendelse","12":"first","13":"outofstock","14":"taxable","15":"shipping-taxable","16":"product-type-variable"},"_links":{"self":[{"href":"https:\/\/myspainfood.com\/da\/wp-json\/wp\/v2\/product\/39281","targetHints":{"allow":["GET"]}}],"collection":[{"href":"https:\/\/myspainfood.com\/da\/wp-json\/wp\/v2\/product"}],"about":[{"href":"https:\/\/myspainfood.com\/da\/wp-json\/wp\/v2\/types\/product"}],"wp:featuredmedia":[{"embeddable":true,"href":"https:\/\/myspainfood.com\/da\/wp-json\/wp\/v2\/media\/39284"}],"wp:attachment":[{"href":"https:\/\/myspainfood.com\/da\/wp-json\/wp\/v2\/media?parent=39281"}],"wp:term":[{"taxonomy":"product_brand","embeddable":true,"href":"https:\/\/myspainfood.com\/da\/wp-json\/wp\/v2\/product_brand?post=39281"},{"taxonomy":"product_cat","embeddable":true,"href":"https:\/\/myspainfood.com\/da\/wp-json\/wp\/v2\/product_cat?post=39281"},{"taxonomy":"product_tag","embeddable":true,"href":"https:\/\/myspainfood.com\/da\/wp-json\/wp\/v2\/product_tag?post=39281"}],"curies":[{"name":"wp","href":"https:\/\/api.w.org\/{rel}","templated":true}]}}