{"id":39374,"date":"2025-04-10T12:09:47","date_gmt":"2025-04-10T10:09:47","guid":{"rendered":"https:\/\/myspainfood.com\/producto\/asparges-4-6-oti\/"},"modified":"2025-04-10T12:09:47","modified_gmt":"2025-04-10T10:09:47","slug":"asparges-4-6-oti","status":"publish","type":"product","link":"https:\/\/myspainfood.com\/da\/producto\/asparges-4-6-oti\/","title":{"rendered":"Asparges 4\/6 OTI"},"content":{"rendered":"<p>Asparges 4\/6 OTI er et naturprodukt fremstillet p\u00e5 <a href=\"http:\/\/www.conservasoti.es\/paginas\/historia.html\" target=\"_blank\" rel=\"noopener noreferrer nofollow\">traditionel<\/a> vis.<\/p>\n<p>Som de fleste gr\u00f8ntsager er asparges rige p\u00e5 fibre og har ogs\u00e5 et lavt kalorieindhold, kun 23 Kcal pr. 100 g, takket v\u00e6re det lave kulhydratindhold og det faktum, at de er n\u00e6sten fedtfri.<\/p>\n<p>Conservas Oti er en virksomhed med en familietradition, hvis gode arbejde er g\u00e5et i arv fra generation til generation.<\/p>\n<p>Familiens h\u00e5rde arbejde og indsats har i h\u00f8j grad gjort det muligt for <span class=\"negrita\">Conservas Oti<\/span> at vokse og udvide.<\/p>\n<p>De vigtigste forretningsomr\u00e5der er From the Sea, From the Land og From the Farm.<\/p>\n<p>Fra havet: Muslinger, Ventresca, Sardinillas, Melva&#8230; Bonito del norte Costera OTI 415 g <\/p>\n<p>Lokale produkter omfatter: m\u00e6lkekik\u00e6rter, hvide kidneyb\u00f8nner, pintob\u00f8nner, pardinalinser&#8230;<\/p>\n<p>Fra g\u00e5rden: PUro de Oveja-ost, skinke fra iberiske agern, Salchich\u00f3n fra agern, chorizo fra iberiske agern&#8230;<\/p>\n<h4>De vigtigste fordele ved d\u00e5semad<\/h4>\n<ol>\n<li>De bevarer alle de ern\u00e6ringsm\u00e6ssige egenskaber i selve maden. Maden bevarer sin friskhed. <\/li>\n<li>De anvendte f\u00f8devarer er sunde og derfor velegnede til en optimal kost p\u00e5 grund af deres h\u00f8je vitamin- og proteinindhold.<\/li>\n<li>Disse produkter har en l\u00e6ngere levetid (2-5 \u00e5r er typisk).<\/li>\n<li>Konserverne er meget nemme at opbevare, da deres emballage er nem at anvende.<\/li>\n<\/ol>\n<p>Hvis du vil k\u00f8be tun eller andre former for <a href=\"https:\/\/latiendadesami.com\/categoria-producto\/conservas\/\" rel=\"noopener noreferrer nofollow\" target=\"_blank\">d\u00e5semad<\/a>, s\u00e5 t\u00f8v ikke med at tage et kig p\u00e5 vores onlinekatalog for at se det store udvalg af <a href=\"https:\/\/latiendadesami.com\/categoria-producto\/conservas\/atun-y-bonito\/\" target=\"_blank\" rel=\"noopener noreferrer nofollow\">tun<\/a>, vi har.<\/p>\n<p>Skriv til os for mere information.<\/p>\n","protected":false},"excerpt":{"rendered":"<p>Asparges 4\/6 OTI er et naturprodukt fremstillet p\u00e5 traditionel vis. Som de fleste gr\u00f8ntsager er asparges rige p\u00e5 fibre og har ogs\u00e5 et lavt kalorieindhold, kun 23 Kcal pr. 100 g, takket v\u00e6re det lave kulhydratindhold og det faktum, at de er n\u00e6sten fedtfri. Conservas Oti er en virksomhed med en familietradition, hvis gode arbejde [&hellip;]<\/p>\n","protected":false},"featured_media":39380,"template":"","meta":{"_et_pb_use_builder":"","_et_pb_old_content":"","_et_gb_content_width":""},"product_brand":[1075],"product_cat":[3052,3053],"product_tag":[],"class_list":{"0":"post-39374","1":"product","2":"type-product","3":"status-publish","4":"has-post-thumbnail","6":"product_brand-oti","7":"product_cat-engroshandel-da","8":"product_cat-konserves-da","10":"first","11":"outofstock","12":"taxable","13":"shipping-taxable","14":"product-type-variable"},"_links":{"self":[{"href":"https:\/\/myspainfood.com\/da\/wp-json\/wp\/v2\/product\/39374","targetHints":{"allow":["GET"]}}],"collection":[{"href":"https:\/\/myspainfood.com\/da\/wp-json\/wp\/v2\/product"}],"about":[{"href":"https:\/\/myspainfood.com\/da\/wp-json\/wp\/v2\/types\/product"}],"wp:featuredmedia":[{"embeddable":true,"href":"https:\/\/myspainfood.com\/da\/wp-json\/wp\/v2\/media\/39380"}],"wp:attachment":[{"href":"https:\/\/myspainfood.com\/da\/wp-json\/wp\/v2\/media?parent=39374"}],"wp:term":[{"taxonomy":"product_brand","embeddable":true,"href":"https:\/\/myspainfood.com\/da\/wp-json\/wp\/v2\/product_brand?post=39374"},{"taxonomy":"product_cat","embeddable":true,"href":"https:\/\/myspainfood.com\/da\/wp-json\/wp\/v2\/product_cat?post=39374"},{"taxonomy":"product_tag","embeddable":true,"href":"https:\/\/myspainfood.com\/da\/wp-json\/wp\/v2\/product_tag?post=39374"}],"curies":[{"name":"wp","href":"https:\/\/api.w.org\/{rel}","templated":true}]}}