{"id":39652,"date":"2025-04-10T12:14:28","date_gmt":"2025-04-10T10:14:28","guid":{"rendered":"https:\/\/myspainfood.com\/producto\/pincha-selection-bonitofilet-i-olivenolie-50-oliven-50-solsikke-400-g\/"},"modified":"2026-01-30T08:25:43","modified_gmt":"2026-01-30T07:25:43","slug":"pincha-selection-bonitofilet-i-olivenolie-50-oliven-50-solsikke-400-g","status":"publish","type":"product","link":"https:\/\/myspainfood.com\/da\/producto\/pincha-selection-bonitofilet-i-olivenolie-50-oliven-50-solsikke-400-g\/","title":{"rendered":"Pincha Selection Bonitofilet i olivenolie (50% oliven - 50% solsikke) 400 g"},"content":{"rendered":"<p><strong>Oplev havets h\u00f8jeste kvalitet og smag med Pincha Selecci\u00f3n Bonito Fillets in Oil.<\/strong> Dette eksklusive produkt, der pr\u00e6senteres i et format p\u00e5 400 gram, kombinerer tunens delikatesse med en perfekt blanding af oliven- og solsikkeolie og giver en unik kulinarisk oplevelse. <\/p>\n<p><strong>Produktets egenskaber:<\/strong><\/p>\n<ul>\n<li><strong>F\u00f8rsteklasses udvalg:<\/strong> Vores tunfileter er omhyggeligt udvalgt fra de bedste fangster, hvilket garanterer en m\u00f8r tekstur og en uds\u00f8gt smag.<\/li>\n<li><strong>Olieblanding af h\u00f8j kvalitet:<\/strong> Kombinationen af 50 % olivenolie og 50 % solsikkeolie giver en perfekt balance mellem smag og mildhed og fremh\u00e6ver tunens naturlige kvaliteter.<\/li>\n<li><strong>Ern\u00e6ringsm\u00e6ssige fordele:<\/strong> Dette produkt er en rig kilde til protein, omega-3 og vitaminer, ideelt til en afbalanceret og sund kost.<\/li>\n<li><strong>Alsidighed i k\u00f8kkenet:<\/strong> Perfekt til tilberedning af en lang r\u00e6kke retter, fra salater og tapas til pasta og hovedretter. Dens alsidighed g\u00f8r den til en uundv\u00e6rlig ingrediens i dit spisekammer. <\/li>\n<li><strong>Familieformat:<\/strong> 400 gram-pakken er ideel til familier eller til dem, der \u00f8nsker en praktisk og \u00f8konomisk mulighed for deres daglige tilberedninger.<\/li>\n<\/ul>\n<p><strong>Fordele ved at v\u00e6lge Pincha Selecci\u00f3n:<\/strong><\/p>\n<ul>\n<li><strong>Forpligtelse til excellence:<\/strong> Vi str\u00e6ber efter at tilbyde fiske- og skaldyrsprodukter af h\u00f8jeste kvalitet med fokus p\u00e5 b\u00e6redygtighed og respekt for milj\u00f8et.<\/li>\n<li><strong>Autentisk smag af havet:<\/strong> Nyd den autentiske smag af bonito, en fisk, der er v\u00e6rdsat for sit delikate hvide k\u00f8d.<\/li>\n<li><strong>Optimal konservering:<\/strong> Vi bruger traditionelle konserveringsmetoder for at sikre, at hver bonitokam bevarer sine ern\u00e6ringsm\u00e6ssige egenskaber og sin friskhed.<\/li>\n<\/ul>\n<p><strong>Tips til konservering:<\/strong><\/p>\n<p>Opbevar produktet p\u00e5 et k\u00f8ligt og t\u00f8rt sted, s\u00e5 det holder sig bedst. N\u00e5r det er \u00e5bnet, skal det opbevares p\u00e5 k\u00f8l og forbruges inden for 3 dage. <\/p>\n<p><strong>Nyd en gastronomisk oplevelse i s\u00e6rklasse:<\/strong><\/p>\n<p>Tilf\u00f8j et strejf af elegance og smag til dine m\u00e5ltider med <strong>Pincha Selecci\u00f3n Bonito Fillets in Oil (50% Olive - 50% Sunflower)<\/strong>. Perfekt til dem, der s\u00e6tter pris p\u00e5 kvalitet, ern\u00e6ring og smag i hver eneste bid. <\/p>\n<p>G\u00f8r hvert m\u00e5ltid til en gourmetoplevelse med Pincha Selecci\u00f3n!<\/p>\n","protected":false},"excerpt":{"rendered":"<p>Oplev havets h\u00f8jeste kvalitet og smag med Pincha Selecci\u00f3n Bonito Fillets in Oil. Dette eksklusive produkt, der pr\u00e6senteres i et format p\u00e5 400 gram, kombinerer tunens delikatesse med en perfekt blanding af oliven- og solsikkeolie og giver en unik kulinarisk oplevelse. Produktets egenskaber: F\u00f8rsteklasses udvalg: Vores tunfileter er omhyggeligt udvalgt fra de bedste fangster, hvilket [&hellip;]<\/p>\n","protected":false},"featured_media":39655,"template":"","meta":{"_et_pb_use_builder":"","_et_pb_old_content":"","_et_gb_content_width":""},"product_brand":[1467],"product_cat":[1648,4298],"product_tag":[],"class_list":{"0":"post-39652","1":"product","2":"type-product","3":"status-publish","4":"has-post-thumbnail","6":"product_brand-pincha-seleccion","7":"product_cat-konserves","8":"product_cat-tun-og-bonito","10":"first","11":"instock","12":"featured","13":"taxable","14":"shipping-taxable","15":"purchasable","16":"product-type-variable"},"_links":{"self":[{"href":"https:\/\/myspainfood.com\/da\/wp-json\/wp\/v2\/product\/39652","targetHints":{"allow":["GET"]}}],"collection":[{"href":"https:\/\/myspainfood.com\/da\/wp-json\/wp\/v2\/product"}],"about":[{"href":"https:\/\/myspainfood.com\/da\/wp-json\/wp\/v2\/types\/product"}],"wp:featuredmedia":[{"embeddable":true,"href":"https:\/\/myspainfood.com\/da\/wp-json\/wp\/v2\/media\/39655"}],"wp:attachment":[{"href":"https:\/\/myspainfood.com\/da\/wp-json\/wp\/v2\/media?parent=39652"}],"wp:term":[{"taxonomy":"product_brand","embeddable":true,"href":"https:\/\/myspainfood.com\/da\/wp-json\/wp\/v2\/product_brand?post=39652"},{"taxonomy":"product_cat","embeddable":true,"href":"https:\/\/myspainfood.com\/da\/wp-json\/wp\/v2\/product_cat?post=39652"},{"taxonomy":"product_tag","embeddable":true,"href":"https:\/\/myspainfood.com\/da\/wp-json\/wp\/v2\/product_tag?post=39652"}],"curies":[{"name":"wp","href":"https:\/\/api.w.org\/{rel}","templated":true}]}}