{"id":39718,"date":"2025-04-10T12:12:57","date_gmt":"2025-04-10T10:12:57","guid":{"rendered":"https:\/\/myspainfood.com\/producto\/la-vieja-fabrica-jordbaersyltetoej-diet-280-g\/"},"modified":"2025-04-10T12:12:57","modified_gmt":"2025-04-10T10:12:57","slug":"la-vieja-fabrica-jordbaersyltetoej-diet-280-g","status":"publish","type":"product","link":"https:\/\/myspainfood.com\/da\/producto\/la-vieja-fabrica-jordbaersyltetoej-diet-280-g\/","title":{"rendered":"La Vieja F\u00e1brica Jordb\u00e6rsyltet\u00f8j DIET 280 g"},"content":{"rendered":"<p>La Vieja F\u00e1brica&#8217;s Diet Strawberry Jam er et l\u00e6kkert og sundt alternativ til dem, der gerne vil nyde den autentiske smag af jordb\u00e6r uden at tils\u00e6tte raffineret sukker. Denne di\u00e6tmarmelade er lavet med naturlige ingredienser og s\u00f8demidler med lavt kalorieindhold og er et perfekt alternativ til dem, der holder \u00f8je med deres kalorie- og glyk\u00e6miske indtag. <\/p>\n<p><span class=\"info-key \"><strong>F\u00f8devarens navn<\/strong>:<\/span> Jordb\u00e6rmarmelade light<\/p>\n<p>Den <span class=\"info-key \"><strong>erhvervsdrivendes navn<\/strong>:<\/span> \u00c1ngel Camacho Alimentaci\u00f3n, S.L.<\/p>\n<p><span class=\"info-key \"><strong>Operat\u00f8rens adresse<\/strong>:<\/span> Avda. del Pilar, 6 - 41530 Mor\u00f3n de la Frontera (Sevilla)<\/p>\n<p><strong><span class=\"info-key \">F\u00f8devarens oprindelsessted:<\/span><\/strong> Produkt fra Spanien<\/p>\n<p><strong><span class=\"info-key \">Nettom\u00e6ngde:<\/span><\/strong> 280 g<\/p>\n<p><strong><span class=\"info-key \">Andre obligatoriske m\u00e6rkningsoplysninger:<\/span><\/strong> Velegnet til diabetikere. Fremstillet med 55 g jordb\u00e6r pr. 100 g. <\/p>\n<p><strong>Samlet sukkerindhold<\/strong> 42 g pr. 100 g.<\/p>\n","protected":false},"excerpt":{"rendered":"<p>La Vieja F\u00e1brica&#8217;s Diet Strawberry Jam er et l\u00e6kkert og sundt alternativ til dem, der gerne vil nyde den autentiske smag af jordb\u00e6r uden at tils\u00e6tte raffineret sukker. Denne di\u00e6tmarmelade er lavet med naturlige ingredienser og s\u00f8demidler med lavt kalorieindhold og er et perfekt alternativ til dem, der holder \u00f8je med deres kalorie- og glyk\u00e6miske [&hellip;]<\/p>\n","protected":false},"featured_media":39724,"template":"","meta":{"_et_pb_use_builder":"","_et_pb_old_content":"","_et_gb_content_width":""},"product_brand":[1460],"product_cat":[1648],"product_tag":[],"class_list":{"0":"post-39718","1":"product","2":"type-product","3":"status-publish","4":"has-post-thumbnail","6":"product_brand-la-vieja-fabrica","7":"product_cat-konserves","9":"first","10":"outofstock","11":"taxable","12":"shipping-taxable","13":"product-type-variable"},"_links":{"self":[{"href":"https:\/\/myspainfood.com\/da\/wp-json\/wp\/v2\/product\/39718","targetHints":{"allow":["GET"]}}],"collection":[{"href":"https:\/\/myspainfood.com\/da\/wp-json\/wp\/v2\/product"}],"about":[{"href":"https:\/\/myspainfood.com\/da\/wp-json\/wp\/v2\/types\/product"}],"wp:featuredmedia":[{"embeddable":true,"href":"https:\/\/myspainfood.com\/da\/wp-json\/wp\/v2\/media\/39724"}],"wp:attachment":[{"href":"https:\/\/myspainfood.com\/da\/wp-json\/wp\/v2\/media?parent=39718"}],"wp:term":[{"taxonomy":"product_brand","embeddable":true,"href":"https:\/\/myspainfood.com\/da\/wp-json\/wp\/v2\/product_brand?post=39718"},{"taxonomy":"product_cat","embeddable":true,"href":"https:\/\/myspainfood.com\/da\/wp-json\/wp\/v2\/product_cat?post=39718"},{"taxonomy":"product_tag","embeddable":true,"href":"https:\/\/myspainfood.com\/da\/wp-json\/wp\/v2\/product_tag?post=39718"}],"curies":[{"name":"wp","href":"https:\/\/api.w.org\/{rel}","templated":true}]}}