{"id":39806,"date":"2025-04-10T12:12:57","date_gmt":"2025-04-10T10:12:57","guid":{"rendered":"https:\/\/myspainfood.com\/producto\/la-vieja-fabrica-skovfrugtmarmelade-280-g\/"},"modified":"2025-07-31T16:55:49","modified_gmt":"2025-07-31T14:55:49","slug":"la-vieja-fabrica-skovfrugtmarmelade-280-g","status":"publish","type":"product","link":"https:\/\/myspainfood.com\/da\/producto\/la-vieja-fabrica-skovfrugtmarmelade-280-g\/","title":{"rendered":"La Vieja F\u00e1brica Skovfrugtmarmelade 280 g"},"content":{"rendered":"<p>La Vieja F\u00e1bricas skovfrugtmarmelade er en uds\u00f8gt kombination af skovens bedste frugter, der er n\u00f8je udvalgt til at give en unik og l\u00e6kker smag. Dette produkt udm\u00e6rker sig ved sin h\u00e5ndv\u00e6rksm\u00e6ssige produktion og sit engagement i kvalitet og giver en gastronomisk oplevelse, der fremkalder naturens essens i hver eneste skefuld. <\/p>\n<p><span class=\"info-key \"><strong>F\u00f8devarens navn<\/strong>:<\/span> Skovfrugtmarmelade<\/p>\n<p>Den <span class=\"info-key \"><strong>erhvervsdrivendes navn<\/strong>:<\/span> \u00c1ngel Camacho Alimentaci\u00f3n, S.L.<\/p>\n<p><strong><span class=\"info-key \">Operat\u00f8rens adresse:<\/span><\/strong> Avda. del Pilar, 6 - 41530 Mor\u00f3n de la Frontera (Sevilla).<\/p>\n<p><span class=\"info-key \"><strong>F\u00f8devarens oprindelsessted<\/strong>:<\/span> Produkt fra Spanien<\/p>\n<p><span class=\"info-key \"><strong>Nettom\u00e6ngde<\/strong>:<\/span> 350 g<\/p>\n<p><span class=\"info-key \"><strong>Andre obligatoriske m\u00e6rkningsoplysninger<\/strong>:<\/span> Fremstillet med 45 g b\u00e6r pr. 100 g.<\/p>\n<p> <strong> Samlet sukkerindhold<\/strong> 50 g pr. 100 g.<\/p>\n","protected":false},"excerpt":{"rendered":"<p>La Vieja F\u00e1bricas skovfrugtmarmelade er en uds\u00f8gt kombination af skovens bedste frugter, der er n\u00f8je udvalgt til at give en unik og l\u00e6kker smag. Dette produkt udm\u00e6rker sig ved sin h\u00e5ndv\u00e6rksm\u00e6ssige produktion og sit engagement i kvalitet og giver en gastronomisk oplevelse, der fremkalder naturens essens i hver eneste skefuld. F\u00f8devarens navn: Skovfrugtmarmelade Den erhvervsdrivendes [&hellip;]<\/p>\n","protected":false},"featured_media":39811,"template":"","meta":{"_et_pb_use_builder":"","_et_pb_old_content":"","_et_gb_content_width":""},"product_brand":[1460],"product_cat":[1648],"product_tag":[],"class_list":{"0":"post-39806","1":"product","2":"type-product","3":"status-publish","4":"has-post-thumbnail","6":"product_brand-la-vieja-fabrica","7":"product_cat-konserves","9":"first","10":"outofstock","11":"taxable","12":"shipping-taxable","13":"product-type-variable"},"_links":{"self":[{"href":"https:\/\/myspainfood.com\/da\/wp-json\/wp\/v2\/product\/39806","targetHints":{"allow":["GET"]}}],"collection":[{"href":"https:\/\/myspainfood.com\/da\/wp-json\/wp\/v2\/product"}],"about":[{"href":"https:\/\/myspainfood.com\/da\/wp-json\/wp\/v2\/types\/product"}],"wp:featuredmedia":[{"embeddable":true,"href":"https:\/\/myspainfood.com\/da\/wp-json\/wp\/v2\/media\/39811"}],"wp:attachment":[{"href":"https:\/\/myspainfood.com\/da\/wp-json\/wp\/v2\/media?parent=39806"}],"wp:term":[{"taxonomy":"product_brand","embeddable":true,"href":"https:\/\/myspainfood.com\/da\/wp-json\/wp\/v2\/product_brand?post=39806"},{"taxonomy":"product_cat","embeddable":true,"href":"https:\/\/myspainfood.com\/da\/wp-json\/wp\/v2\/product_cat?post=39806"},{"taxonomy":"product_tag","embeddable":true,"href":"https:\/\/myspainfood.com\/da\/wp-json\/wp\/v2\/product_tag?post=39806"}],"curies":[{"name":"wp","href":"https:\/\/api.w.org\/{rel}","templated":true}]}}