{"id":39874,"date":"2025-04-10T12:13:20","date_gmt":"2025-04-10T10:13:20","guid":{"rendered":"https:\/\/myspainfood.com\/producto\/vin-mataromera-ribera-del-duero-crianza-2019-oprindelsesbetegnelse-75-cl\/"},"modified":"2026-01-29T12:53:50","modified_gmt":"2026-01-29T11:53:50","slug":"vin-mataromera-ribera-del-duero-crianza-2019-oprindelsesbetegnelse-75-cl","status":"publish","type":"product","link":"https:\/\/myspainfood.com\/da\/producto\/vin-mataromera-ribera-del-duero-crianza-2019-oprindelsesbetegnelse-75-cl\/","title":{"rendered":"Vin Mataromera Ribera del Duero Crianza 2019 Oprindelsesbetegnelse 75 cl"},"content":{"rendered":"<p>Mataromera er en ber\u00f8mt ving\u00e5rd i Ribera del Duero, kendt for sin dedikation til ekspertise og brugen af vindyrkning og vinfremstillingsteknikker, der respekterer b\u00e5de tradition og innovation. Denne vin afspejler den unikke karakter af vinmarkerne, der ligger p\u00e5 skr\u00e5ningerne i Duero-dalen, hvor det ekstreme kontinentale klima og jordbunden af ler og kalksten giver ideelle betingelser for dyrkning af Tempranillo. <\/p>\n<p>&nbsp;<\/p>\n<p>Denne vin er et autentisk udtryk for Ribera del Duero og giver en rig og mindev\u00e6rdig sanseoplevelse. Perfekt til s\u00e6rlige fester eller til at nyde ved et sofistikeret middagsselskab. <\/p>\n<p>&nbsp;<\/p>\n<p>Lagret p\u00e5 franske og amerikanske egetr\u00e6sfade i ca. 14 m\u00e5neder, efterfulgt af en yderligere periode med raffinement i flasken.<\/p>\n","protected":false},"excerpt":{"rendered":"<p>Mataromera er en ber\u00f8mt ving\u00e5rd i Ribera del Duero, kendt for sin dedikation til ekspertise og brugen af vindyrkning og vinfremstillingsteknikker, der respekterer b\u00e5de tradition og innovation. Denne vin afspejler den unikke karakter af vinmarkerne, der ligger p\u00e5 skr\u00e5ningerne i Duero-dalen, hvor det ekstreme kontinentale klima og jordbunden af ler og kalksten giver ideelle betingelser [&hellip;]<\/p>\n","protected":false},"featured_media":39878,"template":"","meta":{"_et_pb_use_builder":"","_et_pb_old_content":"","_et_gb_content_width":""},"product_brand":[1462],"product_cat":[4899,6303],"product_tag":[],"class_list":{"0":"post-39874","1":"product","2":"type-product","3":"status-publish","4":"has-post-thumbnail","6":"product_brand-matarromera","7":"product_cat-drikkevarer-da","8":"product_cat-vin-da-3","10":"first","11":"outofstock","12":"taxable","13":"shipping-taxable","14":"product-type-variable"},"_links":{"self":[{"href":"https:\/\/myspainfood.com\/da\/wp-json\/wp\/v2\/product\/39874","targetHints":{"allow":["GET"]}}],"collection":[{"href":"https:\/\/myspainfood.com\/da\/wp-json\/wp\/v2\/product"}],"about":[{"href":"https:\/\/myspainfood.com\/da\/wp-json\/wp\/v2\/types\/product"}],"wp:featuredmedia":[{"embeddable":true,"href":"https:\/\/myspainfood.com\/da\/wp-json\/wp\/v2\/media\/39878"}],"wp:attachment":[{"href":"https:\/\/myspainfood.com\/da\/wp-json\/wp\/v2\/media?parent=39874"}],"wp:term":[{"taxonomy":"product_brand","embeddable":true,"href":"https:\/\/myspainfood.com\/da\/wp-json\/wp\/v2\/product_brand?post=39874"},{"taxonomy":"product_cat","embeddable":true,"href":"https:\/\/myspainfood.com\/da\/wp-json\/wp\/v2\/product_cat?post=39874"},{"taxonomy":"product_tag","embeddable":true,"href":"https:\/\/myspainfood.com\/da\/wp-json\/wp\/v2\/product_tag?post=39874"}],"curies":[{"name":"wp","href":"https:\/\/api.w.org\/{rel}","templated":true}]}}