{"id":39913,"date":"2025-04-10T12:13:45","date_gmt":"2025-04-10T10:13:45","guid":{"rendered":"https:\/\/myspainfood.com\/producto\/sierra-zarza-gourmet-gedeost-750-gram\/"},"modified":"2025-09-02T10:53:42","modified_gmt":"2025-09-02T08:53:42","slug":"sierra-zarza-gourmet-gedeost-750-gram","status":"publish","type":"product","link":"https:\/\/myspainfood.com\/da\/producto\/sierra-zarza-gourmet-gedeost-750-gram\/","title":{"rendered":"Sierra Zarza Gourmet Gedeost 750 gram"},"content":{"rendered":"<p>Oplev den autentiske essens af landskabet med vores uds\u00f8gte Sierra Zarza-gedeost, en h\u00e5ndv\u00e6rksm\u00e6ssig nydelse, der er indbegrebet af traditionen og kvaliteten af den reneste gedem\u00e6lk. Osten kommer fra udvalgte bes\u00e6tninger, der gr\u00e6sser frit p\u00e5 Sierra Zarzas skr\u00e5ninger, og den er en gastronomisk oplevelse uden sidestykke. <\/p>\n<p>Sierra Zarza gedeost kommer i en elegant pr\u00e6sentation, der er ideel til b\u00e5de s\u00e6rlige lejligheder og hverdagsbrug. Den er perfekt til hvid- og ros\u00e9vin, og den er ogs\u00e5 en fremragende tilf\u00f8jelse til salater, tapas og gourmetdesserter. Dens alsidighed i k\u00f8kkenet g\u00f8r den til en uundv\u00e6rlig ingrediens for alle, der elsker god mad.  <\/p>\n<p>Oplev den autentiske essens af landskabet med vores uds\u00f8gte Sierra Zarza-gedeost, en h\u00e5ndv\u00e6rksm\u00e6ssig nydelse, der er indbegrebet af traditionen og kvaliteten af den reneste gedem\u00e6lk. Osten kommer fra udvalgte bes\u00e6tninger, der gr\u00e6sser frit p\u00e5 Sierra Zarzas skr\u00e5ninger, og den er en gastronomisk oplevelse uden sidestykke. <\/p>\n<p>&nbsp;<\/p>\n<p>Sierra Zarza gedeost kommer i en elegant pr\u00e6sentation, der er ideel til b\u00e5de s\u00e6rlige lejligheder og hverdagsbrug. Den er perfekt til hvid- og ros\u00e9vin, og den er ogs\u00e5 en fremragende tilf\u00f8jelse til salater, tapas og gourmetdesserter. Dens alsidighed i k\u00f8kkenet g\u00f8r den til en uundv\u00e6rlig ingrediens for alle, der elsker god mad.  <\/p>\n","protected":false},"excerpt":{"rendered":"<p>Oplev den autentiske essens af landskabet med vores uds\u00f8gte Sierra Zarza-gedeost, en h\u00e5ndv\u00e6rksm\u00e6ssig nydelse, der er indbegrebet af traditionen og kvaliteten af den reneste gedem\u00e6lk. Osten kommer fra udvalgte bes\u00e6tninger, der gr\u00e6sser frit p\u00e5 Sierra Zarzas skr\u00e5ninger, og den er en gastronomisk oplevelse uden sidestykke. Sierra Zarza gedeost kommer i en elegant pr\u00e6sentation, der er [&hellip;]<\/p>\n","protected":false},"featured_media":39918,"template":"","meta":{"_et_pb_use_builder":"","_et_pb_old_content":"","_et_gb_content_width":""},"product_brand":[1465],"product_cat":[2752,2292],"product_tag":[],"class_list":{"0":"post-39913","1":"product","2":"type-product","3":"status-publish","4":"has-post-thumbnail","6":"product_brand-sierra-zarza","7":"product_cat-haerdning","8":"product_cat-ost-og-polse-da","10":"first","11":"outofstock","12":"taxable","13":"shipping-taxable","14":"purchasable","15":"product-type-variable"},"_links":{"self":[{"href":"https:\/\/myspainfood.com\/da\/wp-json\/wp\/v2\/product\/39913","targetHints":{"allow":["GET"]}}],"collection":[{"href":"https:\/\/myspainfood.com\/da\/wp-json\/wp\/v2\/product"}],"about":[{"href":"https:\/\/myspainfood.com\/da\/wp-json\/wp\/v2\/types\/product"}],"wp:featuredmedia":[{"embeddable":true,"href":"https:\/\/myspainfood.com\/da\/wp-json\/wp\/v2\/media\/39918"}],"wp:attachment":[{"href":"https:\/\/myspainfood.com\/da\/wp-json\/wp\/v2\/media?parent=39913"}],"wp:term":[{"taxonomy":"product_brand","embeddable":true,"href":"https:\/\/myspainfood.com\/da\/wp-json\/wp\/v2\/product_brand?post=39913"},{"taxonomy":"product_cat","embeddable":true,"href":"https:\/\/myspainfood.com\/da\/wp-json\/wp\/v2\/product_cat?post=39913"},{"taxonomy":"product_tag","embeddable":true,"href":"https:\/\/myspainfood.com\/da\/wp-json\/wp\/v2\/product_tag?post=39913"}],"curies":[{"name":"wp","href":"https:\/\/api.w.org\/{rel}","templated":true}]}}