{"id":40004,"date":"2025-04-10T12:13:45","date_gmt":"2025-04-10T10:13:45","guid":{"rendered":"https:\/\/myspainfood.com\/producto\/ramon-bilbao-rioja-crianza-2020-oprindelsesbetegnelse-75-cl\/"},"modified":"2026-01-29T13:01:59","modified_gmt":"2026-01-29T12:01:59","slug":"ramon-bilbao-rioja-crianza-2020-oprindelsesbetegnelse-75-cl","status":"publish","type":"product","link":"https:\/\/myspainfood.com\/da\/producto\/ramon-bilbao-rioja-crianza-2020-oprindelsesbetegnelse-75-cl\/","title":{"rendered":"Ramon Bilbao Rioja Crianza 2020 Oprindelsesbetegnelse 75 cl"},"content":{"rendered":"<p>Oplev Riojas fortr\u00e6ffeligheder med Ram\u00f3n Bilbao Crianza 2020, en r\u00f8dvin, der afspejler traditionen og den innovative \u00e5nd hos en af Spaniens mest prestigefyldte ving\u00e5rde. Denne vin er fremstillet med omhyggelig opm\u00e6rksomhed p\u00e5 detaljer og er en autentisk repr\u00e6sentation af Rioja-regionens kvalitet og karakter. <\/p>\n<p>&nbsp;<\/p>\n<p>Ving\u00e5rden Ram\u00f3n Bilbao, der blev grundlagt i 1924, kombinerer Riojas vinfremstillingstradition med en innovativ vision og skaber vine, der b\u00e5de er en hyldest til regionens arv og et udtryk for modernitet. Ram\u00f3n Bilbao Crianza 2020 er en vin, der inviterer dig til at udforske Riojas rigdom og mangfoldighed, og den er ideel til enhver lejlighed, fra formelle middage til uformelle sammenkomster. <\/p>\n","protected":false},"excerpt":{"rendered":"<p>Oplev Riojas fortr\u00e6ffeligheder med Ram\u00f3n Bilbao Crianza 2020, en r\u00f8dvin, der afspejler traditionen og den innovative \u00e5nd hos en af Spaniens mest prestigefyldte ving\u00e5rde. Denne vin er fremstillet med omhyggelig opm\u00e6rksomhed p\u00e5 detaljer og er en autentisk repr\u00e6sentation af Rioja-regionens kvalitet og karakter. &nbsp; Ving\u00e5rden Ram\u00f3n Bilbao, der blev grundlagt i 1924, kombinerer Riojas vinfremstillingstradition [&hellip;]<\/p>\n","protected":false},"featured_media":40009,"template":"","meta":{"_et_pb_use_builder":"","_et_pb_old_content":"","_et_gb_content_width":""},"product_brand":[1463],"product_cat":[4899,6303],"product_tag":[],"class_list":{"0":"post-40004","1":"product","2":"type-product","3":"status-publish","4":"has-post-thumbnail","6":"product_brand-ramon-bilbao","7":"product_cat-drikkevarer-da","8":"product_cat-vin-da-3","10":"first","11":"outofstock","12":"taxable","13":"shipping-taxable","14":"product-type-variable"},"_links":{"self":[{"href":"https:\/\/myspainfood.com\/da\/wp-json\/wp\/v2\/product\/40004","targetHints":{"allow":["GET"]}}],"collection":[{"href":"https:\/\/myspainfood.com\/da\/wp-json\/wp\/v2\/product"}],"about":[{"href":"https:\/\/myspainfood.com\/da\/wp-json\/wp\/v2\/types\/product"}],"wp:featuredmedia":[{"embeddable":true,"href":"https:\/\/myspainfood.com\/da\/wp-json\/wp\/v2\/media\/40009"}],"wp:attachment":[{"href":"https:\/\/myspainfood.com\/da\/wp-json\/wp\/v2\/media?parent=40004"}],"wp:term":[{"taxonomy":"product_brand","embeddable":true,"href":"https:\/\/myspainfood.com\/da\/wp-json\/wp\/v2\/product_brand?post=40004"},{"taxonomy":"product_cat","embeddable":true,"href":"https:\/\/myspainfood.com\/da\/wp-json\/wp\/v2\/product_cat?post=40004"},{"taxonomy":"product_tag","embeddable":true,"href":"https:\/\/myspainfood.com\/da\/wp-json\/wp\/v2\/product_tag?post=40004"}],"curies":[{"name":"wp","href":"https:\/\/api.w.org\/{rel}","templated":true}]}}