{"id":40052,"date":"2025-04-10T12:14:06","date_gmt":"2025-04-10T10:14:06","guid":{"rendered":"https:\/\/myspainfood.com\/producto\/a-inigo-garbanzos-de-primera-3-kg\/"},"modified":"2025-07-31T16:56:42","modified_gmt":"2025-07-31T14:56:42","slug":"a-inigo-garbanzos-de-primera-3-kg","status":"publish","type":"product","link":"https:\/\/myspainfood.com\/da\/producto\/a-inigo-garbanzos-de-primera-3-kg\/","title":{"rendered":"A. I\u00f1igo Garbanzos de Primera 3 kg"},"content":{"rendered":"<p>Oplev <strong>Primera A. I\u00f1igos kik\u00e6rter. I\u00f1igo<\/strong>, omhyggeligt udvalgt for at give dig den bedste kvalitet og smag i hver b\u00f8nne. Disse f\u00f8rsteklasses kik\u00e6rter er den perfekte ingrediens til at l\u00f8fte dine retter og giver en glat og cremet konsistens, der passer til en bred vifte af opskrifter. <\/p>\n<p><strong>Fordele:<\/strong><\/p>\n<ul>\n<li><strong>N\u00e6ringsrig:<\/strong> H\u00f8jt indhold af fibre og protein, vigtigt for en sund og afbalanceret kost.<\/li>\n<li><strong>Energigivende:<\/strong> De giver energi og m\u00e6thed og er ideelle til alle dagens m\u00e5ltider.<\/li>\n<li><strong>Sundt:<\/strong> Uden tils\u00e6tningsstoffer eller konserveringsmidler er de et naturligt og sundt valg for hele familien.<\/li>\n<li><strong>Alsidighed i k\u00f8kkenet:<\/strong> De passer til en lang r\u00e6kke opskrifter, b\u00e5de traditionelle og moderne, s\u00e5 du kan lave l\u00e6kre og n\u00e6rende retter.<\/li>\n<\/ul>\n<p><strong>Anbefalinger til brug:<\/strong><\/p>\n<ul>\n<li><strong>Salater:<\/strong> Tils\u00e6t dem til dine salater for at f\u00e5 et strejf af tekstur og n\u00e6ring.<\/li>\n<li><strong>Gryderetter og supper:<\/strong> Perfekt til at berige gryderetter med k\u00f8d, fjerkr\u00e6 eller gr\u00f8ntsager samt tr\u00f8stende supper.<\/li>\n<li><strong>Hummus:<\/strong> Brug dem til at lave hjemmelavet hummus med tahin, citron, hvidl\u00f8g og olivenolie.<\/li>\n<li><strong>Traditionelle retter:<\/strong> Ideel til gryderetter og andre traditionelle spanske opskrifter.<\/li>\n<\/ul>\n<p><strong>Bevarelse:<\/strong><\/p>\n<ul>\n<li>Opbevares p\u00e5 et k\u00f8ligt, t\u00f8rt sted.<\/li>\n<li>Hold beholderen t\u00e6t lukket for at bevare friskheden.<\/li>\n<\/ul>\n","protected":false},"excerpt":{"rendered":"<p>Oplev Primera A. I\u00f1igos kik\u00e6rter. I\u00f1igo, omhyggeligt udvalgt for at give dig den bedste kvalitet og smag i hver b\u00f8nne. Disse f\u00f8rsteklasses kik\u00e6rter er den perfekte ingrediens til at l\u00f8fte dine retter og giver en glat og cremet konsistens, der passer til en bred vifte af opskrifter. Fordele: N\u00e6ringsrig: H\u00f8jt indhold af fibre og protein, [&hellip;]<\/p>\n","protected":false},"featured_media":40057,"template":"","meta":{"_et_pb_use_builder":"","_et_pb_old_content":"","_et_gb_content_width":""},"product_brand":[1461],"product_cat":[2192],"product_tag":[],"class_list":{"0":"post-40052","1":"product","2":"type-product","3":"status-publish","4":"has-post-thumbnail","6":"product_brand-a-inigo","7":"product_cat-testkategori","9":"first","10":"outofstock","11":"taxable","12":"shipping-taxable","13":"product-type-variable"},"_links":{"self":[{"href":"https:\/\/myspainfood.com\/da\/wp-json\/wp\/v2\/product\/40052","targetHints":{"allow":["GET"]}}],"collection":[{"href":"https:\/\/myspainfood.com\/da\/wp-json\/wp\/v2\/product"}],"about":[{"href":"https:\/\/myspainfood.com\/da\/wp-json\/wp\/v2\/types\/product"}],"wp:featuredmedia":[{"embeddable":true,"href":"https:\/\/myspainfood.com\/da\/wp-json\/wp\/v2\/media\/40057"}],"wp:attachment":[{"href":"https:\/\/myspainfood.com\/da\/wp-json\/wp\/v2\/media?parent=40052"}],"wp:term":[{"taxonomy":"product_brand","embeddable":true,"href":"https:\/\/myspainfood.com\/da\/wp-json\/wp\/v2\/product_brand?post=40052"},{"taxonomy":"product_cat","embeddable":true,"href":"https:\/\/myspainfood.com\/da\/wp-json\/wp\/v2\/product_cat?post=40052"},{"taxonomy":"product_tag","embeddable":true,"href":"https:\/\/myspainfood.com\/da\/wp-json\/wp\/v2\/product_tag?post=40052"}],"curies":[{"name":"wp","href":"https:\/\/api.w.org\/{rel}","templated":true}]}}