{"id":40226,"date":"2025-04-10T12:14:06","date_gmt":"2025-04-10T10:14:06","guid":{"rendered":"https:\/\/myspainfood.com\/producto\/pochas-blancas-de-navarra-a-inigo-autentisk-traditionel-smag-660-gr\/"},"modified":"2025-04-10T12:14:06","modified_gmt":"2025-04-10T10:14:06","slug":"pochas-blancas-de-navarra-a-inigo-autentisk-traditionel-smag-660-gr","status":"publish","type":"product","link":"https:\/\/myspainfood.com\/da\/producto\/pochas-blancas-de-navarra-a-inigo-autentisk-traditionel-smag-660-gr\/","title":{"rendered":"Pochas Blancas de Navarra A. I\u00f1igo - Autentisk traditionel smag 660 gr"},"content":{"rendered":"<p>A. I\u00f1igos Pochas Blancas er en traditionel delikatesse fra Navarra-regionen, der er kendt for sin enest\u00e5ende kvalitet og smag. Disse friske b\u00f8nner h\u00f8stes p\u00e5 deres optimale modningstidspunkt og pakkes omhyggeligt for at bevare al deres friskhed og n\u00e6ringsstoffer. <\/p>\n<ul>\n<li><strong>Oprindelse:<\/strong> Navarra, Spanien<\/li>\n<li><strong>B\u00f8nnetype:<\/strong> Hvide b\u00f8nner<\/li>\n<li><strong>Pr\u00e6sentation:<\/strong> Glasbeholder<\/li>\n<li><strong>Ingredienser:<\/strong> Hvide kidneyb\u00f8nner, vand, salt, salt.<\/li>\n<li>Opbevaring<strong>:<\/strong> Opbevares p\u00e5 et k\u00f8ligt, t\u00f8rt sted.<\/li>\n<li><strong>Anbefalet anvendelse:<\/strong> Ideel til gryderetter, salater og traditionelle retter fra Navarra og Middelhavet.<\/li>\n<\/ul>\n<p>A. I\u00f1igos hvide b\u00f8nner er kendetegnet ved deres bl\u00f8dhed og delikate smag, som suppleres perfekt med andre ingredienser i supper, gryderetter og salater. Deres m\u00f8re konsistens og tynde skind g\u00f8r dem s\u00e6rligt v\u00e6rdsatte af gourmeter og fans af det traditionelle k\u00f8kken. <\/p>\n","protected":false},"excerpt":{"rendered":"<p>A. I\u00f1igos Pochas Blancas er en traditionel delikatesse fra Navarra-regionen, der er kendt for sin enest\u00e5ende kvalitet og smag. Disse friske b\u00f8nner h\u00f8stes p\u00e5 deres optimale modningstidspunkt og pakkes omhyggeligt for at bevare al deres friskhed og n\u00e6ringsstoffer. Oprindelse: Navarra, Spanien B\u00f8nnetype: Hvide b\u00f8nner Pr\u00e6sentation: Glasbeholder Ingredienser: Hvide kidneyb\u00f8nner, vand, salt, salt. Opbevaring: Opbevares p\u00e5 [&hellip;]<\/p>\n","protected":false},"featured_media":40233,"template":"","meta":{"_et_pb_use_builder":"","_et_pb_old_content":"","_et_gb_content_width":""},"product_brand":[1461],"product_cat":[3751],"product_tag":[],"class_list":{"0":"post-40226","1":"product","2":"type-product","3":"status-publish","4":"has-post-thumbnail","6":"product_brand-a-inigo","7":"product_cat-konserves-da-3","9":"first","10":"outofstock","11":"taxable","12":"shipping-taxable","13":"purchasable","14":"product-type-variable"},"_links":{"self":[{"href":"https:\/\/myspainfood.com\/da\/wp-json\/wp\/v2\/product\/40226","targetHints":{"allow":["GET"]}}],"collection":[{"href":"https:\/\/myspainfood.com\/da\/wp-json\/wp\/v2\/product"}],"about":[{"href":"https:\/\/myspainfood.com\/da\/wp-json\/wp\/v2\/types\/product"}],"wp:featuredmedia":[{"embeddable":true,"href":"https:\/\/myspainfood.com\/da\/wp-json\/wp\/v2\/media\/40233"}],"wp:attachment":[{"href":"https:\/\/myspainfood.com\/da\/wp-json\/wp\/v2\/media?parent=40226"}],"wp:term":[{"taxonomy":"product_brand","embeddable":true,"href":"https:\/\/myspainfood.com\/da\/wp-json\/wp\/v2\/product_brand?post=40226"},{"taxonomy":"product_cat","embeddable":true,"href":"https:\/\/myspainfood.com\/da\/wp-json\/wp\/v2\/product_cat?post=40226"},{"taxonomy":"product_tag","embeddable":true,"href":"https:\/\/myspainfood.com\/da\/wp-json\/wp\/v2\/product_tag?post=40226"}],"curies":[{"name":"wp","href":"https:\/\/api.w.org\/{rel}","templated":true}]}}