{"id":40270,"date":"2025-04-10T12:14:28","date_gmt":"2025-04-10T10:14:28","guid":{"rendered":"https:\/\/myspainfood.com\/producto\/la-encajera-krydret-hel-aubergine-560-gram\/"},"modified":"2025-04-10T12:14:28","modified_gmt":"2025-04-10T10:14:28","slug":"la-encajera-krydret-hel-aubergine-560-gram","status":"publish","type":"product","link":"https:\/\/myspainfood.com\/da\/producto\/la-encajera-krydret-hel-aubergine-560-gram\/","title":{"rendered":"La Encajera Krydret hel aubergine 560 gram"},"content":{"rendered":"<p>Hele auberginen med dressing er en ideel <a href=\"https:\/\/www.laencajera.es\/berenjenas-de-almagro\" target=\"_blank\" rel=\"noopener noreferrer nofollow\">forret.<\/a> <\/p>\n<p>Bruges ogs\u00e5 som tilbeh\u00f8r til salater.<\/p>\n<p>De er krydret med vand, vineddike, olivenolie, paprika, salt, spidskommen og hvidl\u00f8g.<\/p>\n<p>Auberginer med auberginedressing stammer fra Castilla la Mancha i Spanien.<\/p>\n<p>Ingredienser: S: Aubergine &#8220;De Almagro&#8221;, vand, salt, vineddike, naturlige krydderier (hvidl\u00f8g, spidskommen, paprika, olivenolie), smagsforst\u00e6rker (E-621), syrningsmidler (E-330), konserveringsmidler (E-270, E-211, E-202E-223), antioxidant (E-300) og naturlige aromaer.<\/p>\n<p>Opbevares k\u00f8ligt og t\u00f8rt, mellem 3\u00baC og 10\u00baC. Holdes v\u00e6k fra sollys og st\u00e6rke lugte. <\/p>\n<p>N\u00e5r den er \u00e5bnet, skal den opbevares p\u00e5 k\u00f8l og forbruges inden for 30 dage.<\/p>\n<p>Hvis du vil k\u00f8be oliven eller andre typer <a href=\"https:\/\/latiendadesami.com\/categoria-producto\/encurtidos\/\" rel=\"noopener noreferrer nofollow\" target=\"_blank\">pickles<\/a>, s\u00e5 t\u00f8v ikke med at kigge i vores onlinekatalog for at se det store udvalg af <a href=\"https:\/\/latiendadesami.com\/categoria-producto\/encurtidos\/berenjenas\/\" target=\"_blank\" rel=\"noopener noreferrer nofollow\">auberginer<\/a>, vi har.<\/p>\n<p>M\u00e6rket er La Encajonera, en familievirksomhed, der blev grundlagt i 1990 og ligger i hjertet af La Mancha, i byen ALMAGRO i provinsen Ciudad Real.<\/p>\n<p>Fremstillingsprocessen for produkterne starter i det samme dyrkningsomr\u00e5de, hvor man udv\u00e6lger det bedste kvalitetsprodukt.<\/p>\n<p>Fabrikken er udstyret med den mest avancerede teknologi, samtidig med at den bevarer h\u00e5ndv\u00e6rkernes tradition og knowhow.<\/p>\n","protected":false},"excerpt":{"rendered":"<p>Hele auberginen med dressing er en ideel forret. Bruges ogs\u00e5 som tilbeh\u00f8r til salater. De er krydret med vand, vineddike, olivenolie, paprika, salt, spidskommen og hvidl\u00f8g. Auberginer med auberginedressing stammer fra Castilla la Mancha i Spanien. Ingredienser: S: Aubergine &#8220;De Almagro&#8221;, vand, salt, vineddike, naturlige krydderier (hvidl\u00f8g, spidskommen, paprika, olivenolie), smagsforst\u00e6rker (E-621), syrningsmidler (E-330), konserveringsmidler [&hellip;]<\/p>\n","protected":false},"featured_media":22985,"template":"","meta":{"_et_pb_use_builder":"","_et_pb_old_content":"","_et_gb_content_width":""},"product_brand":[1057],"product_cat":[2106,1647],"product_tag":[2108],"class_list":{"0":"post-40270","1":"product","2":"type-product","3":"status-publish","4":"has-post-thumbnail","6":"product_brand-la-encajera","7":"product_cat-auberginer","8":"product_cat-pickles-da","9":"product_tag-alinada-da","11":"first","12":"outofstock","13":"taxable","14":"shipping-taxable","15":"product-type-variable"},"_links":{"self":[{"href":"https:\/\/myspainfood.com\/da\/wp-json\/wp\/v2\/product\/40270","targetHints":{"allow":["GET"]}}],"collection":[{"href":"https:\/\/myspainfood.com\/da\/wp-json\/wp\/v2\/product"}],"about":[{"href":"https:\/\/myspainfood.com\/da\/wp-json\/wp\/v2\/types\/product"}],"wp:featuredmedia":[{"embeddable":true,"href":"https:\/\/myspainfood.com\/da\/wp-json\/wp\/v2\/media\/22985"}],"wp:attachment":[{"href":"https:\/\/myspainfood.com\/da\/wp-json\/wp\/v2\/media?parent=40270"}],"wp:term":[{"taxonomy":"product_brand","embeddable":true,"href":"https:\/\/myspainfood.com\/da\/wp-json\/wp\/v2\/product_brand?post=40270"},{"taxonomy":"product_cat","embeddable":true,"href":"https:\/\/myspainfood.com\/da\/wp-json\/wp\/v2\/product_cat?post=40270"},{"taxonomy":"product_tag","embeddable":true,"href":"https:\/\/myspainfood.com\/da\/wp-json\/wp\/v2\/product_tag?post=40270"}],"curies":[{"name":"wp","href":"https:\/\/api.w.org\/{rel}","templated":true}]}}