{"id":41214,"date":"2025-04-10T12:12:29","date_gmt":"2025-04-10T10:12:29","guid":{"rendered":"https:\/\/myspainfood.com\/producto\/la-vieja-fabrica-ferskenmarmelade-diet-280-g\/"},"modified":"2025-04-10T12:12:29","modified_gmt":"2025-04-10T10:12:29","slug":"la-vieja-fabrica-ferskenmarmelade-diet-280-g","status":"publish","type":"product","link":"https:\/\/myspainfood.com\/da\/producto\/la-vieja-fabrica-ferskenmarmelade-diet-280-g\/","title":{"rendered":"La Vieja F\u00e1brica Ferskenmarmelade DIET 280 g"},"content":{"rendered":"<p>La Vieja F\u00e1brica di\u00e6tferskenmarmelade er en l\u00e6kker mulighed for dem, der \u00f8nsker at nyde den autentiske smag af frugt uden at tilf\u00f8je un\u00f8dvendige kalorier til deres kost. Denne marmelade, der er fremstillet af udvalgte ferskner efter La Vieja F\u00e1bricas traditionelle h\u00e5ndv\u00e6rksopskrifter, har en frisk og naturlig smag. <\/p>\n<p><strong>Oprindelse<\/strong>: Spanien Producent: \u00c1ngel Camacho Alimentaci\u00f3n, S.L.<\/p>\n<p><strong>Producentens adresse<\/strong>: Avda. del Pilar, 6 - 41530 Mor\u00f3n de la Frontera (Sevilla)<\/p>\n<p> <strong> Oprindelse<\/strong>: Produkt fra Spanien<\/p>\n<p><strong>Nettov\u00e6gt<\/strong>: 280 g<\/p>\n<p><strong>Yderligere obligatoriske oplysninger p\u00e5 etiketten<\/strong>: Indeholder 55 g fersken pr. 100 g.<\/p>\n<p><strong>Sukker i alt<\/strong>: 42 g pr. 100 g.<\/p>\n","protected":false},"excerpt":{"rendered":"<p>La Vieja F\u00e1brica di\u00e6tferskenmarmelade er en l\u00e6kker mulighed for dem, der \u00f8nsker at nyde den autentiske smag af frugt uden at tilf\u00f8je un\u00f8dvendige kalorier til deres kost. Denne marmelade, der er fremstillet af udvalgte ferskner efter La Vieja F\u00e1bricas traditionelle h\u00e5ndv\u00e6rksopskrifter, har en frisk og naturlig smag. Oprindelse: Spanien Producent: \u00c1ngel Camacho Alimentaci\u00f3n, S.L. Producentens [&hellip;]<\/p>\n","protected":false},"featured_media":41219,"template":"","meta":{"_et_pb_use_builder":"","_et_pb_old_content":"","_et_gb_content_width":""},"product_brand":[1460],"product_cat":[1648],"product_tag":[],"class_list":{"0":"post-41214","1":"product","2":"type-product","3":"status-publish","4":"has-post-thumbnail","6":"product_brand-la-vieja-fabrica","7":"product_cat-konserves","9":"first","10":"outofstock","11":"taxable","12":"shipping-taxable","13":"product-type-variable"},"_links":{"self":[{"href":"https:\/\/myspainfood.com\/da\/wp-json\/wp\/v2\/product\/41214","targetHints":{"allow":["GET"]}}],"collection":[{"href":"https:\/\/myspainfood.com\/da\/wp-json\/wp\/v2\/product"}],"about":[{"href":"https:\/\/myspainfood.com\/da\/wp-json\/wp\/v2\/types\/product"}],"wp:featuredmedia":[{"embeddable":true,"href":"https:\/\/myspainfood.com\/da\/wp-json\/wp\/v2\/media\/41219"}],"wp:attachment":[{"href":"https:\/\/myspainfood.com\/da\/wp-json\/wp\/v2\/media?parent=41214"}],"wp:term":[{"taxonomy":"product_brand","embeddable":true,"href":"https:\/\/myspainfood.com\/da\/wp-json\/wp\/v2\/product_brand?post=41214"},{"taxonomy":"product_cat","embeddable":true,"href":"https:\/\/myspainfood.com\/da\/wp-json\/wp\/v2\/product_cat?post=41214"},{"taxonomy":"product_tag","embeddable":true,"href":"https:\/\/myspainfood.com\/da\/wp-json\/wp\/v2\/product_tag?post=41214"}],"curies":[{"name":"wp","href":"https:\/\/api.w.org\/{rel}","templated":true}]}}