{"id":41264,"date":"2025-04-10T12:12:57","date_gmt":"2025-04-10T10:12:57","guid":{"rendered":"https:\/\/myspainfood.com\/producto\/a-inigo-groenne-boenner-runde-mellemstore-stykker-400-g\/"},"modified":"2025-04-10T12:12:57","modified_gmt":"2025-04-10T10:12:57","slug":"a-inigo-groenne-boenner-runde-mellemstore-stykker-400-g","status":"publish","type":"product","link":"https:\/\/myspainfood.com\/da\/producto\/a-inigo-groenne-boenner-runde-mellemstore-stykker-400-g\/","title":{"rendered":"A.I\u00f1igo Gr\u00f8nne b\u00f8nner runde mellemstore stykker 400 g"},"content":{"rendered":"<p>A.I\u00f1igo Green Beans repr\u00e6senterer det ypperste inden for friskhed og smag. Disse gr\u00f8nne b\u00f8nner, der er n\u00f8je udvalgt og h\u00f8stet, n\u00e5r de er optimalt modne, er det ideelle valg til ethvert dagligt m\u00e5ltid. <\/p>\n<p><strong>Energiv\u00e6rdi:<\/strong> 15,9 kJ \/ 67,5 kcal<\/p>\n<p><strong>Fedt<\/strong>: 0 g<\/p>\n<p><strong>Heraf m\u00e6ttet<\/strong> 0 g<\/p>\n<p><strong>Kulhydrater:<\/strong> 3,3 g<\/p>\n<p><strong>Heraf sukkerarter<\/strong>: 0,8 g<\/p>\n<p><strong>Kostfibre<\/strong>: 1,5 g<\/p>\n<p><strong>Protein<\/strong>: 0,67 g<\/p>\n<p><strong>Salt<\/strong>: 0,5 g<\/p>\n","protected":false},"excerpt":{"rendered":"<p>A.I\u00f1igo Green Beans repr\u00e6senterer det ypperste inden for friskhed og smag. Disse gr\u00f8nne b\u00f8nner, der er n\u00f8je udvalgt og h\u00f8stet, n\u00e5r de er optimalt modne, er det ideelle valg til ethvert dagligt m\u00e5ltid. Energiv\u00e6rdi: 15,9 kJ \/ 67,5 kcal Fedt: 0 g Heraf m\u00e6ttet 0 g Kulhydrater: 3,3 g Heraf sukkerarter: 0,8 g Kostfibre: 1,5 [&hellip;]<\/p>\n","protected":false},"featured_media":41270,"template":"","meta":{"_et_pb_use_builder":"","_et_pb_old_content":"","_et_gb_content_width":""},"product_brand":[1461],"product_cat":[1648],"product_tag":[],"class_list":{"0":"post-41264","1":"product","2":"type-product","3":"status-publish","4":"has-post-thumbnail","6":"product_brand-a-inigo","7":"product_cat-konserves","9":"first","10":"instock","11":"taxable","12":"shipping-taxable","13":"product-type-variable"},"_links":{"self":[{"href":"https:\/\/myspainfood.com\/da\/wp-json\/wp\/v2\/product\/41264","targetHints":{"allow":["GET"]}}],"collection":[{"href":"https:\/\/myspainfood.com\/da\/wp-json\/wp\/v2\/product"}],"about":[{"href":"https:\/\/myspainfood.com\/da\/wp-json\/wp\/v2\/types\/product"}],"wp:featuredmedia":[{"embeddable":true,"href":"https:\/\/myspainfood.com\/da\/wp-json\/wp\/v2\/media\/41270"}],"wp:attachment":[{"href":"https:\/\/myspainfood.com\/da\/wp-json\/wp\/v2\/media?parent=41264"}],"wp:term":[{"taxonomy":"product_brand","embeddable":true,"href":"https:\/\/myspainfood.com\/da\/wp-json\/wp\/v2\/product_brand?post=41264"},{"taxonomy":"product_cat","embeddable":true,"href":"https:\/\/myspainfood.com\/da\/wp-json\/wp\/v2\/product_cat?post=41264"},{"taxonomy":"product_tag","embeddable":true,"href":"https:\/\/myspainfood.com\/da\/wp-json\/wp\/v2\/product_tag?post=41264"}],"curies":[{"name":"wp","href":"https:\/\/api.w.org\/{rel}","templated":true}]}}