{"id":41322,"date":"2025-04-10T12:12:57","date_gmt":"2025-04-10T10:12:57","guid":{"rendered":"https:\/\/myspainfood.com\/producto\/a-inigo-guleroedder-i-skiver-400-g\/"},"modified":"2025-04-10T12:12:57","modified_gmt":"2025-04-10T10:12:57","slug":"a-inigo-guleroedder-i-skiver-400-g","status":"publish","type":"product","link":"https:\/\/myspainfood.com\/da\/producto\/a-inigo-guleroedder-i-skiver-400-g\/","title":{"rendered":"A.I\u00f1igo guler\u00f8dder i skiver 400 g"},"content":{"rendered":"<p>A.I\u00f1igo Guler\u00f8dder er det perfekte valg for dem, der \u00f8nsker kvalitet og smag i deres mad. Disse guler\u00f8dder er omhyggeligt dyrket og udvalgt og har en spr\u00f8d konsistens og en s\u00f8d og naturlig smag, der vil berige enhver ret. <\/p>\n<p>&nbsp;<\/p>\n<p><strong>Energiv\u00e6rdi:<\/strong> 71,4 kJ \/ 16,8 kcal<\/p>\n<p><strong>M\u00e6ttet fedt<\/strong>: 0 g<\/p>\n<p><strong>Kulhydrater<\/strong>: 4,2 g<\/p>\n<p><strong>Heraf sukkerarter:<\/strong> 2,3 g<\/p>\n<p><strong>Kostfibre<\/strong>: 1,4 g<\/p>\n<p><strong>Protein<\/strong>: 0 g<\/p>\n<p><strong>Salt<\/strong>: 0,65 g<\/p>\n","protected":false},"excerpt":{"rendered":"<p>A.I\u00f1igo Guler\u00f8dder er det perfekte valg for dem, der \u00f8nsker kvalitet og smag i deres mad. Disse guler\u00f8dder er omhyggeligt dyrket og udvalgt og har en spr\u00f8d konsistens og en s\u00f8d og naturlig smag, der vil berige enhver ret. &nbsp; Energiv\u00e6rdi: 71,4 kJ \/ 16,8 kcal M\u00e6ttet fedt: 0 g Kulhydrater: 4,2 g Heraf sukkerarter: [&hellip;]<\/p>\n","protected":false},"featured_media":41328,"template":"","meta":{"_et_pb_use_builder":"","_et_pb_old_content":"","_et_gb_content_width":""},"product_brand":[1461],"product_cat":[1648],"product_tag":[],"class_list":{"0":"post-41322","1":"product","2":"type-product","3":"status-publish","4":"has-post-thumbnail","6":"product_brand-a-inigo","7":"product_cat-konserves","9":"first","10":"outofstock","11":"taxable","12":"shipping-taxable","13":"product-type-variable"},"_links":{"self":[{"href":"https:\/\/myspainfood.com\/da\/wp-json\/wp\/v2\/product\/41322","targetHints":{"allow":["GET"]}}],"collection":[{"href":"https:\/\/myspainfood.com\/da\/wp-json\/wp\/v2\/product"}],"about":[{"href":"https:\/\/myspainfood.com\/da\/wp-json\/wp\/v2\/types\/product"}],"wp:featuredmedia":[{"embeddable":true,"href":"https:\/\/myspainfood.com\/da\/wp-json\/wp\/v2\/media\/41328"}],"wp:attachment":[{"href":"https:\/\/myspainfood.com\/da\/wp-json\/wp\/v2\/media?parent=41322"}],"wp:term":[{"taxonomy":"product_brand","embeddable":true,"href":"https:\/\/myspainfood.com\/da\/wp-json\/wp\/v2\/product_brand?post=41322"},{"taxonomy":"product_cat","embeddable":true,"href":"https:\/\/myspainfood.com\/da\/wp-json\/wp\/v2\/product_cat?post=41322"},{"taxonomy":"product_tag","embeddable":true,"href":"https:\/\/myspainfood.com\/da\/wp-json\/wp\/v2\/product_tag?post=41322"}],"curies":[{"name":"wp","href":"https:\/\/api.w.org\/{rel}","templated":true}]}}