{"id":41434,"date":"2025-04-10T12:12:57","date_gmt":"2025-04-10T10:12:57","guid":{"rendered":"https:\/\/myspainfood.com\/producto\/la-vieja-fabrica-hindbaermarmelade-280-g\/"},"modified":"2025-04-10T12:12:57","modified_gmt":"2025-04-10T10:12:57","slug":"la-vieja-fabrica-hindbaermarmelade-280-g","status":"publish","type":"product","link":"https:\/\/myspainfood.com\/da\/producto\/la-vieja-fabrica-hindbaermarmelade-280-g\/","title":{"rendered":"La Vieja F\u00e1brica Hindb\u00e6rmarmelade 280 g"},"content":{"rendered":"<p>La Vieja F\u00e1brica Hindb\u00e6rmarmelade er et gourmetprodukt, der udm\u00e6rker sig ved sin intense smag og sin tilberedning med ingredienser af h\u00f8jeste kvalitet. Marmeladen er lavet af friske og udvalgte hindb\u00e6r og giver en unik smagsoplevelse, der indfanger essensen af frugten i hver bid. <\/p>\n<p><span class=\"info-key \"><strong>F\u00f8devarens navn<\/strong>:<\/span> Hindb\u00e6rsyltet\u00f8j<\/p>\n<p>Den <span class=\"info-key \"><strong>erhvervsdrivendes navn<\/strong>:<\/span> \u00c1ngel Camacho Alimentaci\u00f3n, S.L.<\/p>\n<p><strong><span class=\"info-key \">Operat\u00f8rens adresse:<\/span><\/strong> Avda. del Pilar, 6 - 41530 Mor\u00f3n de la Frontera (Sevilla).<\/p>\n<p><span class=\"info-key \"><strong>F\u00f8devarens oprindelsessted<\/strong>:<\/span> Produkt fra Spanien<\/p>\n<p><strong><span class=\"info-key \">Nettom\u00e6ngde:<\/span><\/strong> 350 g<\/p>\n<p><strong><span class=\"info-key \">Andre obligatoriske oplysninger p\u00e5 etiketten:<\/span><\/strong> Fremstillet med 45 g hindb\u00e6r pr. 100 g.<\/p>\n<p><strong>Samlet sukkerindhold<\/strong> 50 g pr. 100 g.<\/p>\n","protected":false},"excerpt":{"rendered":"<p>La Vieja F\u00e1brica Hindb\u00e6rmarmelade er et gourmetprodukt, der udm\u00e6rker sig ved sin intense smag og sin tilberedning med ingredienser af h\u00f8jeste kvalitet. Marmeladen er lavet af friske og udvalgte hindb\u00e6r og giver en unik smagsoplevelse, der indfanger essensen af frugten i hver bid. F\u00f8devarens navn: Hindb\u00e6rsyltet\u00f8j Den erhvervsdrivendes navn: \u00c1ngel Camacho Alimentaci\u00f3n, S.L. Operat\u00f8rens adresse: [&hellip;]<\/p>\n","protected":false},"featured_media":41439,"template":"","meta":{"_et_pb_use_builder":"","_et_pb_old_content":"","_et_gb_content_width":""},"product_brand":[1460],"product_cat":[1648],"product_tag":[],"class_list":{"0":"post-41434","1":"product","2":"type-product","3":"status-publish","4":"has-post-thumbnail","6":"product_brand-la-vieja-fabrica","7":"product_cat-konserves","9":"first","10":"outofstock","11":"taxable","12":"shipping-taxable","13":"product-type-variable"},"_links":{"self":[{"href":"https:\/\/myspainfood.com\/da\/wp-json\/wp\/v2\/product\/41434","targetHints":{"allow":["GET"]}}],"collection":[{"href":"https:\/\/myspainfood.com\/da\/wp-json\/wp\/v2\/product"}],"about":[{"href":"https:\/\/myspainfood.com\/da\/wp-json\/wp\/v2\/types\/product"}],"wp:featuredmedia":[{"embeddable":true,"href":"https:\/\/myspainfood.com\/da\/wp-json\/wp\/v2\/media\/41439"}],"wp:attachment":[{"href":"https:\/\/myspainfood.com\/da\/wp-json\/wp\/v2\/media?parent=41434"}],"wp:term":[{"taxonomy":"product_brand","embeddable":true,"href":"https:\/\/myspainfood.com\/da\/wp-json\/wp\/v2\/product_brand?post=41434"},{"taxonomy":"product_cat","embeddable":true,"href":"https:\/\/myspainfood.com\/da\/wp-json\/wp\/v2\/product_cat?post=41434"},{"taxonomy":"product_tag","embeddable":true,"href":"https:\/\/myspainfood.com\/da\/wp-json\/wp\/v2\/product_tag?post=41434"}],"curies":[{"name":"wp","href":"https:\/\/api.w.org\/{rel}","templated":true}]}}