{"id":41609,"date":"2025-04-10T12:14:06","date_gmt":"2025-04-10T10:14:06","guid":{"rendered":"https:\/\/myspainfood.com\/producto\/cusumano-pickled-tuna-pate-delicious-gourmet-170-gr\/"},"modified":"2025-04-10T12:14:06","modified_gmt":"2025-04-10T10:14:06","slug":"cusumano-pickled-tuna-pate-delicious-gourmet-170-gr","status":"publish","type":"product","link":"https:\/\/myspainfood.com\/da\/producto\/cusumano-pickled-tuna-pate-delicious-gourmet-170-gr\/","title":{"rendered":"Cusumano Pickled Tuna P\u00e2t\u00e9 - Delicious &amp; Gourmet - 170 gr"},"content":{"rendered":"<p>Cusumano Tuna P\u00e2t\u00e9 er en gourmetdelikatesse lavet af tun af h\u00f8j kvalitet, omhyggeligt udvalgt og forarbejdet for at give en uforlignelig smag og bl\u00f8d konsistens. Denne pat\u00e9 er ideel til dem, der elsker god mad, og den kombinerer det bedste fra havet med naturlige ingredienser og et strejf af raffinement. <\/p>\n<ul>\n<li><strong>M\u00e6rke:<\/strong> Cusumano<\/li>\n<li><strong>Produkttype:<\/strong> Tunpat\u00e9<\/li>\n<li><strong>Pr\u00e6sentation:<\/strong> D\u00e5se eller glaskrukke<\/li>\n<li><strong>Nettov\u00e6gt:<\/strong> (Angiv den n\u00f8jagtige v\u00e6gt, f.eks. 100 g, 200 g)<\/li>\n<li><strong>Ingredienser:<\/strong> Tun, olivenolie, naturlige krydderier, salt (og andre naturlige ingredienser, hvis de findes).<\/li>\n<li>Opbevaring<strong>:<\/strong> Opbevares p\u00e5 et k\u00f8ligt, t\u00f8rt sted. N\u00e5r den er \u00e5bnet, skal den opbevares p\u00e5 k\u00f8l og forbruges inden for (angiv tid, f.eks. 3 dage). <\/li>\n<\/ul>\n<p>Cusumano Tuna P\u00e2t\u00e9 er kendetegnet ved sin delikate og raffinerede smag med en perfekt balance mellem tunsmagen og de subtile noter af naturlige krydderier. Konsistensen er cremet og nem at sm\u00f8re ud, hvilket g\u00f8r den til et ideelt valg b\u00e5de til s\u00e6rlige lejligheder og til hverdag. <\/p>\n","protected":false},"excerpt":{"rendered":"<p>Cusumano Tuna P\u00e2t\u00e9 er en gourmetdelikatesse lavet af tun af h\u00f8j kvalitet, omhyggeligt udvalgt og forarbejdet for at give en uforlignelig smag og bl\u00f8d konsistens. Denne pat\u00e9 er ideel til dem, der elsker god mad, og den kombinerer det bedste fra havet med naturlige ingredienser og et strejf af raffinement. M\u00e6rke: Cusumano Produkttype: Tunpat\u00e9 Pr\u00e6sentation: [&hellip;]<\/p>\n","protected":false},"featured_media":41615,"template":"","meta":{"_et_pb_use_builder":"","_et_pb_old_content":"","_et_gb_content_width":""},"product_brand":[1272],"product_cat":[3751],"product_tag":[],"class_list":{"0":"post-41609","1":"product","2":"type-product","3":"status-publish","4":"has-post-thumbnail","6":"product_brand-cusumano","7":"product_cat-konserves-da-3","9":"first","10":"instock","11":"taxable","12":"shipping-taxable","13":"product-type-variable"},"_links":{"self":[{"href":"https:\/\/myspainfood.com\/da\/wp-json\/wp\/v2\/product\/41609","targetHints":{"allow":["GET"]}}],"collection":[{"href":"https:\/\/myspainfood.com\/da\/wp-json\/wp\/v2\/product"}],"about":[{"href":"https:\/\/myspainfood.com\/da\/wp-json\/wp\/v2\/types\/product"}],"wp:featuredmedia":[{"embeddable":true,"href":"https:\/\/myspainfood.com\/da\/wp-json\/wp\/v2\/media\/41615"}],"wp:attachment":[{"href":"https:\/\/myspainfood.com\/da\/wp-json\/wp\/v2\/media?parent=41609"}],"wp:term":[{"taxonomy":"product_brand","embeddable":true,"href":"https:\/\/myspainfood.com\/da\/wp-json\/wp\/v2\/product_brand?post=41609"},{"taxonomy":"product_cat","embeddable":true,"href":"https:\/\/myspainfood.com\/da\/wp-json\/wp\/v2\/product_cat?post=41609"},{"taxonomy":"product_tag","embeddable":true,"href":"https:\/\/myspainfood.com\/da\/wp-json\/wp\/v2\/product_tag?post=41609"}],"curies":[{"name":"wp","href":"https:\/\/api.w.org\/{rel}","templated":true}]}}