{"id":41833,"date":"2025-04-10T12:12:05","date_gmt":"2025-04-10T10:12:05","guid":{"rendered":"https:\/\/myspainfood.com\/producto\/senorio-de-nava-ribera-del-duero-2022-75-cl\/"},"modified":"2026-01-29T12:34:21","modified_gmt":"2026-01-29T11:34:21","slug":"senorio-de-nava-ribera-del-duero-2022-75-cl","status":"publish","type":"product","link":"https:\/\/myspainfood.com\/da\/producto\/senorio-de-nava-ribera-del-duero-2022-75-cl\/","title":{"rendered":"Se\u00f1or\u00edo De Nava Ribera Del Duero 2022 75 cl"},"content":{"rendered":"<p>Oplev den autentiske smag af Ribera del Duero med Se\u00f1or\u00edo De Nava! Denne prestigefyldte vin med Denominaci\u00f3n de Origen Ribera del Duero indfanger selve essensen af denne ber\u00f8mte spanske vinregion. <\/p>\n<p>Se\u00f1or\u00edo De Nava Ribera Del Duero er resultatet af en omhyggelig udv\u00e6lgelse af Tempranillo-druer, regionens symbolske sort, dyrket i privilegerede vinmarker badet i solen i Duero-flodens dal. Med kontrolleret g\u00e6ring og en omhyggelig modningsproces p\u00e5 egetr\u00e6sfade er denne vin kendetegnet ved sin komplekse karakter og enest\u00e5ende balance. <\/p>\n<p>I smagen har den intense noter af moden frugt, subtile antydninger af egetr\u00e6 og en veldefineret struktur, der kulminerer i en lang, tilfredsstillende finish. Se\u00f1or\u00edo De Nava Ribera Del Duero er den perfekte ledsager til s\u00e6rlige lejligheder, fra elegante middage til uformelle sammenkomster med venner. <\/p>\n<p>Lad dig forf\u00f8re af Ribera del Dueros elegance og tradition med hver eneste slurk af Se\u00f1or\u00edo De Nava. Nyd den \u00f8nologiske ekspertise i en af Spaniens mest fremragende vinregioner, og g\u00f8r enhver lejlighed mindev\u00e6rdig med denne uds\u00f8gte vin!  <\/p>\n","protected":false},"excerpt":{"rendered":"<p>Se\u00f1or\u00edo De Nava Ribera Del Duero er resultatet af en omhyggelig udv\u00e6lgelse af Tempranillo-druer, regionens symbolske sort, dyrket i privilegerede vinmarker badet i solen i Duero-flodens dal. Med kontrolleret g\u00e6ring og en omhyggelig modningsproces p\u00e5 egetr\u00e6sfade er denne vin kendetegnet ved sin komplekse karakter og enest\u00e5ende balance. <\/p>\n","protected":false},"featured_media":41839,"template":"","meta":{"_et_pb_use_builder":"","_et_pb_old_content":"","_et_gb_content_width":""},"product_brand":[1224],"product_cat":[4899,4901],"product_tag":[],"class_list":{"0":"post-41833","1":"product","2":"type-product","3":"status-publish","4":"has-post-thumbnail","6":"product_brand-senorio-de-nava","7":"product_cat-drikkevarer-da","8":"product_cat-vin-da","10":"first","11":"outofstock","12":"taxable","13":"shipping-taxable","14":"product-type-variable"},"_links":{"self":[{"href":"https:\/\/myspainfood.com\/da\/wp-json\/wp\/v2\/product\/41833","targetHints":{"allow":["GET"]}}],"collection":[{"href":"https:\/\/myspainfood.com\/da\/wp-json\/wp\/v2\/product"}],"about":[{"href":"https:\/\/myspainfood.com\/da\/wp-json\/wp\/v2\/types\/product"}],"wp:featuredmedia":[{"embeddable":true,"href":"https:\/\/myspainfood.com\/da\/wp-json\/wp\/v2\/media\/41839"}],"wp:attachment":[{"href":"https:\/\/myspainfood.com\/da\/wp-json\/wp\/v2\/media?parent=41833"}],"wp:term":[{"taxonomy":"product_brand","embeddable":true,"href":"https:\/\/myspainfood.com\/da\/wp-json\/wp\/v2\/product_brand?post=41833"},{"taxonomy":"product_cat","embeddable":true,"href":"https:\/\/myspainfood.com\/da\/wp-json\/wp\/v2\/product_cat?post=41833"},{"taxonomy":"product_tag","embeddable":true,"href":"https:\/\/myspainfood.com\/da\/wp-json\/wp\/v2\/product_tag?post=41833"}],"curies":[{"name":"wp","href":"https:\/\/api.w.org\/{rel}","templated":true}]}}