{"id":41912,"date":"2025-04-10T12:12:29","date_gmt":"2025-04-10T10:12:29","guid":{"rendered":"https:\/\/myspainfood.com\/producto\/santos-sodupe-rioja-young-red-descuido\/"},"modified":"2026-01-29T12:40:59","modified_gmt":"2026-01-29T11:40:59","slug":"santos-sodupe-rioja-young-red-descuido","status":"publish","type":"product","link":"https:\/\/myspainfood.com\/da\/producto\/santos-sodupe-rioja-young-red-descuido\/","title":{"rendered":"Santos Sodupe Rioja Ung R\u00f8d DESCUIDO"},"content":{"rendered":"<p>Traditionel kulsyreholdig maceration<\/p>\n<p>Kold maceration<\/p>\n<p>Lavtrykspresning, fritl\u00f8bende juice<\/p>\n<p>Reng\u00f8ring ved dekantering (desludging)<\/p>\n<p>Temperaturkontrolleret fermentering<\/p>\n<p>H\u00f8st udvalgt p\u00e5 vinstokken<\/p>\n<p>Tekniske specifikationer<\/p>\n<p>Ung r\u00f8d<\/p>\n<p>85 % tempranillo, 10 % viura, 5 % graciano<\/p>\n<p>Bodegas Santos Sodupe<\/p>\n<p>San Asensio, La Rioja<\/p>\n<p>D.O.C. Rioja<\/p>\n<p>75cl \/ 12,5%vol.<\/p>\n<p>Indeholder sulfitter<\/p>\n","protected":false},"excerpt":{"rendered":"<p>Traditionel kulsyreholdig maceration Kold maceration Lavtrykspresning, fritl\u00f8bende juice Reng\u00f8ring ved dekantering (desludging) Temperaturkontrolleret fermentering H\u00f8st udvalgt p\u00e5 vinstokken Tekniske specifikationer Ung r\u00f8d 85 % tempranillo, 10 % viura, 5 % graciano Bodegas Santos Sodupe San Asensio, La Rioja D.O.C. Rioja 75cl \/ 12,5%vol. Indeholder sulfitter<\/p>\n","protected":false},"featured_media":41915,"template":"","meta":{"_et_pb_use_builder":"","_et_pb_old_content":"","_et_gb_content_width":""},"product_brand":[1459],"product_cat":[4899,6303],"product_tag":[],"class_list":{"0":"post-41912","1":"product","2":"type-product","3":"status-publish","4":"has-post-thumbnail","6":"product_brand-santos-sodupe","7":"product_cat-drikkevarer-da","8":"product_cat-vin-da-3","10":"first","11":"outofstock","12":"taxable","13":"shipping-taxable","14":"product-type-variable"},"_links":{"self":[{"href":"https:\/\/myspainfood.com\/da\/wp-json\/wp\/v2\/product\/41912","targetHints":{"allow":["GET"]}}],"collection":[{"href":"https:\/\/myspainfood.com\/da\/wp-json\/wp\/v2\/product"}],"about":[{"href":"https:\/\/myspainfood.com\/da\/wp-json\/wp\/v2\/types\/product"}],"wp:featuredmedia":[{"embeddable":true,"href":"https:\/\/myspainfood.com\/da\/wp-json\/wp\/v2\/media\/41915"}],"wp:attachment":[{"href":"https:\/\/myspainfood.com\/da\/wp-json\/wp\/v2\/media?parent=41912"}],"wp:term":[{"taxonomy":"product_brand","embeddable":true,"href":"https:\/\/myspainfood.com\/da\/wp-json\/wp\/v2\/product_brand?post=41912"},{"taxonomy":"product_cat","embeddable":true,"href":"https:\/\/myspainfood.com\/da\/wp-json\/wp\/v2\/product_cat?post=41912"},{"taxonomy":"product_tag","embeddable":true,"href":"https:\/\/myspainfood.com\/da\/wp-json\/wp\/v2\/product_tag?post=41912"}],"curies":[{"name":"wp","href":"https:\/\/api.w.org\/{rel}","templated":true}]}}