{"id":41979,"date":"2025-04-10T12:11:40","date_gmt":"2025-04-10T10:11:40","guid":{"rendered":"https:\/\/myspainfood.com\/producto\/sardiner-i-solsikkeolie-12-14-stykker-111-g\/"},"modified":"2025-04-10T12:11:40","modified_gmt":"2025-04-10T10:11:40","slug":"sardiner-i-solsikkeolie-12-14-stykker-111-g","status":"publish","type":"product","link":"https:\/\/myspainfood.com\/da\/producto\/sardiner-i-solsikkeolie-12-14-stykker-111-g\/","title":{"rendered":"Sardiner i solsikkeolie 12\/14 stykker 111 g"},"content":{"rendered":"<p>Oplev den l\u00e6kre smag af havet med vores premium sardiner i solsikkeolie! Hver bid er en eksplosion af friskhed og kvalitet, som vil gl\u00e6de din gane og f\u00f8re dig til de mest eksotiske kyster. <\/p>\n<p>Vores sardiner er omhyggeligt fisket fra de reneste farvande og udvalgt for at garantere deres uforlignelige friskhed og smag. Udbl\u00f8dt i f\u00f8rsteklasses solsikkeolie bevarer vi deres m\u00f8re konsistens og naturlige smag, s\u00e5 hver bid bliver en uforglemmelig oplevelse. <\/p>\n<p>Vores sardiner i solsikkeolie er rige p\u00e5 omega-3-fedtsyrer, vigtige vitaminer og mineraler og er ikke kun l\u00e6kre, men ogs\u00e5 et n\u00e6rende valg til din daglige kost. Brug dem som hovedingrediens i friske salater, gourmet-snacks eller nyd dem bare direkte fra d\u00e5sen. <\/p>\n<p>Uanset om du forbereder en fin middag eller leder efter en sund snack til at tage med, er vores sardiner i solsikkeolie det perfekte valg. Vov at pr\u00f8ve dem, og opdag, hvorfor de er den bedst bevarede hemmelighed for alle foodies! <\/p>\n<p>K\u00f8b din d\u00e5se sardiner i solsikkeolie i dag, og tilf\u00f8j et strejf af skaldyrssmag til dine yndlingsretter!<\/p>\n","protected":false},"excerpt":{"rendered":"<p>Oplev den l\u00e6kre smag af havet med vores premium sardiner i solsikkeolie! Hver bid er en eksplosion af friskhed og kvalitet, som vil gl\u00e6de din gane og f\u00f8re dig til de mest eksotiske kyster. <\/p>\n","protected":false},"featured_media":41980,"template":"","meta":{"_et_pb_use_builder":"","_et_pb_old_content":"","_et_gb_content_width":""},"product_brand":[1358],"product_cat":[1648,3794],"product_tag":[],"class_list":{"0":"post-41979","1":"product","2":"type-product","3":"status-publish","4":"has-post-thumbnail","6":"product_brand-areoso","7":"product_cat-konserves","8":"product_cat-sardinillas-da","10":"first","11":"outofstock","12":"taxable","13":"shipping-taxable","14":"product-type-simple"},"_links":{"self":[{"href":"https:\/\/myspainfood.com\/da\/wp-json\/wp\/v2\/product\/41979","targetHints":{"allow":["GET"]}}],"collection":[{"href":"https:\/\/myspainfood.com\/da\/wp-json\/wp\/v2\/product"}],"about":[{"href":"https:\/\/myspainfood.com\/da\/wp-json\/wp\/v2\/types\/product"}],"wp:featuredmedia":[{"embeddable":true,"href":"https:\/\/myspainfood.com\/da\/wp-json\/wp\/v2\/media\/41980"}],"wp:attachment":[{"href":"https:\/\/myspainfood.com\/da\/wp-json\/wp\/v2\/media?parent=41979"}],"wp:term":[{"taxonomy":"product_brand","embeddable":true,"href":"https:\/\/myspainfood.com\/da\/wp-json\/wp\/v2\/product_brand?post=41979"},{"taxonomy":"product_cat","embeddable":true,"href":"https:\/\/myspainfood.com\/da\/wp-json\/wp\/v2\/product_cat?post=41979"},{"taxonomy":"product_tag","embeddable":true,"href":"https:\/\/myspainfood.com\/da\/wp-json\/wp\/v2\/product_tag?post=41979"}],"curies":[{"name":"wp","href":"https:\/\/api.w.org\/{rel}","templated":true}]}}