{"id":42006,"date":"2025-04-10T12:12:05","date_gmt":"2025-04-10T10:12:05","guid":{"rendered":"https:\/\/myspainfood.com\/producto\/la-vieja-fabrica-bitter-orange-jam-280-g\/"},"modified":"2025-04-10T12:12:05","modified_gmt":"2025-04-10T10:12:05","slug":"la-vieja-fabrica-bitter-orange-jam-280-g","status":"publish","type":"product","link":"https:\/\/myspainfood.com\/da\/producto\/la-vieja-fabrica-bitter-orange-jam-280-g\/","title":{"rendered":"La Vieja F\u00e1brica Bitter Orange Jam 280 g"},"content":{"rendered":"<p>La Vieja F\u00e1brica pomeransmarmelade er et traditionelt spansk produkt, der udm\u00e6rker sig ved sin autentiske og l\u00e6kre smag. Den er fremstillet af de bedste pomeranser efter traditionelle opskrifter og har en perfekt balance mellem s\u00f8dme og bitterhed. Denne marmelade er ideel til morgenmad, snacks eller desserter og er en forn\u00f8jelse, der bringer rigdommen af Spaniens traditionelle smagsoplevelser til dit bord.  <\/p>\n<p>&nbsp;<\/p>\n<p><span class=\"info-key \"><strong>F\u00f8devarens navn<\/strong>:<\/span> Bitter appelsinmarmelade<\/p>\n<p>Den <span class=\"info-key \"><strong>erhvervsdrivendes navn<\/strong>:<\/span> \u00c1ngel Camacho Alimentaci\u00f3n, S.L.<\/p>\n<p><span class=\"info-key \"><strong>Operat\u00f8rens adresse<\/strong>:<\/span> Avda. del Pilar, 6 - 41530 Mor\u00f3n de la Frontera (Sevilla)<\/p>\n<p><span class=\"info-key \"><strong>F\u00f8devarens oprindelsessted<\/strong>:<\/span> Produkt fra Spanien<\/p>\n<p><span class=\"info-key \"><strong>Nettom\u00e6ngde<\/strong>:<\/span> 365 g<\/p>\n<p><span class=\"info-key \"><strong>Andre obligatoriske m\u00e6rkningsoplysninger<\/strong>:<\/span> Fremstillet af 40 g appelsiner pr. 100 g.<\/p>\n<p><strong>Samlet sukkerindhold<\/strong> 65 g pr. 100 g.<\/p>\n","protected":false},"excerpt":{"rendered":"<p>La Vieja F\u00e1brica pomeransmarmelade er et traditionelt spansk produkt, der udm\u00e6rker sig ved sin autentiske og l\u00e6kre smag. Den er fremstillet af de bedste pomeranser efter traditionelle opskrifter og har en perfekt balance mellem s\u00f8dme og bitterhed. Denne marmelade er ideel til morgenmad, snacks eller desserter og er en forn\u00f8jelse, der bringer rigdommen af Spaniens [&hellip;]<\/p>\n","protected":false},"featured_media":42012,"template":"","meta":{"_et_pb_use_builder":"","_et_pb_old_content":"","_et_gb_content_width":""},"product_brand":[1460],"product_cat":[1648],"product_tag":[],"class_list":{"0":"post-42006","1":"product","2":"type-product","3":"status-publish","4":"has-post-thumbnail","6":"product_brand-la-vieja-fabrica","7":"product_cat-konserves","9":"first","10":"outofstock","11":"taxable","12":"shipping-taxable","13":"product-type-variable"},"_links":{"self":[{"href":"https:\/\/myspainfood.com\/da\/wp-json\/wp\/v2\/product\/42006","targetHints":{"allow":["GET"]}}],"collection":[{"href":"https:\/\/myspainfood.com\/da\/wp-json\/wp\/v2\/product"}],"about":[{"href":"https:\/\/myspainfood.com\/da\/wp-json\/wp\/v2\/types\/product"}],"wp:featuredmedia":[{"embeddable":true,"href":"https:\/\/myspainfood.com\/da\/wp-json\/wp\/v2\/media\/42012"}],"wp:attachment":[{"href":"https:\/\/myspainfood.com\/da\/wp-json\/wp\/v2\/media?parent=42006"}],"wp:term":[{"taxonomy":"product_brand","embeddable":true,"href":"https:\/\/myspainfood.com\/da\/wp-json\/wp\/v2\/product_brand?post=42006"},{"taxonomy":"product_cat","embeddable":true,"href":"https:\/\/myspainfood.com\/da\/wp-json\/wp\/v2\/product_cat?post=42006"},{"taxonomy":"product_tag","embeddable":true,"href":"https:\/\/myspainfood.com\/da\/wp-json\/wp\/v2\/product_tag?post=42006"}],"curies":[{"name":"wp","href":"https:\/\/api.w.org\/{rel}","templated":true}]}}