{"id":42023,"date":"2025-04-10T12:12:05","date_gmt":"2025-04-10T10:12:05","guid":{"rendered":"https:\/\/myspainfood.com\/producto\/santos-sodupe-rioja-signatur-roedvin-graciano-rioja\/"},"modified":"2026-01-29T12:32:20","modified_gmt":"2026-01-29T11:32:20","slug":"santos-sodupe-rioja-signatur-roedvin-graciano-rioja","status":"publish","type":"product","link":"https:\/\/myspainfood.com\/da\/producto\/santos-sodupe-rioja-signatur-roedvin-graciano-rioja\/","title":{"rendered":"Santos Sodupe Rioja signatur-r\u00f8dvin GRACIANO Rioja"},"content":{"rendered":"<p>100% Graciano<\/p>\n<p>16 m\u00e5neder p\u00e5 egetr\u00e6sfade<\/p>\n<p>Fransk<\/p>\n<p>Gamle vinstokke<\/p>\n<p>H\u00f8st udvalgt p\u00e5 vinstokken<\/p>\n<p>Topvin med guldmedalje 2021<\/p>\n<p>Civas guldmedalje i guld 2023<\/p>\n<p>Tekniske specifikationer<\/p>\n<p>Signatur-r\u00f8dvin<\/p>\n<p>100% graciano<\/p>\n<p>Bodegas Santos Sodupe<\/p>\n<p>San Asensio, La Rioja<\/p>\n<p>D.O.C. Rioja<\/p>\n<p>75cl \/ 12,5%vol.<\/p>\n<p>Indeholder sulfitter<\/p>\n<p>Smagning<\/p>\n<p>Kirseb\u00e6rr\u00f8d med okkerfarvede toner<\/p>\n<p>Krydrede og tr\u00e6agtige noter med modne r\u00f8de frugter<\/p>\n<p>K\u00f8dfuld og lang, \u00e6del tannin, fylde og struktur.<\/p>\n","protected":false},"excerpt":{"rendered":"<p>100% Graciano 16 m\u00e5neder p\u00e5 egetr\u00e6sfade Fransk Gamle vinstokke H\u00f8st udvalgt p\u00e5 vinstokken Topvin med guldmedalje 2021 Civas guldmedalje i guld 2023 Tekniske specifikationer Signatur-r\u00f8dvin 100% graciano Bodegas Santos Sodupe San Asensio, La Rioja D.O.C. Rioja 75cl \/ 12,5%vol. Indeholder sulfitter Smagning Kirseb\u00e6rr\u00f8d med okkerfarvede toner Krydrede og tr\u00e6agtige noter med modne r\u00f8de frugter K\u00f8dfuld [&hellip;]<\/p>\n","protected":false},"featured_media":42026,"template":"","meta":{"_et_pb_use_builder":"","_et_pb_old_content":"","_et_gb_content_width":""},"product_brand":[1459],"product_cat":[4899,4901],"product_tag":[],"class_list":{"0":"post-42023","1":"product","2":"type-product","3":"status-publish","4":"has-post-thumbnail","6":"product_brand-santos-sodupe","7":"product_cat-drikkevarer-da","8":"product_cat-vin-da","10":"first","11":"outofstock","12":"taxable","13":"shipping-taxable","14":"product-type-variable"},"_links":{"self":[{"href":"https:\/\/myspainfood.com\/da\/wp-json\/wp\/v2\/product\/42023","targetHints":{"allow":["GET"]}}],"collection":[{"href":"https:\/\/myspainfood.com\/da\/wp-json\/wp\/v2\/product"}],"about":[{"href":"https:\/\/myspainfood.com\/da\/wp-json\/wp\/v2\/types\/product"}],"wp:featuredmedia":[{"embeddable":true,"href":"https:\/\/myspainfood.com\/da\/wp-json\/wp\/v2\/media\/42026"}],"wp:attachment":[{"href":"https:\/\/myspainfood.com\/da\/wp-json\/wp\/v2\/media?parent=42023"}],"wp:term":[{"taxonomy":"product_brand","embeddable":true,"href":"https:\/\/myspainfood.com\/da\/wp-json\/wp\/v2\/product_brand?post=42023"},{"taxonomy":"product_cat","embeddable":true,"href":"https:\/\/myspainfood.com\/da\/wp-json\/wp\/v2\/product_cat?post=42023"},{"taxonomy":"product_tag","embeddable":true,"href":"https:\/\/myspainfood.com\/da\/wp-json\/wp\/v2\/product_tag?post=42023"}],"curies":[{"name":"wp","href":"https:\/\/api.w.org\/{rel}","templated":true}]}}