{"id":42167,"date":"2025-04-10T12:11:14","date_gmt":"2025-04-10T10:11:14","guid":{"rendered":"https:\/\/myspainfood.com\/producto\/vermouth-cocktail-los-cantabros-025-lata-af-jairo-cuetao-aftappet-af-bodegas-igarmi\/"},"modified":"2026-01-29T13:00:02","modified_gmt":"2026-01-29T12:00:02","slug":"vermouth-cocktail-los-cantabros-025-lata-af-jairo-cuetao-aftappet-af-bodegas-igarmi","status":"publish","type":"product","link":"https:\/\/myspainfood.com\/da\/producto\/vermouth-cocktail-los-cantabros-025-lata-af-jairo-cuetao-aftappet-af-bodegas-igarmi\/","title":{"rendered":"Vermouth cocktail los C\u00e1ntabros 0,25 Lata af Jairo Cuetao aftappet af bodegas Igarmi"},"content":{"rendered":"<p>Verm\u00fa los C\u00e1ntabros er en hyldest til alle de m\u00e6nd og kvinder, der har forst\u00e5et at bevare og udbrede vores kultur.<\/p>\n<p>Ogs\u00e5 vores r\u00f8dder og traditioner, ledsaget af messer, festivaler, spil og gastronomi, fra havet til bjergene i vores elskede Cantabria.<\/p>\n<p>Dette produkt er aftappet af Bodegas Igarmi.  <\/p>\n<p>Bodegas Igarmi er en tradition, der siden 1890 har v\u00e6ret kendetegnet ved kvalitet og kundeservice.<\/p>\n<p>En familievirksomhed, hvis passion og dedikation til vin har gjort det muligt at tappe og markedsf\u00f8re vine med et uovertruffent forhold mellem kvalitet og pris, som er h\u00f8jt v\u00e6rdsat p\u00e5 markedet og af forbrugerne.<\/p>\n<p>Bodegas Igarmi har 3.000 m\u00b2 faciliteter i byen Heras med en lagerkapacitet p\u00e5 cirka en million liter.<\/p>\n<p>Det er ogs\u00e5 den st\u00f8rste ving\u00e5rd i Cantabrien.<\/p>\n<p>De er et fantastisk team p\u00e5 mere end 30 personer, der er engageret i at give kunden det bedste produkt og den bedste service, som vi udm\u00e6rker os ved.<\/p>\n<p>De har en fl\u00e5de p\u00e5 20 k\u00f8ret\u00f8jer til levering og distribution af produkter i hele Cantabrien og de omkringliggende samfund.<\/p>\n<p>Hvis du \u00f8nsker at k\u00f8be Vermouth Los C\u00e1ntabros 5 liter Bag in Box eller andre former for drikkevarer, s\u00e5 t\u00f8v ikke med at tage et kig p\u00e5 vores online katalog for at se det store udvalg af drikkevarer, vi har.<\/p>\n<p>Skriv til os for mere information.<\/p>\n","protected":false},"excerpt":{"rendered":"<p>Verm\u00fa los C\u00e1ntabros er en hyldest til alle de m\u00e6nd og kvinder, der har forst\u00e5et at bevare og udbrede vores kultur. Ogs\u00e5 vores r\u00f8dder og traditioner, ledsaget af messer, festivaler, spil og gastronomi, fra havet til bjergene i vores elskede Cantabria. Dette produkt er aftappet af Bodegas Igarmi. Bodegas Igarmi er en tradition, der siden [&hellip;]<\/p>\n","protected":false},"featured_media":42170,"template":"","meta":{"_et_pb_use_builder":"","_et_pb_old_content":"","_et_gb_content_width":""},"product_brand":[1244,1245],"product_cat":[4899,5787],"product_tag":[5789],"class_list":{"0":"post-42167","1":"product","2":"type-product","3":"status-publish","4":"has-post-thumbnail","6":"product_brand-igarmi","7":"product_brand-los-cantabros","8":"product_cat-drikkevarer-da","9":"product_cat-vermouth-da","10":"product_tag-igarmi-da","12":"first","13":"outofstock","14":"featured","15":"taxable","16":"shipping-taxable","17":"product-type-variable"},"_links":{"self":[{"href":"https:\/\/myspainfood.com\/da\/wp-json\/wp\/v2\/product\/42167","targetHints":{"allow":["GET"]}}],"collection":[{"href":"https:\/\/myspainfood.com\/da\/wp-json\/wp\/v2\/product"}],"about":[{"href":"https:\/\/myspainfood.com\/da\/wp-json\/wp\/v2\/types\/product"}],"wp:featuredmedia":[{"embeddable":true,"href":"https:\/\/myspainfood.com\/da\/wp-json\/wp\/v2\/media\/42170"}],"wp:attachment":[{"href":"https:\/\/myspainfood.com\/da\/wp-json\/wp\/v2\/media?parent=42167"}],"wp:term":[{"taxonomy":"product_brand","embeddable":true,"href":"https:\/\/myspainfood.com\/da\/wp-json\/wp\/v2\/product_brand?post=42167"},{"taxonomy":"product_cat","embeddable":true,"href":"https:\/\/myspainfood.com\/da\/wp-json\/wp\/v2\/product_cat?post=42167"},{"taxonomy":"product_tag","embeddable":true,"href":"https:\/\/myspainfood.com\/da\/wp-json\/wp\/v2\/product_tag?post=42167"}],"curies":[{"name":"wp","href":"https:\/\/api.w.org\/{rel}","templated":true}]}}