{"id":43156,"date":"2025-04-10T12:11:39","date_gmt":"2025-04-10T10:11:39","guid":{"rendered":"https:\/\/myspainfood.com\/producto\/sanmer-sorte-perleoliven-med-sten-314-ml\/"},"modified":"2025-04-10T12:11:39","modified_gmt":"2025-04-10T10:11:39","slug":"sanmer-sorte-perleoliven-med-sten-314-ml","status":"publish","type":"product","link":"https:\/\/myspainfood.com\/da\/producto\/sanmer-sorte-perleoliven-med-sten-314-ml\/","title":{"rendered":"Sanmer Sorte perleoliven med sten 314 ml"},"content":{"rendered":"<p>Intens sort farve med st\u00e6rk glans, saftigt k\u00f8d og behagelig konsistens. En fantastisk ledsager til friske salater og pizzaer, l\u00e6kker til enhver mild ret. <\/p>\n","protected":false},"excerpt":{"rendered":"<p>Intens sort farve med st\u00e6rk glans, saftigt k\u00f8d og behagelig konsistens. En fantastisk ledsager til friske salater og pizzaer, l\u00e6kker til enhver mild ret.<\/p>\n","protected":false},"featured_media":43162,"template":"","meta":{"_et_pb_use_builder":"","_et_pb_old_content":"","_et_gb_content_width":""},"product_brand":[1069,1303],"product_cat":[1654,1647],"product_tag":[2039,7082],"class_list":{"0":"post-43156","1":"product","2":"type-product","3":"status-publish","4":"has-post-thumbnail","6":"product_brand-sangar","7":"product_brand-sanmer","8":"product_cat-oliven-da","9":"product_cat-pickles-da","10":"product_tag-kamille","11":"product_tag-sort","13":"first","14":"outofstock","15":"taxable","16":"shipping-taxable","17":"product-type-variable"},"_links":{"self":[{"href":"https:\/\/myspainfood.com\/da\/wp-json\/wp\/v2\/product\/43156","targetHints":{"allow":["GET"]}}],"collection":[{"href":"https:\/\/myspainfood.com\/da\/wp-json\/wp\/v2\/product"}],"about":[{"href":"https:\/\/myspainfood.com\/da\/wp-json\/wp\/v2\/types\/product"}],"wp:featuredmedia":[{"embeddable":true,"href":"https:\/\/myspainfood.com\/da\/wp-json\/wp\/v2\/media\/43162"}],"wp:attachment":[{"href":"https:\/\/myspainfood.com\/da\/wp-json\/wp\/v2\/media?parent=43156"}],"wp:term":[{"taxonomy":"product_brand","embeddable":true,"href":"https:\/\/myspainfood.com\/da\/wp-json\/wp\/v2\/product_brand?post=43156"},{"taxonomy":"product_cat","embeddable":true,"href":"https:\/\/myspainfood.com\/da\/wp-json\/wp\/v2\/product_cat?post=43156"},{"taxonomy":"product_tag","embeddable":true,"href":"https:\/\/myspainfood.com\/da\/wp-json\/wp\/v2\/product_tag?post=43156"}],"curies":[{"name":"wp","href":"https:\/\/api.w.org\/{rel}","templated":true}]}}