{"id":43545,"date":"2025-04-10T12:12:05","date_gmt":"2025-04-10T10:12:05","guid":{"rendered":"https:\/\/myspainfood.com\/producto\/santos-sodupe-rioja-ung-titis-rose\/"},"modified":"2026-01-29T12:39:12","modified_gmt":"2026-01-29T11:39:12","slug":"santos-sodupe-rioja-ung-titis-rose","status":"publish","type":"product","link":"https:\/\/myspainfood.com\/da\/producto\/santos-sodupe-rioja-ung-titis-rose\/","title":{"rendered":"Santos Sodupe Rioja ung TITIS ROS\u00c9"},"content":{"rendered":"<p>Lyser\u00f8d<\/p>\n<p>Kold maceration<\/p>\n<p>Lavtrykspresning, fritl\u00f8bende juice<\/p>\n<p>Reng\u00f8ring ved flotation<\/p>\n<p>Temperaturkontrolleret fermentering<\/p>\n<p>Tekniske specifikationer<\/p>\n<p>  Ung ros\u00e9<\/p>\n<p>  100% r\u00f8d grenache<\/p>\n<p>  Bodegas Santos Sodupe<\/p>\n<p>  San Asensio, La Rioja<\/p>\n<p>  D.O.C. Rioja<\/p>\n<p>  75cl \/ 12,5%vol.<\/p>\n<p>  Indeholder sulfitter<\/p>\n<p>Smagning<\/p>\n<p>Lys, ren rosa, laksefarvede striber<\/p>\n<p>Indhyllende og elegant, hvide frugter og citrusfrugter<\/p>\n<p>Lang og bl\u00f8d, elegant og dv\u00e6lende syre<\/p>\n","protected":false},"excerpt":{"rendered":"<p>Lyser\u00f8d Kold maceration Lavtrykspresning, fritl\u00f8bende juice Reng\u00f8ring ved flotation Temperaturkontrolleret fermentering Tekniske specifikationer Ung ros\u00e9 100% r\u00f8d grenache Bodegas Santos Sodupe San Asensio, La Rioja D.O.C. Rioja 75cl \/ 12,5%vol. Indeholder sulfitter Smagning Lys, ren rosa, laksefarvede striber Indhyllende og elegant, hvide frugter og citrusfrugter Lang og bl\u00f8d, elegant og dv\u00e6lende syre<\/p>\n","protected":false},"featured_media":43551,"template":"","meta":{"_et_pb_use_builder":"","_et_pb_old_content":"","_et_gb_content_width":""},"product_brand":[1459],"product_cat":[4899,4901],"product_tag":[],"class_list":{"0":"post-43545","1":"product","2":"type-product","3":"status-publish","4":"has-post-thumbnail","6":"product_brand-santos-sodupe","7":"product_cat-drikkevarer-da","8":"product_cat-vin-da","10":"first","11":"outofstock","12":"taxable","13":"shipping-taxable","14":"product-type-variable"},"_links":{"self":[{"href":"https:\/\/myspainfood.com\/da\/wp-json\/wp\/v2\/product\/43545","targetHints":{"allow":["GET"]}}],"collection":[{"href":"https:\/\/myspainfood.com\/da\/wp-json\/wp\/v2\/product"}],"about":[{"href":"https:\/\/myspainfood.com\/da\/wp-json\/wp\/v2\/types\/product"}],"wp:featuredmedia":[{"embeddable":true,"href":"https:\/\/myspainfood.com\/da\/wp-json\/wp\/v2\/media\/43551"}],"wp:attachment":[{"href":"https:\/\/myspainfood.com\/da\/wp-json\/wp\/v2\/media?parent=43545"}],"wp:term":[{"taxonomy":"product_brand","embeddable":true,"href":"https:\/\/myspainfood.com\/da\/wp-json\/wp\/v2\/product_brand?post=43545"},{"taxonomy":"product_cat","embeddable":true,"href":"https:\/\/myspainfood.com\/da\/wp-json\/wp\/v2\/product_cat?post=43545"},{"taxonomy":"product_tag","embeddable":true,"href":"https:\/\/myspainfood.com\/da\/wp-json\/wp\/v2\/product_tag?post=43545"}],"curies":[{"name":"wp","href":"https:\/\/api.w.org\/{rel}","templated":true}]}}