{"id":43606,"date":"2025-04-10T12:12:05","date_gmt":"2025-04-10T10:12:05","guid":{"rendered":"https:\/\/myspainfood.com\/producto\/santos-sodupe-rioja-rose-halvsoed-pekadora-rioja\/"},"modified":"2026-01-29T12:26:32","modified_gmt":"2026-01-29T11:26:32","slug":"santos-sodupe-rioja-rose-halvsoed-pekadora-rioja","status":"publish","type":"product","link":"https:\/\/myspainfood.com\/da\/producto\/santos-sodupe-rioja-rose-halvsoed-pekadora-rioja\/","title":{"rendered":"Santos Sodupe Rioja Ros\u00e9 halvs\u00f8d PEKADORA Rioja"},"content":{"rendered":"<p>H\u00f8st om natten<\/p>\n<p>Kold maceration<\/p>\n<p>Lavtrykspresning, fritl\u00f8bende juice<\/p>\n<p>Reng\u00f8ring ved flotation<\/p>\n<p>Temperaturkontrolleret fermentering<\/p>\n<p>Tekniske specifikationer<\/p>\n<p>  Halvs\u00f8d ros\u00e9<\/p>\n<p>  100% r\u00f8d grenache<\/p>\n<p>  Bodegas Santos Sodupe<\/p>\n<p>  San Asensio, La Rioja<\/p>\n<p>  D.O.C. Rioja<\/p>\n<p>  75cl \/ 12,5%vol.<\/p>\n<p>  Indeholder sulfitter<\/p>\n<p>Smagning<\/p>\n<p>Lys, ren rosa, laksefarvede striber<\/p>\n<p>Kompot af hvid frugt og citrusnoter<\/p>\n<p>Levende fornemmelse af balance mellem s\u00f8dme og syre<\/p>\n","protected":false},"excerpt":{"rendered":"<p>H\u00f8st om natten Kold maceration Lavtrykspresning, fritl\u00f8bende juice Reng\u00f8ring ved flotation Temperaturkontrolleret fermentering Tekniske specifikationer Halvs\u00f8d ros\u00e9 100% r\u00f8d grenache Bodegas Santos Sodupe San Asensio, La Rioja D.O.C. Rioja 75cl \/ 12,5%vol. Indeholder sulfitter Smagning Lys, ren rosa, laksefarvede striber Kompot af hvid frugt og citrusnoter Levende fornemmelse af balance mellem s\u00f8dme og syre<\/p>\n","protected":false},"featured_media":43612,"template":"","meta":{"_et_pb_use_builder":"","_et_pb_old_content":"","_et_gb_content_width":""},"product_brand":[1459],"product_cat":[4899,4901],"product_tag":[],"class_list":{"0":"post-43606","1":"product","2":"type-product","3":"status-publish","4":"has-post-thumbnail","6":"product_brand-santos-sodupe","7":"product_cat-drikkevarer-da","8":"product_cat-vin-da","10":"first","11":"outofstock","12":"taxable","13":"shipping-taxable","14":"product-type-variable"},"_links":{"self":[{"href":"https:\/\/myspainfood.com\/da\/wp-json\/wp\/v2\/product\/43606","targetHints":{"allow":["GET"]}}],"collection":[{"href":"https:\/\/myspainfood.com\/da\/wp-json\/wp\/v2\/product"}],"about":[{"href":"https:\/\/myspainfood.com\/da\/wp-json\/wp\/v2\/types\/product"}],"wp:featuredmedia":[{"embeddable":true,"href":"https:\/\/myspainfood.com\/da\/wp-json\/wp\/v2\/media\/43612"}],"wp:attachment":[{"href":"https:\/\/myspainfood.com\/da\/wp-json\/wp\/v2\/media?parent=43606"}],"wp:term":[{"taxonomy":"product_brand","embeddable":true,"href":"https:\/\/myspainfood.com\/da\/wp-json\/wp\/v2\/product_brand?post=43606"},{"taxonomy":"product_cat","embeddable":true,"href":"https:\/\/myspainfood.com\/da\/wp-json\/wp\/v2\/product_cat?post=43606"},{"taxonomy":"product_tag","embeddable":true,"href":"https:\/\/myspainfood.com\/da\/wp-json\/wp\/v2\/product_tag?post=43606"}],"curies":[{"name":"wp","href":"https:\/\/api.w.org\/{rel}","templated":true}]}}