{"id":44062,"date":"2025-04-10T12:10:40","date_gmt":"2025-04-10T10:10:40","guid":{"rendered":"https:\/\/myspainfood.com\/producto\/filet-1500-2000-af-saltet-torsk-gadus-morhua-10-kg\/"},"modified":"2025-09-02T10:47:58","modified_gmt":"2025-09-02T08:47:58","slug":"filet-1500-2000-af-saltet-torsk-gadus-morhua-10-kg","status":"publish","type":"product","link":"https:\/\/myspainfood.com\/da\/producto\/filet-1500-2000-af-saltet-torsk-gadus-morhua-10-kg\/","title":{"rendered":"Filet +1500\/2000 af saltet torsk Gadus morhua 10 kg"},"content":{"rendered":"<p>&#8220;Torsk er f\u00e6llesbetegnelsen for flere fiskearter af sl\u00e6gten Gadus, selv om nogle af de samme sl\u00e6gter kan have andre navne. Den mest almindelige art er den atlantiske torsk (Gadus morhua eller almindelig torsk). Det er en af de mest kendte fisk i verden og er v\u00e6rdsat for sin gode smag.  <\/p>\n<p>N\u00c6RINGSV\u00c6RDI<\/p>\n<p>Fra et ern\u00e6ringsm\u00e6ssigt synspunkt er torsk en f\u00f8devare, der er rig p\u00e5 proteiner af h\u00f8j biologisk v\u00e6rdi og ford\u00f8jelighed med et lavt fedt- og kalorieindhold. Dens vandindhold er omkring 80 % (i frisk torsk), og den er en god kilde til vitaminer (prim\u00e6rt gruppe B) og mineralsalte, som er vigtige for kroppen. Frisk eller afsaltet torsk kan indtages af personer med h\u00f8jt blodtryk, da den har et lavt indhold af natrium og er rig p\u00e5 kalium.  <\/p>\n","protected":false},"excerpt":{"rendered":"<p>&#8220;Torsk er f\u00e6llesbetegnelsen for flere fiskearter af sl\u00e6gten Gadus, selv om nogle af de samme sl\u00e6gter kan have andre navne. Den mest almindelige art er den atlantiske torsk (Gadus morhua eller almindelig torsk). Det er en af de mest kendte fisk i verden og er v\u00e6rdsat for sin gode smag. N\u00c6RINGSV\u00c6RDI Fra et ern\u00e6ringsm\u00e6ssigt synspunkt [&hellip;]<\/p>\n","protected":false},"featured_media":44068,"template":"","meta":{"_et_pb_use_builder":"","_et_pb_old_content":"","_et_gb_content_width":""},"product_brand":[1290],"product_cat":[1860,3549],"product_tag":[],"class_list":{"0":"post-44062","1":"product","2":"type-product","3":"status-publish","4":"has-post-thumbnail","6":"product_brand-la-barajilla","7":"product_cat-koldt","8":"product_cat-torsk-da","9":"product_shipping_class-kold-forsendelse","11":"first","12":"instock","13":"taxable","14":"shipping-taxable","15":"purchasable","16":"product-type-simple"},"_links":{"self":[{"href":"https:\/\/myspainfood.com\/da\/wp-json\/wp\/v2\/product\/44062","targetHints":{"allow":["GET"]}}],"collection":[{"href":"https:\/\/myspainfood.com\/da\/wp-json\/wp\/v2\/product"}],"about":[{"href":"https:\/\/myspainfood.com\/da\/wp-json\/wp\/v2\/types\/product"}],"wp:featuredmedia":[{"embeddable":true,"href":"https:\/\/myspainfood.com\/da\/wp-json\/wp\/v2\/media\/44068"}],"wp:attachment":[{"href":"https:\/\/myspainfood.com\/da\/wp-json\/wp\/v2\/media?parent=44062"}],"wp:term":[{"taxonomy":"product_brand","embeddable":true,"href":"https:\/\/myspainfood.com\/da\/wp-json\/wp\/v2\/product_brand?post=44062"},{"taxonomy":"product_cat","embeddable":true,"href":"https:\/\/myspainfood.com\/da\/wp-json\/wp\/v2\/product_cat?post=44062"},{"taxonomy":"product_tag","embeddable":true,"href":"https:\/\/myspainfood.com\/da\/wp-json\/wp\/v2\/product_tag?post=44062"}],"curies":[{"name":"wp","href":"https:\/\/api.w.org\/{rel}","templated":true}]}}