{"id":44253,"date":"2025-04-10T12:11:27","date_gmt":"2025-04-10T10:11:27","guid":{"rendered":"https:\/\/myspainfood.com\/producto\/aeg-gildas-med-ansjos-bokeo-4-stk\/"},"modified":"2025-06-24T13:20:23","modified_gmt":"2025-06-24T11:20:23","slug":"aeg-gildas-med-ansjos-bokeo-4-stk","status":"publish","type":"product","link":"https:\/\/myspainfood.com\/da\/producto\/aeg-gildas-med-ansjos-bokeo-4-stk\/","title":{"rendered":"\u00c6g Gildas med ansjos Bokeo 4 stk."},"content":{"rendered":"<p>Gilda af ansjoser, vagtel\u00e6g, oliven fyldt med ansjoser, piparra og r\u00f8d peber.<\/p>\n","protected":false},"excerpt":{"rendered":"<p>Gilda af ansjoser, vagtel\u00e6g, oliven fyldt med ansjoser, piparra og r\u00f8d peber.<\/p>\n","protected":false},"featured_media":29371,"template":"","meta":{"_et_pb_use_builder":"","_et_pb_old_content":"","_et_gb_content_width":""},"product_brand":[1277],"product_cat":[1894,1860,1648,1654,2363,1647,1862],"product_tag":[],"class_list":{"0":"post-44253","1":"product","2":"type-product","3":"status-publish","4":"has-post-thumbnail","6":"product_brand-bokeo","7":"product_cat-ansjoser-da","8":"product_cat-koldt","9":"product_cat-konserves","10":"product_cat-oliven-da","11":"product_cat-peberfrugter","12":"product_cat-pickles-da","13":"product_cat-pintxos-da","14":"product_shipping_class-kold-forsendelse","16":"first","17":"outofstock","18":"taxable","19":"shipping-taxable","20":"product-type-variable"},"_links":{"self":[{"href":"https:\/\/myspainfood.com\/da\/wp-json\/wp\/v2\/product\/44253","targetHints":{"allow":["GET"]}}],"collection":[{"href":"https:\/\/myspainfood.com\/da\/wp-json\/wp\/v2\/product"}],"about":[{"href":"https:\/\/myspainfood.com\/da\/wp-json\/wp\/v2\/types\/product"}],"wp:featuredmedia":[{"embeddable":true,"href":"https:\/\/myspainfood.com\/da\/wp-json\/wp\/v2\/media\/29371"}],"wp:attachment":[{"href":"https:\/\/myspainfood.com\/da\/wp-json\/wp\/v2\/media?parent=44253"}],"wp:term":[{"taxonomy":"product_brand","embeddable":true,"href":"https:\/\/myspainfood.com\/da\/wp-json\/wp\/v2\/product_brand?post=44253"},{"taxonomy":"product_cat","embeddable":true,"href":"https:\/\/myspainfood.com\/da\/wp-json\/wp\/v2\/product_cat?post=44253"},{"taxonomy":"product_tag","embeddable":true,"href":"https:\/\/myspainfood.com\/da\/wp-json\/wp\/v2\/product_tag?post=44253"}],"curies":[{"name":"wp","href":"https:\/\/api.w.org\/{rel}","templated":true}]}}