{"id":44317,"date":"2025-04-10T12:11:27","date_gmt":"2025-04-10T10:11:27","guid":{"rendered":"https:\/\/myspainfood.com\/producto\/sortimentspose-400-gram-la-ponderosa\/"},"modified":"2025-04-10T12:11:27","modified_gmt":"2025-04-10T10:11:27","slug":"sortimentspose-400-gram-la-ponderosa","status":"publish","type":"product","link":"https:\/\/myspainfood.com\/da\/producto\/sortimentspose-400-gram-la-ponderosa\/","title":{"rendered":"Sortimentspose 400 gram La Ponderosa"},"content":{"rendered":"<p>Beskrivelse<\/p>\n<p>I dette sortiment af miniposer p\u00e5 400 gram finder du de mest traditionelle juleprodukter. I et enkelt produkt finder du et udvalg af: <\/p>\n<p>- Donuts med vin og mandler. Miniversionen af vores uds\u00f8gte vindonut. Rund i formen, med et hul i midten, lavet med s\u00f8d vin, mandler, sesamfr\u00f8 og flormelis.  <\/p>\n<p>- Polvoroncitos de almendra. Hvad ville julen v\u00e6re uden de traditionelle polvoronones? Selvom de er mindre end de originale, bevarer vores polvoroncitos den karakteristiske mandelsmag.  <\/p>\n<p>- Kanelsnegle. Julens konge sammen med polvor\u00f3n. Miniversionen af vores mantecado er lavet med de samme ingredienser: sm\u00f8r, mel, malede mandler, sesamfr\u00f8 og kanel.  <\/p>\n<p>Ingredienser<\/p>\n<p>Mini kanelsm\u00f8r: Hvedemel, sukker, iberisk svinefedt (antioxidant: E-320), kanel (1 %) og sesamfr\u00f8. Kan indeholde spor af n\u00f8dder, jordn\u00f8dder og sulfitter. <\/p>\n<p>Mini mandel polvor\u00f3n: Hvedemel, sukker, iberisk svinefedt (antioxidant: E-320), mandler (8%), kanel, nelliker og citronaroma. Kan indeholde spor af jordn\u00f8dder, sesam og sulfitter. <\/p>\n<p>Mini-donut med vin og mandler: Hvedemel, iberisk svinefedt (antioxidant: E-320), sukker, vin (indeholder sulfitter) (12 %), mandler (5 %), anis, kanel, sesamfr\u00f8, anisaroma og citronaroma. Kan indeholde spor af jordn\u00f8dder. <\/p>\n<p>Allergener<\/p>\n<p>Indeholder gluten, n\u00f8dder, sesam og sulfitter. Kan indeholde spor af jordn\u00f8dder. <\/p>\n","protected":false},"excerpt":{"rendered":"<p>Beskrivelse I dette sortiment af miniposer p\u00e5 400 gram finder du de mest traditionelle juleprodukter. I et enkelt produkt finder du et udvalg af: - Donuts med vin og mandler. Miniversionen af vores uds\u00f8gte vindonut. Rund i formen, med et hul i midten, lavet med s\u00f8d vin, mandler, sesamfr\u00f8 og flormelis. - Polvoroncitos de almendra. [&hellip;]<\/p>\n","protected":false},"featured_media":44322,"template":"","meta":{"_et_pb_use_builder":"","_et_pb_old_content":"","_et_gb_content_width":""},"product_brand":[1417],"product_cat":[7787,1648],"product_tag":[],"class_list":{"0":"post-44317","1":"product","2":"type-product","3":"status-publish","4":"has-post-thumbnail","6":"product_brand-la-ponderosa","7":"product_cat-jule-special","8":"product_cat-konserves","10":"first","11":"outofstock","12":"taxable","13":"shipping-taxable","14":"product-type-variable"},"_links":{"self":[{"href":"https:\/\/myspainfood.com\/da\/wp-json\/wp\/v2\/product\/44317","targetHints":{"allow":["GET"]}}],"collection":[{"href":"https:\/\/myspainfood.com\/da\/wp-json\/wp\/v2\/product"}],"about":[{"href":"https:\/\/myspainfood.com\/da\/wp-json\/wp\/v2\/types\/product"}],"wp:featuredmedia":[{"embeddable":true,"href":"https:\/\/myspainfood.com\/da\/wp-json\/wp\/v2\/media\/44322"}],"wp:attachment":[{"href":"https:\/\/myspainfood.com\/da\/wp-json\/wp\/v2\/media?parent=44317"}],"wp:term":[{"taxonomy":"product_brand","embeddable":true,"href":"https:\/\/myspainfood.com\/da\/wp-json\/wp\/v2\/product_brand?post=44317"},{"taxonomy":"product_cat","embeddable":true,"href":"https:\/\/myspainfood.com\/da\/wp-json\/wp\/v2\/product_cat?post=44317"},{"taxonomy":"product_tag","embeddable":true,"href":"https:\/\/myspainfood.com\/da\/wp-json\/wp\/v2\/product_tag?post=44317"}],"curies":[{"name":"wp","href":"https:\/\/api.w.org\/{rel}","templated":true}]}}