{"id":44348,"date":"2025-04-10T12:11:27","date_gmt":"2025-04-10T10:11:27","guid":{"rendered":"https:\/\/myspainfood.com\/producto\/hjemmelavet-shortbread-500-gram-pose-la-ponderosa\/"},"modified":"2025-04-10T12:11:27","modified_gmt":"2025-04-10T10:11:27","slug":"hjemmelavet-shortbread-500-gram-pose-la-ponderosa","status":"publish","type":"product","link":"https:\/\/myspainfood.com\/da\/producto\/hjemmelavet-shortbread-500-gram-pose-la-ponderosa\/","title":{"rendered":"Hjemmelavet shortbread 500 gram pose La Ponderosa"},"content":{"rendered":"<p>Chokolade, citron, kanel &#8230; Der er mange varianter af mantecados p\u00e5 markedet, men hvis der er nogle, der er et must p\u00e5 julebordet, s\u00e5 er det hjemmelavede mantecados. Blandingen af kvalitet, da vores hjemmelavede mantecados er lavet med de bedste ingredienser, med h\u00e5ndv\u00e6rket og traditionen for et produkt, der har v\u00e6ret markedsf\u00f8rt i \u00e5revis i vores land, g\u00f8r det til et af de bedst s\u00e6lgende produkter blandt vores kunder. <\/p>\n<p>Ingredienser:<\/p>\n<p>Hvedemel, sukker, iberisk svinefedt (antioxidant: E-320), kanel og sesamfr\u00f8. Kan indeholde spor af n\u00f8dder, jordn\u00f8dder og sulfitter. <\/p>\n<p>Allergener<\/p>\n<p>Indeholder gluten og sesam. Kan indeholde spor af n\u00f8dder, jordn\u00f8dder og sulfitter. <\/p>\n","protected":false},"excerpt":{"rendered":"<p>Chokolade, citron, kanel &#8230; Der er mange varianter af mantecados p\u00e5 markedet, men hvis der er nogle, der er et must p\u00e5 julebordet, s\u00e5 er det hjemmelavede mantecados. Blandingen af kvalitet, da vores hjemmelavede mantecados er lavet med de bedste ingredienser, med h\u00e5ndv\u00e6rket og traditionen for et produkt, der har v\u00e6ret markedsf\u00f8rt i \u00e5revis i [&hellip;]<\/p>\n","protected":false},"featured_media":44352,"template":"","meta":{"_et_pb_use_builder":"","_et_pb_old_content":"","_et_gb_content_width":""},"product_brand":[1417],"product_cat":[7787,1648],"product_tag":[],"class_list":{"0":"post-44348","1":"product","2":"type-product","3":"status-publish","4":"has-post-thumbnail","6":"product_brand-la-ponderosa","7":"product_cat-jule-special","8":"product_cat-konserves","10":"first","11":"outofstock","12":"taxable","13":"shipping-taxable","14":"product-type-variable"},"_links":{"self":[{"href":"https:\/\/myspainfood.com\/da\/wp-json\/wp\/v2\/product\/44348","targetHints":{"allow":["GET"]}}],"collection":[{"href":"https:\/\/myspainfood.com\/da\/wp-json\/wp\/v2\/product"}],"about":[{"href":"https:\/\/myspainfood.com\/da\/wp-json\/wp\/v2\/types\/product"}],"wp:featuredmedia":[{"embeddable":true,"href":"https:\/\/myspainfood.com\/da\/wp-json\/wp\/v2\/media\/44352"}],"wp:attachment":[{"href":"https:\/\/myspainfood.com\/da\/wp-json\/wp\/v2\/media?parent=44348"}],"wp:term":[{"taxonomy":"product_brand","embeddable":true,"href":"https:\/\/myspainfood.com\/da\/wp-json\/wp\/v2\/product_brand?post=44348"},{"taxonomy":"product_cat","embeddable":true,"href":"https:\/\/myspainfood.com\/da\/wp-json\/wp\/v2\/product_cat?post=44348"},{"taxonomy":"product_tag","embeddable":true,"href":"https:\/\/myspainfood.com\/da\/wp-json\/wp\/v2\/product_tag?post=44348"}],"curies":[{"name":"wp","href":"https:\/\/api.w.org\/{rel}","templated":true}]}}