{"id":44383,"date":"2025-04-10T12:11:27","date_gmt":"2025-04-10T10:11:27","guid":{"rendered":"https:\/\/myspainfood.com\/producto\/tun-i-solsikkeolie-1000-g-pose-portonovo\/"},"modified":"2025-04-10T12:11:27","modified_gmt":"2025-04-10T10:11:27","slug":"tun-i-solsikkeolie-1000-g-pose-portonovo","status":"publish","type":"product","link":"https:\/\/myspainfood.com\/da\/producto\/tun-i-solsikkeolie-1000-g-pose-portonovo\/","title":{"rendered":"Tun i solsikkeolie 1000 g pose Portonovo"},"content":{"rendered":"<p>Indtaget af tun er godt for en afbalanceret kost p\u00e5 grund af det h\u00f8je indhold af protein, jern og niacin.3 Generelt er m\u00e6ngden af kalorier h\u00f8jere i tun, der er pakket med olie, end i tun, der er pakket &#8220;naturligt&#8221; (100 gram d\u00e5setun indeholder 285 kalorier, mens den samme m\u00e6ngde frisk tun indeholder 200 kalorier).3 I nogle lande som Spanien er det almindeligt at se d\u00e5ser med syltet tun. Nogle forfattere n\u00e6vner, at p\u00e5 trods af tunens h\u00f8je omega-3-indhold g\u00e5r det meste af det tabt under forarbejdning og emballering.4 De mest almindelige ingredienser er salt, mononatriumglutamat og hydrolyseret protein. Nogle gange tils\u00e6ttes krydderier, hvidl\u00f8g, krydderurter osv. Nogle gange syrnes den med citronsaft.   <\/p>\n<p>Overdreven indtagelse af d\u00e5setun frar\u00e5des p\u00e5 grund af indholdet af purin (som kroppen omdanner til urinsyre). Dette indtag anbefales ikke til personer, der lider af hyperurik\u00e6mi eller gigt. Saltindholdet har givet anledning til bekymring hos visse befolkningsgrupper med &#8220;h\u00f8jt blodtryk&#8221;, og derfor er der siden begyndelsen af det 21. \u00e5rhundrede blevet markedsf\u00f8rt varianter med lavt saltindhold. Kolesterolindholdet er ikke lavt (50 mg\/100 g), men det er ikke h\u00f8jere end i andre produkter af animalsk oprindelse. Tilstedev\u00e6relsen af fedtsyrer reducerer dog forekomsten.    <\/p>\n","protected":false},"excerpt":{"rendered":"<p>Indtaget af tun er godt for en afbalanceret kost p\u00e5 grund af det h\u00f8je indhold af protein, jern og niacin.3 Generelt er m\u00e6ngden af kalorier h\u00f8jere i tun, der er pakket med olie, end i tun, der er pakket &#8220;naturligt&#8221; (100 gram d\u00e5setun indeholder 285 kalorier, mens den samme m\u00e6ngde frisk tun indeholder 200 kalorier).3 [&hellip;]<\/p>\n","protected":false},"featured_media":44388,"template":"","meta":{"_et_pb_use_builder":"","_et_pb_old_content":"","_et_gb_content_width":""},"product_brand":[1428],"product_cat":[1648,4298],"product_tag":[],"class_list":{"0":"post-44383","1":"product","2":"type-product","3":"status-publish","4":"has-post-thumbnail","6":"product_brand-portonovo","7":"product_cat-konserves","8":"product_cat-tun-og-bonito","10":"first","11":"outofstock","12":"taxable","13":"shipping-taxable","14":"purchasable","15":"product-type-variable"},"_links":{"self":[{"href":"https:\/\/myspainfood.com\/da\/wp-json\/wp\/v2\/product\/44383","targetHints":{"allow":["GET"]}}],"collection":[{"href":"https:\/\/myspainfood.com\/da\/wp-json\/wp\/v2\/product"}],"about":[{"href":"https:\/\/myspainfood.com\/da\/wp-json\/wp\/v2\/types\/product"}],"wp:featuredmedia":[{"embeddable":true,"href":"https:\/\/myspainfood.com\/da\/wp-json\/wp\/v2\/media\/44388"}],"wp:attachment":[{"href":"https:\/\/myspainfood.com\/da\/wp-json\/wp\/v2\/media?parent=44383"}],"wp:term":[{"taxonomy":"product_brand","embeddable":true,"href":"https:\/\/myspainfood.com\/da\/wp-json\/wp\/v2\/product_brand?post=44383"},{"taxonomy":"product_cat","embeddable":true,"href":"https:\/\/myspainfood.com\/da\/wp-json\/wp\/v2\/product_cat?post=44383"},{"taxonomy":"product_tag","embeddable":true,"href":"https:\/\/myspainfood.com\/da\/wp-json\/wp\/v2\/product_tag?post=44383"}],"curies":[{"name":"wp","href":"https:\/\/api.w.org\/{rel}","templated":true}]}}