{"id":44796,"date":"2025-04-10T12:07:40","date_gmt":"2025-04-10T10:07:40","guid":{"rendered":"https:\/\/myspainfood.com\/producto\/saltet-blandet-ost-las-gavillas-ca-800-g\/"},"modified":"2025-06-24T14:12:14","modified_gmt":"2025-06-24T12:12:14","slug":"saltet-blandet-ost-las-gavillas-ca-800-g","status":"publish","type":"product","link":"https:\/\/myspainfood.com\/da\/producto\/saltet-blandet-ost-las-gavillas-ca-800-g\/","title":{"rendered":"Saltet blandet ost Las Gavillas ca. 800 g"},"content":{"rendered":"<p>Ost fremstillet af r\u00e5 ko-, gede- og f\u00e5rem\u00e6lk<\/p>\n<p> Ca. 800 g. kile.<\/p>\n","protected":false},"excerpt":{"rendered":"<p>Ost fremstillet af r\u00e5 ko-, gede- og f\u00e5rem\u00e6lk Ca. 800 g. kile.<\/p>\n","protected":false},"featured_media":44798,"template":"","meta":{"_et_pb_use_builder":"","_et_pb_old_content":"","_et_gb_content_width":""},"product_brand":[1247],"product_cat":[1860,2292],"product_tag":[],"class_list":{"0":"post-44796","1":"product","2":"type-product","3":"status-publish","4":"has-post-thumbnail","6":"product_brand-gavillas","7":"product_cat-koldt","8":"product_cat-ost-og-polse-da","9":"product_shipping_class-kold-forsendelse","11":"first","12":"outofstock","13":"featured","14":"taxable","15":"shipping-taxable","16":"purchasable","17":"product-type-simple"},"_links":{"self":[{"href":"https:\/\/myspainfood.com\/da\/wp-json\/wp\/v2\/product\/44796","targetHints":{"allow":["GET"]}}],"collection":[{"href":"https:\/\/myspainfood.com\/da\/wp-json\/wp\/v2\/product"}],"about":[{"href":"https:\/\/myspainfood.com\/da\/wp-json\/wp\/v2\/types\/product"}],"wp:featuredmedia":[{"embeddable":true,"href":"https:\/\/myspainfood.com\/da\/wp-json\/wp\/v2\/media\/44798"}],"wp:attachment":[{"href":"https:\/\/myspainfood.com\/da\/wp-json\/wp\/v2\/media?parent=44796"}],"wp:term":[{"taxonomy":"product_brand","embeddable":true,"href":"https:\/\/myspainfood.com\/da\/wp-json\/wp\/v2\/product_brand?post=44796"},{"taxonomy":"product_cat","embeddable":true,"href":"https:\/\/myspainfood.com\/da\/wp-json\/wp\/v2\/product_cat?post=44796"},{"taxonomy":"product_tag","embeddable":true,"href":"https:\/\/myspainfood.com\/da\/wp-json\/wp\/v2\/product_tag?post=44796"}],"curies":[{"name":"wp","href":"https:\/\/api.w.org\/{rel}","templated":true}]}}