{"id":44998,"date":"2025-04-10T12:11:40","date_gmt":"2025-04-10T10:11:40","guid":{"rendered":"https:\/\/myspainfood.com\/producto\/nieva-cojonudos-hvid-asparges-extra-13-16-meget-tyk\/"},"modified":"2025-04-10T12:11:40","modified_gmt":"2025-04-10T10:11:40","slug":"nieva-cojonudos-hvid-asparges-extra-13-16-meget-tyk","status":"publish","type":"product","link":"https:\/\/myspainfood.com\/da\/producto\/nieva-cojonudos-hvid-asparges-extra-13-16-meget-tyk\/","title":{"rendered":"Nieva &#8221;Cojonudos&#8221; Hvid Asparges Extra 13\/16 Meget tyk"},"content":{"rendered":"<p>Fordyb dig i Nievas meget tykke hvide asparges, og opdag en unik kulinarisk oplevelse! Hver asparges er n\u00f8je udvalgt og dyrket i de mest frugtbare omr\u00e5der, hvilket garanterer den h\u00f8jeste kvalitet og friskhed i hver eneste bid. <\/p>\n<p>Nievas hvide asparges udm\u00e6rker sig ved deres store st\u00f8rrelse og faste, saftige konsistens. Med en us\u00e6dvanlig stor diameter er disse asparges det perfekte valg for dem, der \u00f8nsker en intens smag og en l\u00e6kker konsistens i hver portion. <\/p>\n<p>Vores hvide asparges kommer fra de mest omhyggeligt dyrkede marker og h\u00f8stes ved optimal modenhed, og de er en naturskat, der vil gl\u00e6de din gane og l\u00f8fte dine retter til nye gastronomiske h\u00f8jder.<\/p>\n<p>Nyd deres milde, let bitre smag og m\u00f8re, men h\u00e5rde konsistens. Uanset om du nyder dem som garniture til dine hovedretter, tilf\u00f8jer dem til friske salater eller inkorporerer dem i gourmetopskrifter, er Nievas meget tykke hvide asparges det perfekte valg for elskere af det gode k\u00f8kken. <\/p>\n<p>Overrask dine g\u00e6ster med vores hvide asparges&#8217; gastronomiske fortr\u00e6ffeligheder, og g\u00f8r hvert m\u00e5ltid til en uforglemmelig oplevelse. K\u00f8b dem nu, og opdag, hvorfor Nieva er synonymt med enest\u00e5ende kvalitet og smag i hver eneste bid! <\/p>\n","protected":false},"excerpt":{"rendered":"<p>Fordyb dig i de uds\u00f8gte hvide asparges fra Nieva og oplev en unik kulinarisk oplevelse! Hver asparges er n\u00f8je udvalgt og dyrket i de mest frugtbare omr\u00e5der, hvilket garanterer den h\u00f8jeste kvalitet og friskhed i hver eneste bid. <\/p>\n","protected":false},"featured_media":45001,"template":"","meta":{"_et_pb_use_builder":"","_et_pb_old_content":"","_et_gb_content_width":""},"product_brand":[1458],"product_cat":[6475,1648],"product_tag":[],"class_list":{"0":"post-44998","1":"product","2":"type-product","3":"status-publish","4":"has-post-thumbnail","6":"product_brand-nieva-cojonudos","7":"product_cat-asparges-da","8":"product_cat-konserves","10":"first","11":"outofstock","12":"taxable","13":"shipping-taxable","14":"product-type-variable"},"_links":{"self":[{"href":"https:\/\/myspainfood.com\/da\/wp-json\/wp\/v2\/product\/44998","targetHints":{"allow":["GET"]}}],"collection":[{"href":"https:\/\/myspainfood.com\/da\/wp-json\/wp\/v2\/product"}],"about":[{"href":"https:\/\/myspainfood.com\/da\/wp-json\/wp\/v2\/types\/product"}],"wp:featuredmedia":[{"embeddable":true,"href":"https:\/\/myspainfood.com\/da\/wp-json\/wp\/v2\/media\/45001"}],"wp:attachment":[{"href":"https:\/\/myspainfood.com\/da\/wp-json\/wp\/v2\/media?parent=44998"}],"wp:term":[{"taxonomy":"product_brand","embeddable":true,"href":"https:\/\/myspainfood.com\/da\/wp-json\/wp\/v2\/product_brand?post=44998"},{"taxonomy":"product_cat","embeddable":true,"href":"https:\/\/myspainfood.com\/da\/wp-json\/wp\/v2\/product_cat?post=44998"},{"taxonomy":"product_tag","embeddable":true,"href":"https:\/\/myspainfood.com\/da\/wp-json\/wp\/v2\/product_tag?post=44998"}],"curies":[{"name":"wp","href":"https:\/\/api.w.org\/{rel}","templated":true}]}}