{"id":45093,"date":"2025-04-10T12:05:33","date_gmt":"2025-04-10T10:05:33","guid":{"rendered":"https:\/\/myspainfood.com\/producto\/oliven-machacamoya\/"},"modified":"2025-04-10T12:05:33","modified_gmt":"2025-04-10T10:05:33","slug":"oliven-machacamoya","status":"publish","type":"product","link":"https:\/\/myspainfood.com\/da\/producto\/oliven-machacamoya\/","title":{"rendered":"Oliven Machacamoya"},"content":{"rendered":"<p>Machacamoya-oliven skiller sig ud med sin typiske bitre smag. For de mest uds\u00f8gte ganer er det en oval oliven, krydret med hvidl\u00f8g og paprika, aromatiske urter og eddike. Det er en meget popul\u00e6r oliven i barerne. Perfekt til at kombinere med en spansk vin eller et glas \u00f8l.   <\/p>\n","protected":false},"excerpt":{"rendered":"<p>Machacamoya-oliven skiller sig ud med sin typiske bitre smag. For de mest uds\u00f8gte ganer er det en oval oliven, krydret med hvidl\u00f8g og paprika, aromatiske urter og eddike. Det er en meget popul\u00e6r oliven i barerne. Perfekt til at kombinere med en spansk vin eller et glas \u00f8l.<\/p>\n","protected":false},"featured_media":45098,"template":"","meta":{"_et_pb_use_builder":"","_et_pb_old_content":"","_et_gb_content_width":""},"product_brand":[1057],"product_cat":[1654,1647],"product_tag":[9338],"class_list":{"0":"post-45093","1":"product","2":"type-product","3":"status-publish","4":"has-post-thumbnail","6":"product_brand-la-encajera","7":"product_cat-oliven-da","8":"product_cat-pickles-da","9":"product_tag-machacamoya-da","11":"first","12":"outofstock","13":"taxable","14":"shipping-taxable","15":"product-type-variable"},"_links":{"self":[{"href":"https:\/\/myspainfood.com\/da\/wp-json\/wp\/v2\/product\/45093","targetHints":{"allow":["GET"]}}],"collection":[{"href":"https:\/\/myspainfood.com\/da\/wp-json\/wp\/v2\/product"}],"about":[{"href":"https:\/\/myspainfood.com\/da\/wp-json\/wp\/v2\/types\/product"}],"wp:featuredmedia":[{"embeddable":true,"href":"https:\/\/myspainfood.com\/da\/wp-json\/wp\/v2\/media\/45098"}],"wp:attachment":[{"href":"https:\/\/myspainfood.com\/da\/wp-json\/wp\/v2\/media?parent=45093"}],"wp:term":[{"taxonomy":"product_brand","embeddable":true,"href":"https:\/\/myspainfood.com\/da\/wp-json\/wp\/v2\/product_brand?post=45093"},{"taxonomy":"product_cat","embeddable":true,"href":"https:\/\/myspainfood.com\/da\/wp-json\/wp\/v2\/product_cat?post=45093"},{"taxonomy":"product_tag","embeddable":true,"href":"https:\/\/myspainfood.com\/da\/wp-json\/wp\/v2\/product_tag?post=45093"}],"curies":[{"name":"wp","href":"https:\/\/api.w.org\/{rel}","templated":true}]}}