{"id":45137,"date":"2025-04-10T12:05:33","date_gmt":"2025-04-10T10:05:33","guid":{"rendered":"https:\/\/myspainfood.com\/producto\/oliven-med-auberginesmag\/"},"modified":"2025-04-10T12:05:33","modified_gmt":"2025-04-10T10:05:33","slug":"oliven-med-auberginesmag","status":"publish","type":"product","link":"https:\/\/myspainfood.com\/da\/producto\/oliven-med-auberginesmag\/","title":{"rendered":"Oliven med auberginesmag"},"content":{"rendered":"<p>Eggplant Flavour Olive er meget mild i smagen, hvilket g\u00f8r den til en vovet <a href=\"https:\/\/www.laencajera.es\/aceitunas\" target=\"_blank\" rel=\"noopener noreferrer nofollow\">forret<\/a>, som altid er appetitlig.<\/p>\n<p>Og s\u00e5 er de et ideelt tilbeh\u00f8r til retter med ske. De kan ogs\u00e5 nydes med et glas vin. <\/p>\n<p>Ingredienser: Oliven, vand, peber, salt, eddike, naturlige krydderier (hvidl\u00f8g, spidskommen, paprika og olie), smagsforst\u00e6rker (E-631, E-627, E-621), syrningsmiddel (E-330), konserveringsmidler (E-270, E-202, E-211), antioxidant (E-330) og naturlige aromaer. Kan indeholde sulfitter. <\/p>\n<p>Opbevares k\u00f8ligt og t\u00f8rt, mellem 3\u00baC og 10\u00baC. Holdes v\u00e6k fra sollys og st\u00e6rke lugte. <\/p>\n<p>N\u00e5r oliven med auberginesmag er \u00e5bnet, skal den opbevares p\u00e5 k\u00f8l og forbruges inden for 30 dage.<\/p>\n<p>Hvis du vil k\u00f8be oliven eller andre typer <a href=\"https:\/\/latiendadesami.com\/categoria-producto\/encurtidos\/\" rel=\"noopener noreferrer nofollow\" target=\"_blank\">pickles<\/a>, s\u00e5 t\u00f8v ikke med at kigge i vores onlinekatalog for at se det store udvalg af <a href=\"https:\/\/latiendadesami.com\/categoria-producto\/encurtidos\/berenjenas\/\" target=\"_blank\" rel=\"noopener noreferrer nofollow\">auberginer<\/a>, vi har.<\/p>\n<p>M\u00e6rket er La Encajonera, en familievirksomhed, der blev grundlagt i 1990 og ligger i hjertet af La Mancha, i byen ALMAGRO i provinsen Ciudad Real.<\/p>\n<p>Fremstillingsprocessen for produkterne starter i det samme dyrkningsomr\u00e5de, hvor man udv\u00e6lger det bedste kvalitetsprodukt.<\/p>\n<p>Fabrikken er udstyret med den mest avancerede teknologi, samtidig med at den bevarer h\u00e5ndv\u00e6rkernes tradition og knowhow.<\/p>\n","protected":false},"excerpt":{"rendered":"<p>Eggplant Flavour Olive er meget mild i smagen, hvilket g\u00f8r den til en vovet forret, som altid er appetitlig. Og s\u00e5 er de et ideelt tilbeh\u00f8r til retter med ske. De kan ogs\u00e5 nydes med et glas vin. Ingredienser: Oliven, vand, peber, salt, eddike, naturlige krydderier (hvidl\u00f8g, spidskommen, paprika og olie), smagsforst\u00e6rker (E-631, E-627, E-621), [&hellip;]<\/p>\n","protected":false},"featured_media":45143,"template":"","meta":{"_et_pb_use_builder":"","_et_pb_old_content":"","_et_gb_content_width":""},"product_brand":[1057],"product_cat":[1654,1647],"product_tag":[2148],"class_list":{"0":"post-45137","1":"product","2":"type-product","3":"status-publish","4":"has-post-thumbnail","6":"product_brand-la-encajera","7":"product_cat-oliven-da","8":"product_cat-pickles-da","9":"product_tag-aubergine","11":"first","12":"outofstock","13":"taxable","14":"shipping-taxable","15":"product-type-variable"},"_links":{"self":[{"href":"https:\/\/myspainfood.com\/da\/wp-json\/wp\/v2\/product\/45137","targetHints":{"allow":["GET"]}}],"collection":[{"href":"https:\/\/myspainfood.com\/da\/wp-json\/wp\/v2\/product"}],"about":[{"href":"https:\/\/myspainfood.com\/da\/wp-json\/wp\/v2\/types\/product"}],"wp:featuredmedia":[{"embeddable":true,"href":"https:\/\/myspainfood.com\/da\/wp-json\/wp\/v2\/media\/45143"}],"wp:attachment":[{"href":"https:\/\/myspainfood.com\/da\/wp-json\/wp\/v2\/media?parent=45137"}],"wp:term":[{"taxonomy":"product_brand","embeddable":true,"href":"https:\/\/myspainfood.com\/da\/wp-json\/wp\/v2\/product_brand?post=45137"},{"taxonomy":"product_cat","embeddable":true,"href":"https:\/\/myspainfood.com\/da\/wp-json\/wp\/v2\/product_cat?post=45137"},{"taxonomy":"product_tag","embeddable":true,"href":"https:\/\/myspainfood.com\/da\/wp-json\/wp\/v2\/product_tag?post=45137"}],"curies":[{"name":"wp","href":"https:\/\/api.w.org\/{rel}","templated":true}]}}