{"id":46809,"date":"2025-04-10T12:06:14","date_gmt":"2025-04-10T10:06:14","guid":{"rendered":"https:\/\/myspainfood.com\/producto\/boqueron-picarpicar-200-gr\/"},"modified":"2026-01-29T11:56:50","modified_gmt":"2026-01-29T10:56:50","slug":"boqueron-picarpicar-200-gr","status":"publish","type":"product","link":"https:\/\/myspainfood.com\/da\/producto\/boqueron-picarpicar-200-gr\/","title":{"rendered":"Ansjos Picar&amp;Picar 260 gr"},"content":{"rendered":"<p>Boquer\u00f3n Picar&amp;Picar 200 g er ansjoser med hvidl\u00f8g og persille og kommer i en pakke med 200 g.<\/p>\n<p>Dette <a href=\"https:\/\/picaripicar.com\/presentacion\/\" target=\"_blank\" rel=\"noopener noreferrer nofollow\">produkt<\/a> er konserveret i solsikkeolie, eddike og hvidl\u00f8g.<\/p>\n<p>Bakken skal opbevares mellem 0 og 4\u00baC.<\/p>\n<p>Til tilberedningen bruger vi de rensede ansjosl\u00e5r, som oprindeligt har et brunligt k\u00f8d.<\/p>\n<p>De fremh\u00e6ver de s\u00f8lvfarvede reflekser i deres ydre hud og neds\u00e6nkes i en bakke (glas, aldrig metal, da det ville blive angrebet af eddikesyren i eddiken) med salt, vand og eddike i 3 timer i vand og ca. 6 timer i eddike p\u00e5 et k\u00f8ligt sted.<\/p>\n<p>Ansjosens l\u00e6nd, som tidligere var brun, bliver hvid, n\u00e5r eddiken begynder at virke.<\/p>\n<p>N\u00e5r v\u00e6sken er dr\u00e6net, pyntes den med masser af hakket hvidl\u00f8g, olivenolie og persille.<\/p>\n<p>Denne mad indtages normalt kold med en \u00f8l (vin anbefales ikke, da indtagelse af eddike interagerer d\u00e5rligt med vin).<\/p>\n<p>Det er en meget typisk aperitif i Spanien, is\u00e6r i de varmere m\u00e5neder.<\/p>\n<p>I Spanien er det typisk at se dem p\u00e5 bakker p\u00e5 disken i mange barer og restauranter.<\/p>\n<p>Portionen pyntes ofte med syltede agurker, kapers eller oliven og serveres med kartoffelchips p\u00e5 en stor tallerken.<\/p>\n<p>I Spanien s\u00e6lges dette produkt i store supermarkeder i plastikb\u00f8tter i forskellige st\u00f8rrelser, hvor der kun skal tils\u00e6ttes hvidl\u00f8g og persille.<\/p>\n<p>Hvis du \u00f8nsker at k\u00f8be Boquer\u00f3n Picar&amp;Picar 200 gr eller en hvilken som helst anden type <a href=\"https:\/\/latiendadesami.com\/categoria-producto\/frio\/\" rel=\"noopener noreferrer nofollow\" target=\"_blank\">kold mad<\/a>, s\u00e5 t\u00f8v ikke med at tage et kig p\u00e5 vores online katalog. Vi har den h\u00f8jeste kvalitet til den bedste pris.<\/p>\n<p>Skriv til os for at f\u00e5 flere oplysninger, eller hvis du har sp\u00f8rgsm\u00e5l om dette eller andre produkter.<\/p>\n","protected":false},"excerpt":{"rendered":"<p>Boquer\u00f3n Picar&amp;Picar 200 g er ansjoser med hvidl\u00f8g og persille og kommer i en pakke med 200 g. Dette produkt er konserveret i solsikkeolie, eddike og hvidl\u00f8g. Bakken skal opbevares mellem 0 og 4\u00baC. Til tilberedningen bruger vi de rensede ansjosl\u00e5r, som oprindeligt har et brunligt k\u00f8d. De fremh\u00e6ver de s\u00f8lvfarvede reflekser i deres ydre [&hellip;]<\/p>\n","protected":false},"featured_media":46815,"template":"","meta":{"_et_pb_use_builder":"","_et_pb_old_content":"","_et_gb_content_width":""},"product_brand":[1127],"product_cat":[1894,1860],"product_tag":[],"class_list":{"0":"post-46809","1":"product","2":"type-product","3":"status-publish","4":"has-post-thumbnail","6":"product_brand-picarpicar","7":"product_cat-ansjoser-da","8":"product_cat-koldt","9":"product_shipping_class-kold-forsendelse","11":"first","12":"instock","13":"taxable","14":"shipping-taxable","15":"product-type-variable"},"_links":{"self":[{"href":"https:\/\/myspainfood.com\/da\/wp-json\/wp\/v2\/product\/46809","targetHints":{"allow":["GET"]}}],"collection":[{"href":"https:\/\/myspainfood.com\/da\/wp-json\/wp\/v2\/product"}],"about":[{"href":"https:\/\/myspainfood.com\/da\/wp-json\/wp\/v2\/types\/product"}],"wp:featuredmedia":[{"embeddable":true,"href":"https:\/\/myspainfood.com\/da\/wp-json\/wp\/v2\/media\/46815"}],"wp:attachment":[{"href":"https:\/\/myspainfood.com\/da\/wp-json\/wp\/v2\/media?parent=46809"}],"wp:term":[{"taxonomy":"product_brand","embeddable":true,"href":"https:\/\/myspainfood.com\/da\/wp-json\/wp\/v2\/product_brand?post=46809"},{"taxonomy":"product_cat","embeddable":true,"href":"https:\/\/myspainfood.com\/da\/wp-json\/wp\/v2\/product_cat?post=46809"},{"taxonomy":"product_tag","embeddable":true,"href":"https:\/\/myspainfood.com\/da\/wp-json\/wp\/v2\/product_tag?post=46809"}],"curies":[{"name":"wp","href":"https:\/\/api.w.org\/{rel}","templated":true}]}}